{"id":10132,"date":"2021-09-07T07:03:47","date_gmt":"2021-09-07T07:03:47","guid":{"rendered":"http:\/\/13.40.31.108\/listfincen114-2\/"},"modified":"2025-01-12T13:26:19","modified_gmt":"2025-01-12T12:26:19","slug":"listfincen114","status":"publish","type":"page","link":"https:\/\/ustaxconsultants.es\/es\/listfincen114\/","title":{"rendered":"List of documentation. FinCEN 114"},"content":{"rendered":"<p>[et_pb_section fb_built=\u00bb1&#8243; admin_label=\u00bbHero\u00bb _builder_version=\u00bb4.19.4&#8243; background_enable_color=\u00bboff\u00bb background_image=\u00bb\/\/ustaxconsultants.es\/wp-content\/uploads\/2023\/02\/Imagen-Web-US-Tax-DESCARGA-DOCUMENTOS.png\u00bb custom_padding=\u00bb|||\u00bb da_disable_devices=\u00bboff|off|off\u00bb locked=\u00bboff\u00bb collapsed=\u00bboff\u00bb global_colors_info=\u00bb{}\u00bb da_is_popup=\u00bboff\u00bb da_exit_intent=\u00bboff\u00bb da_has_close=\u00bbon\u00bb da_alt_close=\u00bboff\u00bb da_dark_close=\u00bboff\u00bb da_not_modal=\u00bbon\u00bb da_is_singular=\u00bboff\u00bb da_with_loader=\u00bboff\u00bb da_has_shadow=\u00bbon\u00bb][et_pb_row _builder_version=\u00bb4.19.4&#8243; background_size=\u00bbinitial\u00bb background_position=\u00bbtop_left\u00bb background_repeat=\u00bbrepeat\u00bb custom_padding=\u00bb10%|0px|10%|0px|false|false\u00bb global_colors_info=\u00bb{}\u00bb][et_pb_column type=\u00bb4_4&#8243; _builder_version=\u00bb4.16&#8243; custom_padding=\u00bb|||\u00bb global_colors_info=\u00bb{}\u00bb custom_padding__hover=\u00bb|||\u00bb][et_pb_text _builder_version=\u00bb4.19.4&#8243; _module_preset=\u00bb201675aa-cb12-4d63-9b8f-0ed7621d7997&#8243; text_font_size=\u00bb20px\u00bb custom_margin_tablet=\u00bb|100px||\u00bb custom_margin_phone=\u00bb|30px||\u00bb custom_margin_last_edited=\u00bboff|desktop\u00bb global_colors_info=\u00bb{}\u00bb]<\/p>\n<h1>Lista de documentaci\u00f3n. <br \/>FinCEN 114<\/h1>\n<p>Que necesitamos para poder preparar tu declaraci\u00f3n de impuestos<\/p>\n<p>[\/et_pb_text][\/et_pb_column][\/et_pb_row][\/et_pb_section][et_pb_section fb_built=\u00bb1&#8243; _builder_version=\u00bb4.16&#8243; da_disable_devices=\u00bboff|off|off\u00bb locked=\u00bboff\u00bb global_colors_info=\u00bb{}\u00bb da_is_popup=\u00bboff\u00bb da_exit_intent=\u00bboff\u00bb da_has_close=\u00bbon\u00bb da_alt_close=\u00bboff\u00bb da_dark_close=\u00bboff\u00bb da_not_modal=\u00bbon\u00bb da_is_singular=\u00bboff\u00bb da_with_loader=\u00bboff\u00bb da_has_shadow=\u00bbon\u00bb][et_pb_row _builder_version=\u00bb4.19.4&#8243; background_size=\u00bbinitial\u00bb background_position=\u00bbtop_left\u00bb background_repeat=\u00bbrepeat\u00bb custom_padding=\u00bb27px|0px|27px|0px|false|false\u00bb global_colors_info=\u00bb{}\u00bb][et_pb_column type=\u00bb4_4&#8243; _builder_version=\u00bb4.16&#8243; custom_padding=\u00bb|||\u00bb global_colors_info=\u00bb{}\u00bb custom_padding__hover=\u00bb|||\u00bb][et_pb_text _builder_version=\u00bb4.24.3&#8243; text_font=\u00bb||||||||\u00bb text_font_size=\u00bb15px\u00bb text_line_height=\u00bb1.9em\u00bb header_font=\u00bb||||||||\u00bb header_2_font=\u00bb||||||||\u00bb header_2_font_size=\u00bb27px\u00bb text_orientation=\u00bbjustified\u00bb global_colors_info=\u00bb{}\u00bb]<\/p>\n<p><strong>Esta es la informaci\u00f3n b\u00e1sica que necesitamos para comenzar a preparar su FinCEN 114 (FBAR).<\/strong><\/p>\n<p>Aseg\u00farese de haber cargado toda la informaci\u00f3n que aparece en esta p\u00e1gina en <strong><a href=\"\/\/ustaxconsultants.es\/es\/area-de-clientes\/\">su \u00c1rea de Cliente<\/a><\/strong>. Por favor rellene el archivo Excel que hemos preparado y que tambi\u00e9n puede utilizar para el Formulario 8938, <strong><a href=\"\/\/ustaxconsultants.es\/wp-content\/uploads\/2025\/01\/FBAR-and-8938-Clients-data-2024.xlsx\" rel=\"attachment wp-att-12479\">FBAR and 8938 Clients data<\/a><\/strong><\/p>\n<p>En caso de que posea alg\u00fan otro tipo de activo financiero, no mencionado aqu\u00ed, o su situaci\u00f3n fiscal sea m\u00e1s complicada de lo normal, comun\u00edquese con nosotros. En caso de que necesite presentar m\u00e1s que el a\u00f1o pasado, cargue un archivo diferente para cada a\u00f1o. Por favor, si ya disponemos de la documentaci\u00f3n de esta lista de a\u00f1os anteriores, no la vuelva a subir. Gracias<\/p>\n<ol>\n<li>Nombre completo, fecha de nacimiento y SSN del contribuyente, c\u00f3nyuge e hijos o dependientes. <strong>Por favor, Copia en .pdf del pasaporte estadounidense y la tarjeta SSN<\/strong>.<\/li>\n<li>Direcci\u00f3n actual donde vive.<\/li>\n<li>DNI \/ NIE del contribuyente y c\u00f3nyuge.<\/li>\n<li>Rellena la <a href=\"\/\/ustaxconsultants.es\/wp-content\/uploads\/2023\/04\/FinCEN-Form-114-Auth.pdf\" rel=\"attachment wp-att-12482\"><strong>Autorizaci\u00f3n<\/strong><\/a> para poder presentar en tu nombre el FinCEN 114. <strong>NECESITAMOS<\/strong> recibir la autorizaci\u00f3n todos los a\u00f1os.<\/li>\n<li>Saldo m\u00e1ximo durante el a\u00f1o natural pasado de cada cuenta financiera que posea, comparte o tiene autoridad para firmar, incluso si los fondos no son suyos.<\/li>\n<li>Para cada cuenta financiera necesitamos:\n<ol>\n<li>Nombre del banco o instituci\u00f3n financiera.<\/li>\n<li>Direcci\u00f3n actual del banco o instituci\u00f3n financiera<\/li>\n<li>N\u00famero de cuenta o n\u00famero designado<\/li>\n<li>Saldo m\u00e1ximo durante el a\u00f1o<\/li>\n<li>El tipo de cuenta financiera (cuenta bancaria, dep\u00f3sito, valores, fondos de inversi\u00f3n, seguros de vida, bonos, letras del tesoro, deuda permanente, planes de pensiones, etc.)<\/li>\n<\/ol>\n<\/li>\n<li>En cuanto a la titularidad de la cuenta, debe indicarse si es suya solamente, la comparte o si tiene autoridad para firmar.<\/li>\n<li>Si necesita que lo presentemos por usted, h\u00e1ganoslo saber y, si lo presenta usted mismo, cargue una copia con el FBAR ya presentado.<\/li>\n<\/ol>\n<p>[\/et_pb_text][\/et_pb_column][\/et_pb_row][\/et_pb_section][et_pb_section fb_built=\u00bb1&#8243; admin_label=\u00bbSection\u00bb _builder_version=\u00bb4.19.1&#8243; _module_preset=\u00bbdefault\u00bb background_color=\u00bb#efedee\u00bb da_disable_devices=\u00bboff|off|off\u00bb global_colors_info=\u00bb{}\u00bb da_is_popup=\u00bboff\u00bb da_exit_intent=\u00bboff\u00bb da_has_close=\u00bbon\u00bb da_alt_close=\u00bboff\u00bb da_dark_close=\u00bboff\u00bb da_not_modal=\u00bbon\u00bb da_is_singular=\u00bboff\u00bb da_with_loader=\u00bboff\u00bb da_has_shadow=\u00bbon\u00bb][et_pb_row _builder_version=\u00bb4.19.1&#8243; _module_preset=\u00bbdefault\u00bb animation_style=\u00bbfade\u00bb global_colors_info=\u00bb{}\u00bb][et_pb_column type=\u00bb4_4&#8243; _builder_version=\u00bb4.19.1&#8243; _module_preset=\u00bbdefault\u00bb global_colors_info=\u00bb{}\u00bb][et_pb_menu menu_id=\u00bb6&#8243; active_link_color=\u00bb#2A2761&#8243; logo=\u00bb\/\/ustaxconsultants.es\/wp-content\/uploads\/2023\/01\/Logo-UTC.png\u00bb logo_width=\u00bb25%\u00bb _builder_version=\u00bb4.19.4&#8243; _module_preset=\u00bbdefault\u00bb menu_font=\u00bb|||on|||||\u00bb menu_text_color=\u00bb#2A2761&#8243; background_enable_color=\u00bboff\u00bb text_orientation=\u00bbright\u00bb global_colors_info=\u00bb{}\u00bb][\/et_pb_menu][\/et_pb_column][\/et_pb_row][et_pb_row column_structure=\u00bb1_2,1_2&#8243; make_equal=\u00bbon\u00bb _builder_version=\u00bb4.19.1&#8243; _module_preset=\u00bbdefault\u00bb animation_style=\u00bbfade\u00bb global_colors_info=\u00bb{}\u00bb][et_pb_column type=\u00bb1_2&#8243; _builder_version=\u00bb4.19.1&#8243; _module_preset=\u00bbdefault\u00bb global_colors_info=\u00bb{}\u00bb][et_pb_text _builder_version=\u00bb4.19.4&#8243; _module_preset=\u00bbdefault\u00bb text_text_color=\u00bb#707070&#8243; text_font_size=\u00bb17px\u00bb header_2_text_color=\u00bb#2A2761&#8243; header_2_font_size=\u00bb36px\u00bb animation_style=\u00bbfade\u00bb animation_delay=\u00bb100ms\u00bb global_colors_info=\u00bb{}\u00bb]<\/p>\n<h2>CONT\u00c1CTANOS<\/h2>\n<p>&nbsp;<\/p>\n<p>Estaremos encantados en atenderte. Ll\u00e1manos o env\u00eda un mensaje usando el formulario de contacto. Te responderemos a la mayor brevedad posible.<\/p>\n<p>[\/et_pb_text][et_pb_text disabled_on=\u00bbon|on|off\u00bb _builder_version=\u00bb4.19.4&#8243; _module_preset=\u00bbdefault\u00bb text_text_color=\u00bb#707070&#8243; position_origin_a=\u00bbbottom_left\u00bb position_origin_r=\u00bbbottom_left\u00bb width=\u00bb100%\u00bb animation_style=\u00bbfade\u00bb animation_delay=\u00bb200ms\u00bb global_colors_info=\u00bb{}\u00bb]<\/p>\n<p>info@ustaxconsultants.es<\/p>\n<p>+34 915 194 392<\/p>\n<p>Traves\u00eda de las Ca\u00f1as, 2 &#8211; 28043 Madrid, Spain<br \/>\u00a0 \u00a0 \u00a0 \u00a0 \u00a0 Lunes \u2013 Viernes: 9am&#8211;2pm, S\u00e1bado &amp; Domingo: Cerrado<\/p>\n<p>Naval Station Rota &#8211; Rota Gateway Mall &#8211; 11530 Rota, Spain<br \/>\u00a0 \u00a0 \u00a0 \u00a0 \u00a0 Lunes \u2013 Viernes: 11m&#8211;6pm, S\u00e1bado &amp; Domingo: Cerrado<\/p>\n<p>Sitio do Alportel 32A &#8211; Sao Bras de Alportel &#8211; Algarve 8150-014, Portugal<\/p>\n<p>[\/et_pb_text][et_pb_blurb title=\u00bbSuscr\u00edbete a nuestra Newsletter\u00bb image=\u00bb\/\/ustaxconsultants.es\/wp-content\/uploads\/2023\/01\/Slide-5-Icono-3.png\u00bb image_icon_width=\u00bb60%\u00bb icon_alignment=\u00bbleft\u00bb _builder_version=\u00bb4.19.4&#8243; _module_preset=\u00bbdefault\u00bb header_text_color=\u00bb#29245c\u00bb header_font_size=\u00bb21px\u00bb header_line_height=\u00bb1.2em\u00bb width=\u00bb34%\u00bb link_option_url=\u00bb\/\/ustaxconsultants.es\/es\/newsletters\/\u00bb global_colors_info=\u00bb{}\u00bb][\/et_pb_blurb][et_pb_menu menu_id=\u00bb55&#8243; _builder_version=\u00bb4.19.4&#8243; _module_preset=\u00bbdefault\u00bb background_enable_color=\u00bboff\u00bb positioning=\u00bbabsolute\u00bb position_origin_a=\u00bbbottom_left\u00bb width=\u00bb100%\u00bb global_colors_info=\u00bb{}\u00bb][\/et_pb_menu][\/et_pb_column][et_pb_column type=\u00bb1_2&#8243; _builder_version=\u00bb4.19.1&#8243; _module_preset=\u00bbdefault\u00bb global_colors_info=\u00bb{}\u00bb][et_pb_code _builder_version=\u00bb4.19.1&#8243; _module_preset=\u00bbdefault\u00bb global_colors_info=\u00bb{}\u00bb]<iframe src=\"https:\/\/www.google.com\/maps\/embed?pb=!1m18!1m12!1m3!1d3035.79751938099!2d-3.6625915846028247!3d40.45761827936043!2m3!1f0!2f0!3f0!3m2!1i1024!2i768!4f13.1!3m3!1m2!1s0xd422ed4fde07c27%3A0x5e736bb0ed5bc204!2sUS%20Tax%20Consultants!5e0!3m2!1sen!2sgr!4v1669199220742!5m2!1sen!2sgr\" width=\"600\" height=\"450\" style=\"border:0;\" allowfullscreen=\"\" loading=\"lazy\" referrerpolicy=\"no-referrer-when-downgrade\"><\/iframe>[\/et_pb_code][et_pb_button button_url=\u00bb\/\/ustaxconsultants.es\/es\/contact\/\u00bb button_text=\u00bbCont\u00e1ctanos\u00bb button_alignment=\u00bbright\u00bb _builder_version=\u00bb4.19.4&#8243; _module_preset=\u00bbdefault\u00bb custom_button=\u00bbon\u00bb button_text_color=\u00bb#FFFFFF\u00bb button_bg_color=\u00bb#bd1521&#8243; button_border_color=\u00bbRGBA(255,255,255,0)\u00bb button_font=\u00bb|600|||||||\u00bb button_on_hover=\u00bboff\u00bb positioning=\u00bbabsolute\u00bb position_origin_a=\u00bbbottom_right\u00bb custom_margin=\u00bb||||false|false\u00bb custom_padding=\u00bb9px|70px|9px|70px|true|true\u00bb animation_style=\u00bbslide\u00bb animation_direction=\u00bbtop\u00bb animation_delay=\u00bb200ms\u00bb animation_intensity_slide=\u00bb13%\u00bb global_colors_info=\u00bb{}\u00bb][\/et_pb_button][\/et_pb_column][\/et_pb_row][\/et_pb_section]<\/p>\n","protected":false},"excerpt":{"rendered":"<p>Lista de documentaci\u00f3n. FinCEN 114 Que necesitamos para poder preparar tu declaraci\u00f3n de impuestosEsta es la informaci\u00f3n b\u00e1sica que necesitamos para comenzar a preparar su FinCEN 114 (FBAR). Aseg\u00farese de haber cargado toda la informaci\u00f3n que aparece en esta p\u00e1gina en su \u00c1rea de Cliente. Por favor rellene el archivo Excel que hemos preparado y [&hellip;]<\/p>\n","protected":false},"author":4,"featured_media":0,"parent":0,"menu_order":0,"comment_status":"closed","ping_status":"closed","template":"","meta":{"_acf_changed":false,"_et_pb_use_builder":"on","_et_pb_old_content":"","_et_gb_content_width":"","_monsterinsights_skip_tracking":false,"_monsterinsights_sitenote_active":false,"_monsterinsights_sitenote_note":"","_monsterinsights_sitenote_category":0,"footnotes":"","_links_to":"","_links_to_target":""},"class_list":["post-10132","page","type-page","status-publish","hentry"],"acf":[],"_links":{"self":[{"href":"https:\/\/ustaxconsultants.es\/es\/wp-json\/wp\/v2\/pages\/10132","targetHints":{"allow":["GET"]}}],"collection":[{"href":"https:\/\/ustaxconsultants.es\/es\/wp-json\/wp\/v2\/pages"}],"about":[{"href":"https:\/\/ustaxconsultants.es\/es\/wp-json\/wp\/v2\/types\/page"}],"author":[{"embeddable":true,"href":"https:\/\/ustaxconsultants.es\/es\/wp-json\/wp\/v2\/users\/4"}],"replies":[{"embeddable":true,"href":"https:\/\/ustaxconsultants.es\/es\/wp-json\/wp\/v2\/comments?post=10132"}],"version-history":[{"count":0,"href":"https:\/\/ustaxconsultants.es\/es\/wp-json\/wp\/v2\/pages\/10132\/revisions"}],"wp:attachment":[{"href":"https:\/\/ustaxconsultants.es\/es\/wp-json\/wp\/v2\/media?parent=10132"}],"curies":[{"name":"wp","href":"https:\/\/api.w.org\/{rel}","templated":true}]}}