{"id":10362,"date":"2022-01-06T21:34:26","date_gmt":"2022-01-06T21:34:26","guid":{"rendered":"http:\/\/13.40.31.108\/?page_id=10362"},"modified":"2024-10-24T20:12:11","modified_gmt":"2024-10-24T18:12:11","slug":"list720","status":"publish","type":"page","link":"https:\/\/ustaxconsultants.es\/es\/list720\/","title":{"rendered":"Lista de documentaci\u00f3n. Modelo 720 y Modelo 721"},"content":{"rendered":"<p>[et_pb_section fb_built=\u00bb1&#8243; admin_label=\u00bbHero\u00bb _builder_version=\u00bb4.19.4&#8243; background_enable_color=\u00bboff\u00bb background_image=\u00bb\/\/ustaxconsultants.es\/wp-content\/uploads\/2023\/02\/Imagen-Web-US-Tax-DESCARGA-DOCUMENTOS.png\u00bb custom_padding=\u00bb|||\u00bb da_disable_devices=\u00bboff|off|off\u00bb locked=\u00bboff\u00bb collapsed=\u00bboff\u00bb global_colors_info=\u00bb{}\u00bb da_is_popup=\u00bboff\u00bb da_exit_intent=\u00bboff\u00bb da_has_close=\u00bbon\u00bb da_alt_close=\u00bboff\u00bb da_dark_close=\u00bboff\u00bb da_not_modal=\u00bbon\u00bb da_is_singular=\u00bboff\u00bb da_with_loader=\u00bboff\u00bb da_has_shadow=\u00bbon\u00bb][et_pb_row _builder_version=\u00bb4.19.4&#8243; background_size=\u00bbinitial\u00bb background_position=\u00bbtop_left\u00bb background_repeat=\u00bbrepeat\u00bb custom_padding=\u00bb10%|0px|10%|0px|true|false\u00bb global_colors_info=\u00bb{}\u00bb][et_pb_column type=\u00bb4_4&#8243; _builder_version=\u00bb4.16&#8243; custom_padding=\u00bb|||\u00bb global_colors_info=\u00bb{}\u00bb custom_padding__hover=\u00bb|||\u00bb][et_pb_text _builder_version=\u00bb4.24.3&#8243; _module_preset=\u00bb201675aa-cb12-4d63-9b8f-0ed7621d7997&#8243; text_font_size=\u00bb20px\u00bb custom_margin_tablet=\u00bb|100px||\u00bb custom_margin_phone=\u00bb|30px||\u00bb custom_margin_last_edited=\u00bboff|desktop\u00bb hover_enabled=\u00bb0&#8243; header_font_size_tablet=\u00bb\u00bb header_font_size_phone=\u00bb\u00bb header_font_size_last_edited=\u00bbon|desktop\u00bb global_colors_info=\u00bb{}\u00bb sticky_enabled=\u00bb0&#8243;]<\/p>\n<h1>Lista de documentaci\u00f3n. Modelo 720 y Modelo 721<\/h1>\n<p>Que necesitamos para poder preparar tu modelo 720 y\/o t\u00fa Modelo 721.<\/p>\n<p>[\/et_pb_text][\/et_pb_column][\/et_pb_row][\/et_pb_section][et_pb_section fb_built=\u00bb1&#8243; _builder_version=\u00bb4.16&#8243; da_disable_devices=\u00bboff|off|off\u00bb locked=\u00bboff\u00bb global_colors_info=\u00bb{}\u00bb da_is_popup=\u00bboff\u00bb da_exit_intent=\u00bboff\u00bb da_has_close=\u00bbon\u00bb da_alt_close=\u00bboff\u00bb da_dark_close=\u00bboff\u00bb da_not_modal=\u00bbon\u00bb da_is_singular=\u00bboff\u00bb da_with_loader=\u00bboff\u00bb da_has_shadow=\u00bbon\u00bb][et_pb_row _builder_version=\u00bb4.19.4&#8243; background_size=\u00bbinitial\u00bb background_position=\u00bbtop_left\u00bb background_repeat=\u00bbrepeat\u00bb custom_padding=\u00bb27px|0px|27px|0px|false|false\u00bb global_colors_info=\u00bb{}\u00bb][et_pb_column type=\u00bb4_4&#8243; _builder_version=\u00bb4.16&#8243; custom_padding=\u00bb|||\u00bb global_colors_info=\u00bb{}\u00bb custom_padding__hover=\u00bb|||\u00bb][et_pb_text _builder_version=\u00bb4.24.3&#8243; text_font=\u00bb||||||||\u00bb text_font_size=\u00bb15px\u00bb text_line_height=\u00bb1.9em\u00bb header_font=\u00bb||||||||\u00bb header_2_font=\u00bb||||||||\u00bb header_2_font_size=\u00bb27px\u00bb text_orientation=\u00bbjustified\u00bb hover_enabled=\u00bb0&#8243; global_colors_info=\u00bb{}\u00bb sticky_enabled=\u00bb0&#8243;]<\/p>\n<p><strong>Esta es la informaci\u00f3n b\u00e1sica que necesitamos para comenzar a preparar bien su Modelo 720. (Modelo 721 al final de esta p\u00e1gina)<\/strong><\/p>\n<p>Es una declaraci\u00f3n informativa, NO IMPOSITIVA, de los activos que poseen todos los residentes en Espa\u00f1a, en el extranjero y que superen los 50.000\u20ac en alguno de los tres bloques, en la primera declaraci\u00f3n; que hayan tenido incrementado el valor del bloque en 20.000\u20ac en declaraciones posteriores; o que hayan cerrado alguno de los activos ya declarados en ocasiones anteriores.<\/p>\n<p>Aseg\u00farese de haber cargado toda la informaci\u00f3n que aparece en esta p\u00e1gina en su <strong><a href=\"\/\/ustaxconsultants.es\/es\/area-de-clientes\/\">\u00c1rea de Cliente<\/a><\/strong>. Por favor, rellene el archivo Excel \u201cModelo 720 Client\u2019s data 2024\u201d que hemos preparado y que puede bajarse de nuestra web <strong><a href=\"\/\/ustaxconsultants.es\/wp-content\/uploads\/2024\/01\/Modelo-720-Clients-data-2023.xlsx\">Modelo 720 Client\u2019s data 2024<\/a>. <\/strong>Por favor, si ya disponemos de la documentaci\u00f3n de esta lista de a\u00f1os anteriores, no la vuelva a subir. Gracias.<\/p>\n<ol>\n<li>Nombre completo y fecha de nacimiento, del contribuyente y c\u00f3nyuge.\u00a0Copia en pdf del DNI \/ NIE no caducado.<\/li>\n<li>Copia del \u00faltimo 720 presentado, en pdf.<\/li>\n<li>Copia del \u201cModelo 720 Client\u2019s data 2024.xls\u201d o en su defecto un documento que contenga la informaci\u00f3n siguiente, de los tres bloques:\n<ul>\n<li>Bloque 1: Se deben declarar todas las cuentas bancarias abiertas en el extranjero, con los siguientes datos:\n<ol>\n<li>Nombre completo de la entidad\/banco.<\/li>\n<li>Direcci\u00f3n de la entidad \u2013 domicilio, poblaci\u00f3n, provincia, c\u00f3digo postal y pa\u00eds.<\/li>\n<li>Tipo de cuenta: corriente, ahorro, dep\u00f3sito, etc..<\/li>\n<li>N\u00famero de la cuenta.<\/li>\n<li>BIC o SWIFT del banco.<\/li>\n<li>N\u00famero de identificaci\u00f3n fiscal del banco.<\/li>\n<li>Nombre completo y NIF\/NIE del titular o titulares, % de la titularidad.<\/li>\n<li>Fecha de apertura de la cuenta y en su caso, fecha de clausura de la misma.<\/li>\n<li>Saldo a fecha 31 de diciembre y saldo medio del 4\u00ba trimestre.<\/li>\n<\/ol>\n<\/li>\n<\/ul>\n<\/li>\n<\/ol>\n<ol>\n<li style=\"list-style-type: none;\">\n<ul>\n<li>Bloque 2: Se deben declarar todas las acciones, bonos, share capital, mutual funds, equity funds of collective investments, trust, seguros de vida, pensiones, anualidades, etc:\n<ol>\n<li>Nombre completo de la entidad<\/li>\n<li>Direcci\u00f3n de la entidad \u2013 domicilio, poblaci\u00f3n, provincia, c\u00f3digo postal y pa\u00eds.<\/li>\n<li>Cantidad de acciones, bonos, etc.<\/li>\n<li>N\u00famero ISIN.<\/li>\n<li>N\u00famero de identificaci\u00f3n fiscal de la entidad.<\/li>\n<li>Nombre completo y NIF\/NIE del titular o titulares, % de la titularidad.<\/li>\n<li>Fecha de compra y en su caso, fecha de venta de los activos.<\/li>\n<li>Valor al 31 de diciembre o en la fecha de venta.<\/li>\n<\/ol>\n<\/li>\n<\/ul>\n<\/li>\n<\/ol>\n<ul>\n<li style=\"list-style-type: none;\">\n<ul>\n<li>Bloque 3: Se deben declarar todas las propiedades inmobiliarias, situadas en el extranjero:\n<ol>\n<li>Direcci\u00f3n completa de la propiedad.<\/li>\n<li>Tipo de propiedad, urbana, rural<\/li>\n<li>% de la titularidad\/propiedad<\/li>\n<li>Nombre completo y NIF\/NIE del titular o titulares, % de la titularidad.<\/li>\n<li>Valor al 31 de diciembre o valor de adquisici\u00f3n y en el caso de su venta.<\/li>\n<li>Fecha de adquisici\u00f3n y fecha de venta en su caso.<\/li>\n<\/ol>\n<\/li>\n<\/ul>\n<\/li>\n<\/ul>\n<p><strong>Esta es la informaci\u00f3n b\u00e1sica que necesitamos para comenzar a preparar bien su Modelo 721.<\/strong><\/p>\n<p>Es una declaraci\u00f3n informativa, NO IMPOSITIVA, de las cripto monedas que poseen en el extranjero todos los residentes en Espa\u00f1a, y que superen los 50.000\u20ac a fecha 31 de Diciembre, en el caso de ser la primera vez que se declara este modelo; En el caso en que se hay presentado con anterioridad el modelo 721, se deber\u00e1 volver a presentar siempre que, por un lado, \u00a0el valor de la cartera de cripto monedas en el extranjero haya aumentado en 20.000\u20ac o m\u00e1s respecto del que determin\u00f3 la presentaci\u00f3n de la \u00faltima declaraci\u00f3n y, por otro lado, en caso de la cancelaci\u00f3n de la titularidad de una moneda virtual adquirida en un ejercicio anterior y declarada en el modelo 721, que es vendida durante alg\u00fan ejercicio posterior, ya que respecto de la misma ha existido una obligaci\u00f3n de declarar previa.<\/p>\n<p>Aseg\u00farese de haber cargado toda la informaci\u00f3n que aparece en esta p\u00e1gina en su\u00a0<a href=\"\/\/ustaxconsultants.es\/es\/area-de-clientes\/\"><strong>\u00c1rea de Cliente<\/strong><\/a>. Por favor, rellene el archivo Excel \u201cModelo 721 Client\u2019s data 2024\u201d que hemos preparado y que puede bajarse de nuestra web\u00a0<strong><a href=\"\/\/ustaxconsultants.es\/wp-content\/uploads\/2024\/10\/Modelo-721-Clients-data-2024-v1.xlsx\" rel=\"attachment wp-att-14444\">Modelo 721 Clients data 2024<\/a><\/strong><strong>.\u00a0<\/strong>Por favor, si ya disponemos de la documentaci\u00f3n de esta lista de a\u00f1os anteriores, no la vuelva a subir. Gracias.<\/p>\n<ol>\n<li>Nombre completo y fecha de nacimiento, del contribuyente y c\u00f3nyuge.\u00a0Copia en pdf del DNI \/ NIE no caducado.<\/li>\n<li>Copia del \u00faltimo 721 presentado en pdf, en caso de que se haya presentado con anterioridad.<\/li>\n<li>Copia del \u201cModelo 721 Client\u2019s data 2024.\u201d o en su defecto un documento que contenga la informaci\u00f3n siguiente:<\/li>\n<\/ol>\n<ul>\n<li>El nombre y apellidos o la raz\u00f3n social o denominaci\u00f3n completa y, en su caso, n\u00famero de identificaci\u00f3n fiscal del pa\u00eds de residencia fiscal de la persona o entidad que proporciona servicios para salvaguardar las claves criptogr\u00e1ficas privadas en nombre de terceros, para mantener, almacenar y transferir las monedas virtuales, as\u00ed como su domicilio o direcci\u00f3n de su sitio web.<\/li>\n<li>La identificaci\u00f3n completa de cada tipo de moneda virtual.<\/li>\n<li>Los saldos de cada tipo de moneda virtual a 31 de diciembre expresados en unidades de moneda virtual y su valoraci\u00f3n en euros.<\/li>\n<\/ul>\n<p>Si la condici\u00f3n de obligado a declarar se hubiera extinguido antes del 31 de diciembre, la informaci\u00f3n a suministrar ser\u00e1 la correspondiente a la fecha en la que dicha extinci\u00f3n se produjo.<\/p>\n<p>[\/et_pb_text][\/et_pb_column][\/et_pb_row][\/et_pb_section][et_pb_section fb_built=\u00bb1&#8243; admin_label=\u00bbSection\u00bb _builder_version=\u00bb4.19.1&#8243; _module_preset=\u00bbdefault\u00bb background_color=\u00bb#efedee\u00bb da_disable_devices=\u00bboff|off|off\u00bb global_colors_info=\u00bb{}\u00bb da_is_popup=\u00bboff\u00bb da_exit_intent=\u00bboff\u00bb da_has_close=\u00bbon\u00bb da_alt_close=\u00bboff\u00bb da_dark_close=\u00bboff\u00bb da_not_modal=\u00bbon\u00bb da_is_singular=\u00bboff\u00bb da_with_loader=\u00bboff\u00bb da_has_shadow=\u00bbon\u00bb][et_pb_row _builder_version=\u00bb4.19.1&#8243; _module_preset=\u00bbdefault\u00bb animation_style=\u00bbfade\u00bb global_colors_info=\u00bb{}\u00bb][et_pb_column type=\u00bb4_4&#8243; _builder_version=\u00bb4.19.1&#8243; _module_preset=\u00bbdefault\u00bb global_colors_info=\u00bb{}\u00bb][et_pb_menu menu_id=\u00bb6&#8243; active_link_color=\u00bb#2A2761&#8243; logo=\u00bb\/\/ustaxconsultants.es\/wp-content\/uploads\/2023\/01\/Logo-UTC.png\u00bb logo_width=\u00bb25%\u00bb _builder_version=\u00bb4.19.4&#8243; _module_preset=\u00bbdefault\u00bb menu_font=\u00bb|||on|||||\u00bb menu_text_color=\u00bb#2A2761&#8243; background_enable_color=\u00bboff\u00bb text_orientation=\u00bbright\u00bb global_colors_info=\u00bb{}\u00bb][\/et_pb_menu][\/et_pb_column][\/et_pb_row][et_pb_row column_structure=\u00bb1_2,1_2&#8243; make_equal=\u00bbon\u00bb _builder_version=\u00bb4.19.1&#8243; _module_preset=\u00bbdefault\u00bb animation_style=\u00bbfade\u00bb global_colors_info=\u00bb{}\u00bb][et_pb_column type=\u00bb1_2&#8243; _builder_version=\u00bb4.19.1&#8243; _module_preset=\u00bbdefault\u00bb global_colors_info=\u00bb{}\u00bb][et_pb_text _builder_version=\u00bb4.19.4&#8243; _module_preset=\u00bbdefault\u00bb text_text_color=\u00bb#707070&#8243; text_font_size=\u00bb17px\u00bb header_2_text_color=\u00bb#2A2761&#8243; header_2_font_size=\u00bb36px\u00bb animation_style=\u00bbfade\u00bb animation_delay=\u00bb100ms\u00bb global_colors_info=\u00bb{}\u00bb]<\/p>\n<h2>CONT\u00c1CTANOS<\/h2>\n<p>&nbsp;<\/p>\n<p>Estaremos encantados en atenderte. Ll\u00e1manos o env\u00eda un mensaje usando el formulario de contacto. Te responderemos a la mayor brevedad posible.<\/p>\n<p>[\/et_pb_text][et_pb_text disabled_on=\u00bbon|on|off\u00bb _builder_version=\u00bb4.19.4&#8243; _module_preset=\u00bbdefault\u00bb text_text_color=\u00bb#707070&#8243; position_origin_a=\u00bbbottom_left\u00bb position_origin_r=\u00bbbottom_left\u00bb width=\u00bb100%\u00bb animation_style=\u00bbfade\u00bb animation_delay=\u00bb200ms\u00bb global_colors_info=\u00bb{}\u00bb]<\/p>\n<p>info@ustaxconsultants.es<\/p>\n<p>+34 915 194 392<\/p>\n<p>Traves\u00eda de las Ca\u00f1as, 2 &#8211; 28043 Madrid, Spain<br \/>&#160;&#160;&#160;&#160;&#160;Lunes \u2013 Viernes: 9am&#8211;2pm, S\u00e1bado &amp; Domingo: Cerrado<\/p>\n<p>Naval Station Rota &#8211; Rota Gateway Mall &#8211; 11530 Rota, Spain<br \/>&#160;&#160;&#160;&#160;&#160;Lunes \u2013 Viernes: 11m&#8211;6pm, S\u00e1bado &amp; Domingo: Cerrado<\/p>\n<p>Sitio do Alportel 32A &#8211; Sao Bras de Alportel &#8211; Algarve 8150-014, Portugal<\/p>\n<p>[\/et_pb_text][et_pb_blurb title=\u00bbSuscr\u00edbete a nuestra Newsletter\u00bb image=\u00bb\/\/ustaxconsultants.es\/wp-content\/uploads\/2023\/01\/Slide-5-Icono-3.png\u00bb image_icon_width=\u00bb60%\u00bb icon_alignment=\u00bbleft\u00bb _builder_version=\u00bb4.19.4&#8243; _module_preset=\u00bbdefault\u00bb header_text_color=\u00bb#29245c\u00bb header_font_size=\u00bb21px\u00bb header_line_height=\u00bb1.2em\u00bb width=\u00bb34%\u00bb link_option_url=\u00bb\/\/ustaxconsultants.es\/es\/newsletters\/\u00bb global_colors_info=\u00bb{}\u00bb][\/et_pb_blurb][et_pb_menu menu_id=\u00bb55&#8243; _builder_version=\u00bb4.19.4&#8243; _module_preset=\u00bbdefault\u00bb background_enable_color=\u00bboff\u00bb positioning=\u00bbabsolute\u00bb position_origin_a=\u00bbbottom_left\u00bb width=\u00bb100%\u00bb global_colors_info=\u00bb{}\u00bb][\/et_pb_menu][\/et_pb_column][et_pb_column type=\u00bb1_2&#8243; _builder_version=\u00bb4.19.1&#8243; _module_preset=\u00bbdefault\u00bb global_colors_info=\u00bb{}\u00bb][et_pb_code _builder_version=\u00bb4.19.1&#8243; _module_preset=\u00bbdefault\u00bb global_colors_info=\u00bb{}\u00bb]<iframe src=\"https:\/\/www.google.com\/maps\/embed?pb=!1m18!1m12!1m3!1d3035.79751938099!2d-3.6625915846028247!3d40.45761827936043!2m3!1f0!2f0!3f0!3m2!1i1024!2i768!4f13.1!3m3!1m2!1s0xd422ed4fde07c27%3A0x5e736bb0ed5bc204!2sUS%20Tax%20Consultants!5e0!3m2!1sen!2sgr!4v1669199220742!5m2!1sen!2sgr\" width=\"600\" height=\"450\" style=\"border:0;\" allowfullscreen=\"\" loading=\"lazy\" referrerpolicy=\"no-referrer-when-downgrade\"><\/iframe>[\/et_pb_code][et_pb_button button_url=\u00bb\/\/ustaxconsultants.es\/es\/contact\/\u00bb button_text=\u00bbCont\u00e1ctanos\u00bb button_alignment=\u00bbright\u00bb _builder_version=\u00bb4.19.4&#8243; _module_preset=\u00bbdefault\u00bb custom_button=\u00bbon\u00bb button_text_color=\u00bb#FFFFFF\u00bb button_bg_color=\u00bb#bd1521&#8243; button_border_color=\u00bbRGBA(255,255,255,0)\u00bb button_font=\u00bb|600|||||||\u00bb button_on_hover=\u00bboff\u00bb positioning=\u00bbabsolute\u00bb position_origin_a=\u00bbbottom_right\u00bb custom_margin=\u00bb||||false|false\u00bb custom_padding=\u00bb9px|70px|9px|70px|true|true\u00bb animation_style=\u00bbslide\u00bb animation_direction=\u00bbtop\u00bb animation_delay=\u00bb200ms\u00bb animation_intensity_slide=\u00bb13%\u00bb global_colors_info=\u00bb{}\u00bb][\/et_pb_button][\/et_pb_column][\/et_pb_row][\/et_pb_section]<\/p>\n","protected":false},"excerpt":{"rendered":"<p>Lista de documentaci\u00f3n. Modelo 720 y Modelo 721 Que necesitamos para poder preparar tu modelo 720 y\/o t\u00fa Modelo 721.Esta es la informaci\u00f3n b\u00e1sica que necesitamos para comenzar a preparar bien su Modelo 720. (Modelo 721 al final de esta p\u00e1gina) Es una declaraci\u00f3n informativa, NO IMPOSITIVA, de los activos que poseen todos los residentes [&hellip;]<\/p>\n","protected":false},"author":4,"featured_media":0,"parent":0,"menu_order":0,"comment_status":"closed","ping_status":"closed","template":"","meta":{"_acf_changed":false,"_et_pb_use_builder":"on","_et_pb_old_content":"","_et_gb_content_width":"","_monsterinsights_skip_tracking":false,"_monsterinsights_sitenote_active":false,"_monsterinsights_sitenote_note":"","_monsterinsights_sitenote_category":0,"footnotes":"","_links_to":"","_links_to_target":""},"class_list":["post-10362","page","type-page","status-publish","hentry"],"acf":[],"_links":{"self":[{"href":"https:\/\/ustaxconsultants.es\/es\/wp-json\/wp\/v2\/pages\/10362","targetHints":{"allow":["GET"]}}],"collection":[{"href":"https:\/\/ustaxconsultants.es\/es\/wp-json\/wp\/v2\/pages"}],"about":[{"href":"https:\/\/ustaxconsultants.es\/es\/wp-json\/wp\/v2\/types\/page"}],"author":[{"embeddable":true,"href":"https:\/\/ustaxconsultants.es\/es\/wp-json\/wp\/v2\/users\/4"}],"replies":[{"embeddable":true,"href":"https:\/\/ustaxconsultants.es\/es\/wp-json\/wp\/v2\/comments?post=10362"}],"version-history":[{"count":0,"href":"https:\/\/ustaxconsultants.es\/es\/wp-json\/wp\/v2\/pages\/10362\/revisions"}],"wp:attachment":[{"href":"https:\/\/ustaxconsultants.es\/es\/wp-json\/wp\/v2\/media?parent=10362"}],"curies":[{"name":"wp","href":"https:\/\/api.w.org\/{rel}","templated":true}]}}