{"id":11510,"date":"2023-01-14T01:05:06","date_gmt":"2023-01-14T01:05:06","guid":{"rendered":"http:\/\/13.40.31.108\/otros-servicios\/"},"modified":"2023-01-14T01:05:08","modified_gmt":"2023-01-14T01:05:08","slug":"otros-servicios","status":"publish","type":"page","link":"https:\/\/ustaxconsultants.es\/es\/otros-servicios\/","title":{"rendered":"Otros Servicios"},"content":{"rendered":"<p>[et_pb_section fb_built=\u00bb1&#8243; _builder_version=\u00bb4.19.4&#8243; _module_preset=\u00bbdefault\u00bb background_image=\u00bb\/\/ustaxconsultants.es\/wp-content\/uploads\/2023\/01\/Other-Services.png\u00bb background_position=\u00bbtop_center\u00bb min_height=\u00bb60vh\u00bb da_disable_devices=\u00bboff|off|off\u00bb global_colors_info=\u00bb{}\u00bb theme_builder_area=\u00bbpost_content\u00bb da_is_popup=\u00bboff\u00bb da_exit_intent=\u00bboff\u00bb da_has_close=\u00bbon\u00bb da_alt_close=\u00bboff\u00bb da_dark_close=\u00bboff\u00bb da_not_modal=\u00bbon\u00bb da_is_singular=\u00bboff\u00bb da_with_loader=\u00bboff\u00bb da_has_shadow=\u00bbon\u00bb][et_pb_row _builder_version=\u00bb4.19.4&#8243; _module_preset=\u00bbdefault\u00bb global_colors_info=\u00bb{}\u00bb theme_builder_area=\u00bbpost_content\u00bb][et_pb_column type=\u00bb4_4&#8243; _builder_version=\u00bb4.19.4&#8243; _module_preset=\u00bbdefault\u00bb global_colors_info=\u00bb{}\u00bb theme_builder_area=\u00bbpost_content\u00bb][et_pb_text _builder_version=\u00bb4.19.4&#8243; _module_preset=\u00bbdefault\u00bb text_font=\u00bb||||||||\u00bb text_text_color=\u00bb#2A2761&#8243; header_font=\u00bb||||||||\u00bb header_text_color=\u00bb#2A2761&#8243; header_line_height=\u00bb1.5em\u00bb header_2_font=\u00bb||||||||\u00bb custom_padding=\u00bb10%||10%||true|false\u00bb global_colors_info=\u00bb{}\u00bb theme_builder_area=\u00bbpost_content\u00bb]<\/p>\n<h1>OTROS SERVICIOS<\/h1>\n<p>[\/et_pb_text][\/et_pb_column][\/et_pb_row][\/et_pb_section][et_pb_section fb_built=\u00bb1&#8243; _builder_version=\u00bb4.19.4&#8243; _module_preset=\u00bbdefault\u00bb da_disable_devices=\u00bboff|off|off\u00bb global_colors_info=\u00bb{}\u00bb theme_builder_area=\u00bbpost_content\u00bb da_is_popup=\u00bboff\u00bb da_exit_intent=\u00bboff\u00bb da_has_close=\u00bbon\u00bb da_alt_close=\u00bboff\u00bb da_dark_close=\u00bboff\u00bb da_not_modal=\u00bbon\u00bb da_is_singular=\u00bboff\u00bb da_with_loader=\u00bboff\u00bb da_has_shadow=\u00bbon\u00bb][et_pb_row _builder_version=\u00bb4.19.4&#8243; _module_preset=\u00bbdefault\u00bb global_colors_info=\u00bb{}\u00bb theme_builder_area=\u00bbpost_content\u00bb][et_pb_column type=\u00bb4_4&#8243; _builder_version=\u00bb4.19.4&#8243; _module_preset=\u00bbdefault\u00bb global_colors_info=\u00bb{}\u00bb theme_builder_area=\u00bbpost_content\u00bb][et_pb_text _builder_version=\u00bb4.19.4&#8243; _module_preset=\u00bbdefault\u00bb header_2_text_color=\u00bb#2A2761&#8243; global_colors_info=\u00bb{}\u00bb theme_builder_area=\u00bbpost_content\u00bb]<\/p>\n<h2><b>Otros Servicios<\/b><\/h2>\n<p>Nuestro equipo est\u00e1 altamente calificado para brindar soluciones en todo tipo de impuestos y servicios fiscales, tanto a personas f\u00edsicas como jur\u00eddicas.<\/p>\n<p>Existen otros servicios fiscales con menor demanda para los que podemos brindar soluciones f\u00e1ciles y r\u00e1pidas: estos son los casos del Formulario 706NA United States Estate (y Generation-Skipping Transfer) o el Impuesto sobre Donaciones en EE. UU. o en el caso de Espa\u00f1a el Impuesto sobre Transmisiones Patrimoniales tanto para el impuesto sobre sucesiones como para el impuesto sobre donaciones.<\/p>\n<p>Tambi\u00e9n podemos prestar servicios de asesoramiento y preparaci\u00f3n en el impuesto sobre el patrimonio espa\u00f1ol y el nuevo impuesto solidario 2022 que se aplicar\u00e1 a todos los residentes en Espa\u00f1a durante los dos pr\u00f3ximos a\u00f1os, por lo menos.<\/p>\n<p>Podemos preparar los impuestos de sociedades para LLC en cualquiera de las opciones seg\u00fan el deseo de los clientes: propiedad \u00fanica, sociedades S-Corp o C-Corp.<\/p>\n<p>Estamos desarrollando una Red de Cooperaci\u00f3n Europea para la preparaci\u00f3n de impuestos con nuestros mismos principios de atenci\u00f3n y trato directo personalizado con nuestros clientes, tenemos nuestras ra\u00edces en el pa\u00eds de residencia, hablamos el idioma pudiendo aportar la experiencia y punto de vista de la legislaci\u00f3n de ambos pa\u00edses: los EE.UU. y el pa\u00eds de residencia, y en ambas legislaciones fiscales a la vez. En estos momentos nos hemos asociado con organizaciones en Portugal, Alemania e Italia.<\/p>\n<p>Nuestra red incluye auditores, expertos en finanzas, abogados, asesores fiscales y expertos en impuestos, de las diferentes organizaciones independientes, todos trabajando de forma conjunta.<\/p>\n<p>Adem\u00e1s de la Red de Cooperaci\u00f3n Europea, tambi\u00e9n trabajamos con \u00abTax Economistas y Abogados\u00bb con los que colaboramos diariamente ofreciendo a todos sus socios nuestra consulta fiscal gratuita sobre la fiscalidad de EE. UU. y ofreci\u00e9ndoles nuestros servicios de preparaci\u00f3n de impuestos. Nos ayudan directamente con nuestros clientes que dependen de determinadas Comunidades Aut\u00f3nomas fiscales en Espa\u00f1a.<\/p>\n<p>Si necesita alg\u00fan otro servicio fiscal no descrito en esta web, por favor, no dude en ponerse en contacto con nosotros.<\/p>\n<p>[\/et_pb_text][\/et_pb_column][\/et_pb_row][\/et_pb_section][et_pb_section fb_built=\u00bb1&#8243; _builder_version=\u00bb4.19.4&#8243; _module_preset=\u00bbdefault\u00bb da_disable_devices=\u00bboff|off|off\u00bb global_colors_info=\u00bb{}\u00bb theme_builder_area=\u00bbpost_content\u00bb da_is_popup=\u00bboff\u00bb da_exit_intent=\u00bboff\u00bb da_has_close=\u00bbon\u00bb da_alt_close=\u00bboff\u00bb da_dark_close=\u00bboff\u00bb da_not_modal=\u00bbon\u00bb da_is_singular=\u00bboff\u00bb da_with_loader=\u00bboff\u00bb da_has_shadow=\u00bbon\u00bb][et_pb_row _builder_version=\u00bb4.19.4&#8243; _module_preset=\u00bbdefault\u00bb global_colors_info=\u00bb{}\u00bb theme_builder_area=\u00bbpost_content\u00bb][et_pb_column type=\u00bb4_4&#8243; _builder_version=\u00bb4.19.4&#8243; _module_preset=\u00bbdefault\u00bb global_colors_info=\u00bb{}\u00bb theme_builder_area=\u00bbpost_content\u00bb][et_pb_button button_url=\u00bbhttps:\/\/outlook.office365.com\/owa\/calendar\/USTaxConsultants1@ustaxconsultants.net\/bookings\/\u00bb button_text=\u00bbBook your free consultation\u00bb _builder_version=\u00bb4.19.4&#8243; _module_preset=\u00bbdefault\u00bb custom_button=\u00bbon\u00bb button_text_color=\u00bb#FFFFFF\u00bb button_bg_color=\u00bb#BD1521&#8243; button_font=\u00bb|600||on|||||\u00bb global_colors_info=\u00bb{}\u00bb theme_builder_area=\u00bbpost_content\u00bb][\/et_pb_button][\/et_pb_column][\/et_pb_row][\/et_pb_section]<\/p>\n","protected":false},"excerpt":{"rendered":"<p>OTROS SERVICIOSOtros Servicios Nuestro equipo est\u00e1 altamente calificado para brindar soluciones en todo tipo de impuestos y servicios fiscales, tanto a personas f\u00edsicas como jur\u00eddicas. Existen otros servicios fiscales con menor demanda para los que podemos brindar soluciones f\u00e1ciles y r\u00e1pidas: estos son los casos del Formulario 706NA United States Estate (y Generation-Skipping Transfer) o [&hellip;]<\/p>\n","protected":false},"author":6,"featured_media":0,"parent":0,"menu_order":0,"comment_status":"closed","ping_status":"closed","template":"","meta":{"_acf_changed":false,"_et_pb_use_builder":"on","_et_pb_old_content":"","_et_gb_content_width":"","_monsterinsights_skip_tracking":false,"_monsterinsights_sitenote_active":false,"_monsterinsights_sitenote_note":"","_monsterinsights_sitenote_category":0,"footnotes":"","_links_to":"","_links_to_target":""},"class_list":["post-11510","page","type-page","status-publish","hentry"],"acf":[],"_links":{"self":[{"href":"https:\/\/ustaxconsultants.es\/es\/wp-json\/wp\/v2\/pages\/11510","targetHints":{"allow":["GET"]}}],"collection":[{"href":"https:\/\/ustaxconsultants.es\/es\/wp-json\/wp\/v2\/pages"}],"about":[{"href":"https:\/\/ustaxconsultants.es\/es\/wp-json\/wp\/v2\/types\/page"}],"author":[{"embeddable":true,"href":"https:\/\/ustaxconsultants.es\/es\/wp-json\/wp\/v2\/users\/6"}],"replies":[{"embeddable":true,"href":"https:\/\/ustaxconsultants.es\/es\/wp-json\/wp\/v2\/comments?post=11510"}],"version-history":[{"count":0,"href":"https:\/\/ustaxconsultants.es\/es\/wp-json\/wp\/v2\/pages\/11510\/revisions"}],"wp:attachment":[{"href":"https:\/\/ustaxconsultants.es\/es\/wp-json\/wp\/v2\/media?parent=11510"}],"curies":[{"name":"wp","href":"https:\/\/api.w.org\/{rel}","templated":true}]}}