{"id":11514,"date":"2023-01-14T01:16:00","date_gmt":"2023-01-14T01:16:00","guid":{"rendered":"http:\/\/13.40.31.108\/autonoms-vs-sl\/"},"modified":"2025-03-09T21:19:14","modified_gmt":"2025-03-09T20:19:14","slug":"autonoms-vs-sl","status":"publish","type":"page","link":"https:\/\/ustaxconsultants.es\/es\/autonoms-vs-sl\/","title":{"rendered":"Autonom@s vs SL"},"content":{"rendered":"<p>[et_pb_section fb_built=\u00bb1&#8243; _builder_version=\u00bb4.19.4&#8243; _module_preset=\u00bbdefault\u00bb background_image=\u00bb\/\/ustaxconsultants.es\/wp-content\/uploads\/2023\/01\/autonomo-vs-sl.png\u00bb background_position=\u00bbtop_center\u00bb min_height=\u00bb60vh\u00bb da_disable_devices=\u00bboff|off|off\u00bb global_colors_info=\u00bb{}\u00bb da_is_popup=\u00bboff\u00bb da_exit_intent=\u00bboff\u00bb da_has_close=\u00bbon\u00bb da_alt_close=\u00bboff\u00bb da_dark_close=\u00bboff\u00bb da_not_modal=\u00bbon\u00bb da_is_singular=\u00bboff\u00bb da_with_loader=\u00bboff\u00bb da_has_shadow=\u00bbon\u00bb][et_pb_row _builder_version=\u00bb4.19.4&#8243; _module_preset=\u00bbdefault\u00bb global_colors_info=\u00bb{}\u00bb][et_pb_column type=\u00bb4_4&#8243; _builder_version=\u00bb4.19.4&#8243; _module_preset=\u00bbdefault\u00bb global_colors_info=\u00bb{}\u00bb][et_pb_text _builder_version=\u00bb4.27.4&#8243; _module_preset=\u00bbdefault\u00bb text_font=\u00bb||||||||\u00bb text_text_color=\u00bb#2A2761&#8243; header_font=\u00bb||||||||\u00bb header_text_color=\u00bb#2A2761&#8243; header_line_height=\u00bb1.5em\u00bb header_2_font=\u00bb||||||||\u00bb custom_padding=\u00bb10%||10%||true|false\u00bb hover_enabled=\u00bb0&#8243; global_colors_info=\u00bb{}\u00bb sticky_enabled=\u00bb0&#8243;]<\/p>\n<h1><strong><em>Aut\u00f3nomo<\/em> en Espa\u00f1a &amp; <\/strong><br \/><strong>self-employed en U.S.A. (LLC)<\/strong><\/h1>\n<p>[\/et_pb_text][\/et_pb_column][\/et_pb_row][\/et_pb_section][et_pb_section fb_built=\u00bb1&#8243; _builder_version=\u00bb4.19.4&#8243; _module_preset=\u00bbdefault\u00bb da_disable_devices=\u00bboff|off|off\u00bb global_colors_info=\u00bb{}\u00bb da_is_popup=\u00bboff\u00bb da_exit_intent=\u00bboff\u00bb da_has_close=\u00bbon\u00bb da_alt_close=\u00bboff\u00bb da_dark_close=\u00bboff\u00bb da_not_modal=\u00bbon\u00bb da_is_singular=\u00bboff\u00bb da_with_loader=\u00bboff\u00bb da_has_shadow=\u00bbon\u00bb][et_pb_row _builder_version=\u00bb4.19.4&#8243; _module_preset=\u00bbdefault\u00bb global_colors_info=\u00bb{}\u00bb][et_pb_column type=\u00bb4_4&#8243; _builder_version=\u00bb4.19.4&#8243; _module_preset=\u00bbdefault\u00bb global_colors_info=\u00bb{}\u00bb][et_pb_text _builder_version=\u00bb4.27.4&#8243; _module_preset=\u00bbdefault\u00bb header_2_text_color=\u00bb#2A2761&#8243; hover_enabled=\u00bb0&#8243; global_colors_info=\u00bb{}\u00bb sticky_enabled=\u00bb0&#8243;]<\/p>\n<h2><strong><em>Aut\u00f3nomo<\/em><\/strong><strong> en Espa\u00f1a &amp; self-employed en U.S.A. (LLC).<\/strong><\/h2>\n<p>Un <strong>aut\u00f3nomo<\/strong> en Espa\u00f1a es una persona que trabaja por cuenta propia, es decir, que no est\u00e1 bajo la dependencia de un empleador o empresa, sino que realiza actividades econ\u00f3micas o profesionales de manera independiente. Los aut\u00f3nomos suelen ofrecer servicios o productos directamente a clientes o empresas, y son responsables de gestionar todos los aspectos de su negocio, incluyendo la facturaci\u00f3n, los impuestos y las contribuciones a la seguridad social.<\/p>\n<p><strong>Alta en el R\u00e9gimen de la SS como Aut\u00f3nomo (RETA)<\/strong><\/p>\n<p>Para darse de alta en el r\u00e9gimen de aut\u00f3nomos es necesario primero registrase en la Agencia Tributaria en la actividad econ\u00f3mica que se va a desarrollar, esto es muy importante porque puede determinar hasta el tipo de gastos que puedes deducir dependiendo de tu actividad econ\u00f3mica, de acuerdo con la nueva <a href=\"https:\/\/www.ine.es\/dyngs\/INEbase\/es\/operacion.htm?c=Estadistica_C&amp;cid=1254736177032&amp;menu=ultiDatos&amp;idp=1254735976614#:~:text=%C2%BFSab%C3%ADas%20que...%3F,sociales%2C%20medioambientales%2C%20etc.)\">CNAE 2025<\/a>.<\/p>\n<p>Los aut\u00f3nomos generan sus rentas en base a sus facturas de ingresos, y por defecto tiene que facturar con IVA, excepto si la actividad est\u00e1 exenta o la factura es para un pagador fuera de la Uni\u00f3n Europea. Y por lo tanto est\u00e1n obligados de presentar trimestralmente el 303 (IVA).<\/p>\n<p>Los aut\u00f3nomos pagan el IRPF trimestralmente declarando el total de los ingresos y de los gastos del trimestre. Es importante que la Agencia Tributaria acepte los gastos como deducibles y no todos los son: revisa la lista de <u>gastos deducibles<\/u><\/p>\n<p>En general, tambi\u00e9n est\u00e1n obligados a presentar presentan el 130, excepto aquellos aut\u00f3nomos que tributen en <strong>m\u00f3dulos<\/strong> (estimaci\u00f3n objetiva), o que m\u00e1s del 70% de sus ingresos provengan de facturas con retenci\u00f3n, por ejemplo, profesionales que emiten facturas con retenci\u00f3n del 15%.<\/p>\n<p>El self-employed en USA recibe de sus pagadores el 1099 o 1042 a principios de a\u00f1o y tiene que rellenar el Schedule C del Form 1040 o 1040NR en USA. Si la facturaci\u00f3n la realiza a trav\u00e9s de una LLC o una S-Corp paga directamente los impuestos a trav\u00e9s del Schedule C y, por cierto, Espa\u00f1a no la considera una entidad con personalidad jur\u00eddica, as\u00ed que el contribuyente tiene que incluir los beneficios netos de la LLC en \u201cAtribuci\u00f3n de Rentas\u201d en el IRPF.<\/p>\n<p>La AEAT considera que la actividad econ\u00f3mica se desarrolla en Espa\u00f1a si el titular vive en Espa\u00f1a, aunque facture o reciba el dinero en una cuenta en USA o se trate de una LLC.<\/p>\n<p><strong>Totalization Agreement de la seguridad social <\/strong>entre EE.UU. y Espa\u00f1a<\/p>\n<p>El Totalization Agreement entre EE.UU. y Espa\u00f1a es un convenio de Seguridad Social que evita la doble cotizaci\u00f3n y protege los derechos de los trabajadores que han trabajado en ambos pa\u00edses.<\/p>\n<p>Evita la doble cotizaci\u00f3n: Los trabajadores que trabajan temporalmente en EE.UU. o Espa\u00f1a solo cotizan en el sistema de Seguridad Social de su pa\u00eds de origen, evitando pagar contribuciones en ambos pa\u00edses simult\u00e1neamente. Esto beneficia especialmente a expatriados y empresas con empleados en el extranjero.<\/p>\n<p>Permite combinar cotizaciones para la jubilaci\u00f3n: Si una persona ha cotizado en ambos pa\u00edses, pero no cumple con los requisitos m\u00ednimos de tiempo de cotizaci\u00f3n en uno de ellos, puede sumar los per\u00edodos cotizados en ambos sistemas para acceder a beneficios como la jubilaci\u00f3n, invalidez o supervivencia.<\/p>\n<p>Facilita el acceso a prestaciones: Los beneficiarios pueden recibir pensiones de jubilaci\u00f3n, discapacidad o supervivencia en cualquiera de los dos pa\u00edses, seg\u00fan las normas del pa\u00eds que otorga la prestaci\u00f3n. Adem\u00e1s, los pagos pueden recibirse en el otro pa\u00eds sin restricciones significativas.<\/p>\n<p><strong>\u00bfQu\u00e9 podemos hacer desde US Tax Consultants?<\/strong><\/p>\n<p>Desde US Tax Consultants podemos gestionar tu alta en Aut\u00f3nomos y preparar todos los impuestos y pagos a seguridad social o la Agencia Tributaria; al igual que la presentaci\u00f3n del 1040\/1040NR en USA con el Schedule C.<\/p>\n<p>No dudes en preguntarnos si tienes alguna duda o pedir una <a href=\"https:\/\/outlook.office365.com\/book\/USTaxConsultants1@ustaxconsultants.net\/\"><strong>cita gratuita<\/strong><\/a> y sin compromiso.<\/p>\n<p>[\/et_pb_text][\/et_pb_column][\/et_pb_row][\/et_pb_section][et_pb_section fb_built=\u00bb1&#8243; _builder_version=\u00bb4.19.4&#8243; _module_preset=\u00bbdefault\u00bb da_disable_devices=\u00bboff|off|off\u00bb global_colors_info=\u00bb{}\u00bb da_is_popup=\u00bboff\u00bb da_exit_intent=\u00bboff\u00bb da_has_close=\u00bbon\u00bb da_alt_close=\u00bboff\u00bb da_dark_close=\u00bboff\u00bb da_not_modal=\u00bbon\u00bb da_is_singular=\u00bboff\u00bb da_with_loader=\u00bboff\u00bb da_has_shadow=\u00bbon\u00bb][et_pb_row _builder_version=\u00bb4.19.4&#8243; _module_preset=\u00bbdefault\u00bb global_colors_info=\u00bb{}\u00bb][et_pb_column type=\u00bb4_4&#8243; _builder_version=\u00bb4.19.4&#8243; _module_preset=\u00bbdefault\u00bb global_colors_info=\u00bb{}\u00bb][et_pb_button button_url=\u00bbhttps:\/\/outlook.office365.com\/owa\/calendar\/USTaxConsultants1@ustaxconsultants.net\/bookings\/\u00bb button_text=\u00bbBook your free consultation\u00bb _builder_version=\u00bb4.19.4&#8243; _module_preset=\u00bbdefault\u00bb custom_button=\u00bbon\u00bb button_text_color=\u00bb#FFFFFF\u00bb button_bg_color=\u00bb#BD1521&#8243; button_font=\u00bb|600||on|||||\u00bb global_colors_info=\u00bb{}\u00bb][\/et_pb_button][\/et_pb_column][\/et_pb_row][\/et_pb_section]<\/p>\n","protected":false},"excerpt":{"rendered":"<p>Aut\u00f3nomo en Espa\u00f1a &amp; self-employed en U.S.A. (LLC)Aut\u00f3nomo en Espa\u00f1a &amp; self-employed en U.S.A. (LLC). Un aut\u00f3nomo en Espa\u00f1a es una persona que trabaja por cuenta propia, es decir, que no est\u00e1 bajo la dependencia de un empleador o empresa, sino que realiza actividades econ\u00f3micas o profesionales de manera independiente. Los aut\u00f3nomos suelen ofrecer servicios [&hellip;]<\/p>\n","protected":false},"author":6,"featured_media":0,"parent":0,"menu_order":0,"comment_status":"closed","ping_status":"closed","template":"","meta":{"_acf_changed":false,"_et_pb_use_builder":"on","_et_pb_old_content":"","_et_gb_content_width":"","_monsterinsights_skip_tracking":false,"_monsterinsights_sitenote_active":false,"_monsterinsights_sitenote_note":"","_monsterinsights_sitenote_category":0,"footnotes":"","_links_to":"","_links_to_target":""},"class_list":["post-11514","page","type-page","status-publish","hentry"],"acf":[],"_links":{"self":[{"href":"https:\/\/ustaxconsultants.es\/es\/wp-json\/wp\/v2\/pages\/11514","targetHints":{"allow":["GET"]}}],"collection":[{"href":"https:\/\/ustaxconsultants.es\/es\/wp-json\/wp\/v2\/pages"}],"about":[{"href":"https:\/\/ustaxconsultants.es\/es\/wp-json\/wp\/v2\/types\/page"}],"author":[{"embeddable":true,"href":"https:\/\/ustaxconsultants.es\/es\/wp-json\/wp\/v2\/users\/6"}],"replies":[{"embeddable":true,"href":"https:\/\/ustaxconsultants.es\/es\/wp-json\/wp\/v2\/comments?post=11514"}],"version-history":[{"count":0,"href":"https:\/\/ustaxconsultants.es\/es\/wp-json\/wp\/v2\/pages\/11514\/revisions"}],"wp:attachment":[{"href":"https:\/\/ustaxconsultants.es\/es\/wp-json\/wp\/v2\/media?parent=11514"}],"curies":[{"name":"wp","href":"https:\/\/api.w.org\/{rel}","templated":true}]}}