{"id":11515,"date":"2023-01-14T01:17:54","date_gmt":"2023-01-14T01:17:54","guid":{"rendered":"http:\/\/13.40.31.108\/no-residentes-en-espana\/"},"modified":"2024-11-02T10:36:32","modified_gmt":"2024-11-02T09:36:32","slug":"no-residentes-en-espana","status":"publish","type":"page","link":"https:\/\/ustaxconsultants.es\/es\/no-residentes-en-espana\/","title":{"rendered":"No residentes en Espa\u00f1a"},"content":{"rendered":"<p>[et_pb_section fb_built=\u00bb1&#8243; _builder_version=\u00bb4.19.4&#8243; _module_preset=\u00bbdefault\u00bb background_image=\u00bb\/\/ustaxconsultants.es\/wp-content\/uploads\/2023\/01\/Non-Residents-in-Spain.png\u00bb background_position=\u00bbtop_center\u00bb min_height=\u00bb60vh\u00bb da_disable_devices=\u00bboff|off|off\u00bb global_colors_info=\u00bb{}\u00bb da_is_popup=\u00bboff\u00bb da_exit_intent=\u00bboff\u00bb da_has_close=\u00bbon\u00bb da_alt_close=\u00bboff\u00bb da_dark_close=\u00bboff\u00bb da_not_modal=\u00bbon\u00bb da_is_singular=\u00bboff\u00bb da_with_loader=\u00bboff\u00bb da_has_shadow=\u00bbon\u00bb][et_pb_row _builder_version=\u00bb4.19.4&#8243; _module_preset=\u00bbdefault\u00bb global_colors_info=\u00bb{}\u00bb][et_pb_column type=\u00bb4_4&#8243; _builder_version=\u00bb4.19.4&#8243; _module_preset=\u00bbdefault\u00bb global_colors_info=\u00bb{}\u00bb][et_pb_text _builder_version=\u00bb4.19.4&#8243; _module_preset=\u00bbdefault\u00bb text_font=\u00bb|||on|||||\u00bb text_text_color=\u00bb#2A2761&#8243; header_text_color=\u00bb#2A2761&#8243; header_line_height=\u00bb1.5em\u00bb custom_padding=\u00bb10%||10%||true|false\u00bb global_colors_info=\u00bb{}\u00bb]<\/p>\n<h1>No residentes en Espa\u00f1a<\/h1>\n<p>[\/et_pb_text][\/et_pb_column][\/et_pb_row][\/et_pb_section][et_pb_section fb_built=\u00bb1&#8243; _builder_version=\u00bb4.19.4&#8243; _module_preset=\u00bbdefault\u00bb da_disable_devices=\u00bboff|off|off\u00bb global_colors_info=\u00bb{}\u00bb da_is_popup=\u00bboff\u00bb da_exit_intent=\u00bboff\u00bb da_has_close=\u00bbon\u00bb da_alt_close=\u00bboff\u00bb da_dark_close=\u00bboff\u00bb da_not_modal=\u00bbon\u00bb da_is_singular=\u00bboff\u00bb da_with_loader=\u00bboff\u00bb da_has_shadow=\u00bbon\u00bb][et_pb_row _builder_version=\u00bb4.19.4&#8243; _module_preset=\u00bbdefault\u00bb global_colors_info=\u00bb{}\u00bb][et_pb_column type=\u00bb4_4&#8243; _builder_version=\u00bb4.19.4&#8243; _module_preset=\u00bbdefault\u00bb global_colors_info=\u00bb{}\u00bb][et_pb_text _builder_version=\u00bb4.19.4&#8243; _module_preset=\u00bbdefault\u00bb header_2_text_color=\u00bb#2A2761&#8243; global_colors_info=\u00bb{}\u00bb]<\/p>\n<h2><b>No residentes en Espa\u00f1a \u2013 Modelo 210<\/b><\/h2>\n<p><b><\/b><\/p>\n<p>Te ayudamos a determinar si eres residente fiscal en Espa\u00f1a o no y c\u00f3mo puede afectar eso a tus obligaciones fiscales y si debes presentar una Declaraci\u00f3n de la Renta en Espa\u00f1a, Modelo 210, y c\u00f3mo debes comunicar tu situaci\u00f3n a la AEAT &#8211; Autoridad fiscal espa\u00f1ola.<\/p>\n<p>Las declaraciones de impuestos de los no residentes tienen a un tipo de gravamen entre el 19%, para residentes en pa\u00edses de la UE, y el 24% para el resto del mundo, seg\u00fan el tipo de renta percibida obtenidas en Espa\u00f1a como actividades econ\u00f3micas, tenencia de segunda residencia, pensiones y rentas de capital inmobiliario.<\/p>\n<p><strong>Asesoramos y preparamos todo tipo de Modelos ante la AEAT, para no residentes fiscales, independientemente de su nacionalidad, si recibe:<\/strong><\/p>\n<p><strong><\/strong><\/p>\n<ul>\n<li><strong>Rentas derivadas de actividades econ\u00f3micas y rentas del trabajo, las pensiones y otras prestaciones an\u00e1logas, las retribuciones de los administradores y de los miembros de los Consejos de Administraci\u00f3n, cuando sean pagadas por una entidad residente en territorio espa\u00f1ol.<br \/><\/strong><strong><\/strong><\/li>\n<li><strong>Rentas del capital mobiliario: Dividendos y otras rentas derivadas de la participaci\u00f3n de entidades residentes en Espa\u00f1a, intereses y otras rentas obtenidas de la cesi\u00f3n de capital propio a terceros.\n<p><\/strong><\/li>\n<li><strong>Las rentas del capital inmobiliario derivadas de inmuebles situados en territorio espa\u00f1ol ya sean rentas imputadas de inmuebles urbanos para su uso o para arrendamiento.<\/strong><\/li>\n<\/ul>\n<p>[\/et_pb_text][\/et_pb_column][\/et_pb_row][\/et_pb_section][et_pb_section fb_built=\u00bb1&#8243; _builder_version=\u00bb4.19.4&#8243; _module_preset=\u00bbdefault\u00bb da_disable_devices=\u00bboff|off|off\u00bb global_colors_info=\u00bb{}\u00bb da_is_popup=\u00bboff\u00bb da_exit_intent=\u00bboff\u00bb da_has_close=\u00bbon\u00bb da_alt_close=\u00bboff\u00bb da_dark_close=\u00bboff\u00bb da_not_modal=\u00bbon\u00bb da_is_singular=\u00bboff\u00bb da_with_loader=\u00bboff\u00bb da_has_shadow=\u00bbon\u00bb][et_pb_row _builder_version=\u00bb4.19.4&#8243; _module_preset=\u00bbdefault\u00bb global_colors_info=\u00bb{}\u00bb][et_pb_column type=\u00bb4_4&#8243; _builder_version=\u00bb4.19.4&#8243; _module_preset=\u00bbdefault\u00bb global_colors_info=\u00bb{}\u00bb][et_pb_button button_url=\u00bbhttps:\/\/outlook.office365.com\/owa\/calendar\/USTaxConsultants1@ustaxconsultants.net\/bookings\/\u00bb button_text=\u00bbReservar cita gratuita\u00bb _builder_version=\u00bb4.24.3&#8243; _module_preset=\u00bbdefault\u00bb custom_button=\u00bbon\u00bb button_text_color=\u00bb#FFFFFF\u00bb button_bg_color=\u00bb#BD1521&#8243; button_font=\u00bb|600||on|||||\u00bb hover_enabled=\u00bb0&#8243; global_colors_info=\u00bb{}\u00bb sticky_enabled=\u00bb0&#8243;][\/et_pb_button][\/et_pb_column][\/et_pb_row][\/et_pb_section]<\/p>\n","protected":false},"excerpt":{"rendered":"<p>No residentes en Espa\u00f1aNo residentes en Espa\u00f1a \u2013 Modelo 210 Te ayudamos a determinar si eres residente fiscal en Espa\u00f1a o no y c\u00f3mo puede afectar eso a tus obligaciones fiscales y si debes presentar una Declaraci\u00f3n de la Renta en Espa\u00f1a, Modelo 210, y c\u00f3mo debes comunicar tu situaci\u00f3n a la AEAT &#8211; Autoridad [&hellip;]<\/p>\n","protected":false},"author":6,"featured_media":0,"parent":0,"menu_order":0,"comment_status":"closed","ping_status":"closed","template":"","meta":{"_acf_changed":false,"_et_pb_use_builder":"on","_et_pb_old_content":"","_et_gb_content_width":"","_monsterinsights_skip_tracking":false,"_monsterinsights_sitenote_active":false,"_monsterinsights_sitenote_note":"","_monsterinsights_sitenote_category":0,"footnotes":"","_links_to":"","_links_to_target":""},"class_list":["post-11515","page","type-page","status-publish","hentry"],"acf":[],"_links":{"self":[{"href":"https:\/\/ustaxconsultants.es\/es\/wp-json\/wp\/v2\/pages\/11515","targetHints":{"allow":["GET"]}}],"collection":[{"href":"https:\/\/ustaxconsultants.es\/es\/wp-json\/wp\/v2\/pages"}],"about":[{"href":"https:\/\/ustaxconsultants.es\/es\/wp-json\/wp\/v2\/types\/page"}],"author":[{"embeddable":true,"href":"https:\/\/ustaxconsultants.es\/es\/wp-json\/wp\/v2\/users\/6"}],"replies":[{"embeddable":true,"href":"https:\/\/ustaxconsultants.es\/es\/wp-json\/wp\/v2\/comments?post=11515"}],"version-history":[{"count":0,"href":"https:\/\/ustaxconsultants.es\/es\/wp-json\/wp\/v2\/pages\/11515\/revisions"}],"wp:attachment":[{"href":"https:\/\/ustaxconsultants.es\/es\/wp-json\/wp\/v2\/media?parent=11515"}],"curies":[{"name":"wp","href":"https:\/\/api.w.org\/{rel}","templated":true}]}}