{"id":11516,"date":"2023-01-14T01:27:32","date_gmt":"2023-01-14T01:27:32","guid":{"rendered":"http:\/\/13.40.31.108\/equipo\/"},"modified":"2026-03-12T17:48:33","modified_gmt":"2026-03-12T16:48:33","slug":"equipo","status":"publish","type":"page","link":"https:\/\/ustaxconsultants.es\/es\/equipo\/","title":{"rendered":"Equipo"},"content":{"rendered":"<p>[et_pb_section fb_built=\u00bb1&#8243; _builder_version=\u00bb4.19.4&#8243; _module_preset=\u00bbdefault\u00bb background_image=\u00bb\/\/ustaxconsultants.es\/wp-content\/uploads\/2023\/01\/Imagen-our-team.png\u00bb min_height=\u00bb60vh\u00bb da_disable_devices=\u00bboff|off|off\u00bb global_colors_info=\u00bb{}\u00bb da_is_popup=\u00bboff\u00bb da_exit_intent=\u00bboff\u00bb da_has_close=\u00bbon\u00bb da_alt_close=\u00bboff\u00bb da_dark_close=\u00bboff\u00bb da_not_modal=\u00bbon\u00bb da_is_singular=\u00bboff\u00bb da_with_loader=\u00bboff\u00bb da_has_shadow=\u00bbon\u00bb][et_pb_row _builder_version=\u00bb4.19.4&#8243; _module_preset=\u00bbdefault\u00bb global_colors_info=\u00bb{}\u00bb][et_pb_column type=\u00bb4_4&#8243; _builder_version=\u00bb4.19.4&#8243; _module_preset=\u00bbdefault\u00bb global_colors_info=\u00bb{}\u00bb][et_pb_text _builder_version=\u00bb4.19.4&#8243; _module_preset=\u00bbdefault\u00bb header_text_color=\u00bb#666666&#8243; header_line_height=\u00bb1.5em\u00bb custom_padding=\u00bb10%||10%||true|false\u00bb global_colors_info=\u00bb{}\u00bb]<\/p>\n<h1>UN EQUIPO PROFESIONAL PARA <br \/>GUIAR TUS IMPUESTOS<\/h1>\n<p>[\/et_pb_text][\/et_pb_column][\/et_pb_row][\/et_pb_section][et_pb_section fb_built=\u00bb1&#8243; _builder_version=\u00bb4.19.4&#8243; _module_preset=\u00bbdefault\u00bb da_disable_devices=\u00bboff|off|off\u00bb global_colors_info=\u00bb{}\u00bb da_is_popup=\u00bboff\u00bb da_exit_intent=\u00bboff\u00bb da_has_close=\u00bbon\u00bb da_alt_close=\u00bboff\u00bb da_dark_close=\u00bboff\u00bb da_not_modal=\u00bbon\u00bb da_is_singular=\u00bboff\u00bb da_with_loader=\u00bboff\u00bb da_has_shadow=\u00bbon\u00bb][et_pb_row column_structure=\u00bb2_5,3_5&#8243; make_equal=\u00bbon\u00bb _builder_version=\u00bb4.19.4&#8243; _module_preset=\u00bbdefault\u00bb global_colors_info=\u00bb{}\u00bb][et_pb_column type=\u00bb2_5&#8243; _builder_version=\u00bb4.19.4&#8243; _module_preset=\u00bbdefault\u00bb global_colors_info=\u00bb{}\u00bb][et_pb_image src=\u00bb\/\/ustaxconsultants.es\/wp-content\/uploads\/2023\/01\/Antonio-Rodriguez-de-penaranda.jpg\u00bb title_text=\u00bbAntonio-Rodriguez-de-penaranda\u00bb _builder_version=\u00bb4.19.4&#8243; _module_preset=\u00bbdefault\u00bb border_width_all=\u00bb2px\u00bb border_color_all=\u00bb#2A2761&#8243; global_colors_info=\u00bb{}\u00bb][\/et_pb_image][\/et_pb_column][et_pb_column type=\u00bb3_5&#8243; _builder_version=\u00bb4.19.4&#8243; _module_preset=\u00bbdefault\u00bb custom_css_main_element=\u00bbalign-self: center;\u00bb global_colors_info=\u00bb{}\u00bb][et_pb_text _builder_version=\u00bb4.27.5&#8243; _module_preset=\u00bbdefault\u00bb background_color=\u00bb#FFFFFF\u00bb positioning=\u00bbrelative\u00bb horizontal_offset=\u00bb-110px\u00bb custom_padding=\u00bb15px||15px|30px|true|false\u00bb hover_enabled=\u00bb0&#8243; border_width_left=\u00bb15px\u00bb border_color_left=\u00bb#2A2761&#8243; box_shadow_style=\u00bbpreset3&#8243; global_colors_info=\u00bb{}\u00bb sticky_enabled=\u00bb0&#8243;]<\/p>\n<p><b>Antonio Rodr\u00edguez \u00b7 CEO \u00b7 Espa\u00f1ol &amp; Ingl\u00e9s<\/b><\/p>\n<p>Asisti\u00f3 a la Universidad Estatal de Cleveland con una Beca Fulbright. Antonio cuenta con Diploma en Contabilidad Financiera por el Harvard Business School OnLine.<\/p>\n<p>Desde 2011 ha sido preparador de declaraciones de impuestos registrado con el IRS y Acceptance Agent desde 2018. Es el Coordinador General del equipo y el supervisor de <a href=\"\/\/ustaxconsultants.es\">U.S. Tax Consultants<\/a>.<\/p>\n<p><a href=\"mailto:arodriguez@ustaxconsultants.es\">arodriguez@ustaxconsultants.es<\/a><\/p>\n<p>[\/et_pb_text][\/et_pb_column][\/et_pb_row][et_pb_row column_structure=\u00bb3_5,2_5&#8243; make_equal=\u00bbon\u00bb _builder_version=\u00bb4.24.3&#8243; _module_preset=\u00bbdefault\u00bb global_colors_info=\u00bb{}\u00bb][et_pb_column type=\u00bb3_5&#8243; _builder_version=\u00bb4.24.3&#8243; _module_preset=\u00bbdefault\u00bb z_index=\u00bb497&#8243; custom_css_main_element=\u00bbalign-self:center;\u00bb global_colors_info=\u00bb{}\u00bb][et_pb_text _builder_version=\u00bb4.27.5&#8243; _module_preset=\u00bbdefault\u00bb background_color=\u00bb#FFFFFF\u00bb positioning=\u00bbrelative\u00bb horizontal_offset=\u00bb101px\u00bb z_index=\u00bb500&#8243; custom_padding=\u00bb15px|30px|15px|30px|true|true\u00bb hover_enabled=\u00bb0&#8243; border_width_right=\u00bb15px\u00bb border_color_right=\u00bb#2A2761&#8243; border_color_left=\u00bb#2A2761&#8243; box_shadow_style=\u00bbpreset3&#8243; global_colors_info=\u00bb{}\u00bb sticky_enabled=\u00bb0&#8243;]<\/p>\n<p><b>Olga Generalova \u00b7 COO \u00b7 Espa\u00f1ol, Ruso &amp; Ingl\u00e9s<\/b><\/p>\n<p>Olga es licenciada en Ciencias Econ\u00f3micas por la Universidad Nacional de Voronezh. Es experta en Contabilidad Internacional y Derecho Fiscal espa\u00f1ol.<\/p>\n<p>Sus principales actividades incluyen contabilidad, impuestos trimestrales, libros y cuentas anuales para Aut\u00f3nomos y Pymes, Modelo 720 y Declaraciones de Impuestos en Espa\u00f1a.<\/p>\n<p><a href=\"mailto:olga@ustaxconsultants.es\">olga@ustaxconsultants.es<\/a><\/p>\n<p>[\/et_pb_text][\/et_pb_column][et_pb_column type=\u00bb2_5&#8243; _builder_version=\u00bb4.19.4&#8243; _module_preset=\u00bbdefault\u00bb custom_css_main_element=\u00bbalign-self: center;\u00bb global_colors_info=\u00bb{}\u00bb][et_pb_image src=\u00bb\/\/ustaxconsultants.es\/wp-content\/uploads\/2023\/01\/Olga-Generalova.jpg\u00bb title_text=\u00bbOlga-Generalova\u00bb _builder_version=\u00bb4.24.3&#8243; _module_preset=\u00bbdefault\u00bb z_index=\u00bb-254&#8243; border_width_all=\u00bb2px\u00bb border_color_all=\u00bb#2A2761&#8243; global_colors_info=\u00bb{}\u00bb][\/et_pb_image][\/et_pb_column][\/et_pb_row][et_pb_row column_structure=\u00bb2_5,3_5&#8243; make_equal=\u00bbon\u00bb _builder_version=\u00bb4.19.4&#8243; _module_preset=\u00bbdefault\u00bb global_colors_info=\u00bb{}\u00bb][et_pb_column type=\u00bb2_5&#8243; _builder_version=\u00bb4.19.4&#8243; _module_preset=\u00bbdefault\u00bb global_colors_info=\u00bb{}\u00bb][et_pb_image src=\u00bb\/\/ustaxconsultants.es\/wp-content\/uploads\/2023\/01\/James-Iglesias.jpg\u00bb title_text=\u00bbJames-Iglesias\u00bb _builder_version=\u00bb4.19.4&#8243; _module_preset=\u00bbdefault\u00bb border_width_all=\u00bb2px\u00bb border_color_all=\u00bb#2A2761&#8243; global_colors_info=\u00bb{}\u00bb][\/et_pb_image][\/et_pb_column][et_pb_column type=\u00bb3_5&#8243; _builder_version=\u00bb4.19.4&#8243; _module_preset=\u00bbdefault\u00bb custom_css_main_element=\u00bbalign-self: center;\u00bb global_colors_info=\u00bb{}\u00bb][et_pb_text _builder_version=\u00bb4.27.5&#8243; _module_preset=\u00bbdefault\u00bb background_color=\u00bb#FFFFFF\u00bb positioning=\u00bbrelative\u00bb horizontal_offset=\u00bb-110px\u00bb custom_padding=\u00bb15px|30px|15px|30px|true|true\u00bb hover_enabled=\u00bb0&#8243; border_width_left=\u00bb15px\u00bb border_color_left=\u00bb#2A2761&#8243; box_shadow_style=\u00bbpreset3&#8243; global_colors_info=\u00bb{}\u00bb sticky_enabled=\u00bb0&#8243;]<\/p>\n<p><b>James Iglesias \u00b7 Responsable Senior de programas \u00b7 Espa\u00f1ol &amp; Ingl\u00e9s<\/b><\/p>\n<p>Estudi\u00f3 Administraci\u00f3n de Empresas en SMAC y cuenta con un Master en Management y Comunicaci\u00f3n. Trabaj\u00f3 en la Embajada Americana en Madrid (F.A.S.) durante once a\u00f1os. Es preparador de declaraciones de impuestos registrado con el IRS y Acceptance Agent. James es especialista en declaraciones de impuestos estadounidenses para todos sus modelos y formularios.<\/p>\n<p><a href=\"mailto:james@ustaxconsultants.es\">james@ustaxconsultants.es<\/a><\/p>\n<p>[\/et_pb_text][\/et_pb_column][\/et_pb_row][et_pb_row column_structure=\u00bb3_5,2_5&#8243; make_equal=\u00bbon\u00bb _builder_version=\u00bb4.19.4&#8243; _module_preset=\u00bbdefault\u00bb global_colors_info=\u00bb{}\u00bb][et_pb_column type=\u00bb3_5&#8243; _builder_version=\u00bb4.19.4&#8243; _module_preset=\u00bbdefault\u00bb z_index=\u00bb10&#8243; custom_css_main_element=\u00bbalign-self: center;\u00bb global_colors_info=\u00bb{}\u00bb][et_pb_text _builder_version=\u00bb4.27.5&#8243; _module_preset=\u00bbdefault\u00bb background_color=\u00bb#FFFFFF\u00bb positioning=\u00bbrelative\u00bb horizontal_offset=\u00bb101px\u00bb z_index=\u00bb2&#8243; custom_padding=\u00bb15px|30px|15px|30px|true|true\u00bb hover_enabled=\u00bb0&#8243; border_width_right=\u00bb15px\u00bb border_color_right=\u00bb#2A2761&#8243; border_color_left=\u00bb#2A2761&#8243; box_shadow_style=\u00bbpreset3&#8243; global_colors_info=\u00bb{}\u00bb sticky_enabled=\u00bb0&#8243;]<\/p>\n<p><b>Flavia Moneo \u00b7 Gestor Senior de programas \u00b7 Espa\u00f1ol &amp; Ingl\u00e9s<\/b><\/p>\n<p>Flavia estudi\u00f3 Historia en la Universidad Aut\u00f3noma de Madrid, con un M\u00e1ster en Pedagog\u00eda y Documentaci\u00f3n.<\/p>\n<p>Es preparadora de declaraciones de impuestos registrada con el IRS, se ocupa de la informaci\u00f3n al cliente y de las aplicaciones ITIN &amp; FIN como Acceptance Agent. Es responsable de Informes e Impuestos para no residentes: Modelo 210 y Formulario 1040NR. Solicitudes de ITIN W7.<\/p>\n<p><a href=\"mailto:flavia@ustaxconsultants.es\">flavia@ustaxconsultants.es<\/a><\/p>\n<p>[\/et_pb_text][\/et_pb_column][et_pb_column type=\u00bb2_5&#8243; _builder_version=\u00bb4.19.4&#8243; _module_preset=\u00bbdefault\u00bb global_colors_info=\u00bb{}\u00bb][et_pb_image src=\u00bb\/\/ustaxconsultants.es\/wp-content\/uploads\/2024\/10\/Flavia-2024.jpg\u00bb title_text=\u00bbFlavia 2024&#8243; _builder_version=\u00bb4.24.3&#8243; _module_preset=\u00bbdefault\u00bb z_index=\u00bb0&#8243; border_width_all=\u00bb2px\u00bb border_color_all=\u00bb#2A2761&#8243; global_colors_info=\u00bb{}\u00bb][\/et_pb_image][\/et_pb_column][\/et_pb_row][et_pb_row column_structure=\u00bb2_5,3_5&#8243; make_equal=\u00bbon\u00bb _builder_version=\u00bb4.19.4&#8243; _module_preset=\u00bbdefault\u00bb global_colors_info=\u00bb{}\u00bb][et_pb_column type=\u00bb2_5&#8243; _builder_version=\u00bb4.19.4&#8243; _module_preset=\u00bbdefault\u00bb global_colors_info=\u00bb{}\u00bb][et_pb_image src=\u00bb\/\/ustaxconsultants.es\/wp-content\/uploads\/2023\/01\/Abilio-Lopez.jpg\u00bb title_text=\u00bbAbilio-Lopez\u00bb _builder_version=\u00bb4.19.4&#8243; _module_preset=\u00bbdefault\u00bb border_width_all=\u00bb2px\u00bb border_color_all=\u00bb#2A2761&#8243; global_colors_info=\u00bb{}\u00bb][\/et_pb_image][\/et_pb_column][et_pb_column type=\u00bb3_5&#8243; _builder_version=\u00bb4.19.4&#8243; _module_preset=\u00bbdefault\u00bb custom_css_main_element=\u00bbalign-self: center;\u00bb global_colors_info=\u00bb{}\u00bb][et_pb_text _builder_version=\u00bb4.27.5&#8243; _module_preset=\u00bbdefault\u00bb background_color=\u00bb#FFFFFF\u00bb positioning=\u00bbrelative\u00bb horizontal_offset=\u00bb-110px\u00bb custom_padding=\u00bb15px|30px|15px|30px|true|true\u00bb hover_enabled=\u00bb0&#8243; border_width_left=\u00bb15px\u00bb border_color_left=\u00bb#2A2761&#8243; box_shadow_style=\u00bbpreset3&#8243; global_colors_info=\u00bb{}\u00bb sticky_enabled=\u00bb0&#8243;]<\/p>\n<p><b>Ab\u00edlio L\u00f3pez \u00b7 Gerente de oficina \u00b7 Espa\u00f1ol &amp; Franc\u00e9s<\/b><\/p>\n<p>Estudi\u00f3 Qu\u00edmicas en la Universidad Complutense, tiene una amplia experiencia en el \u00e1mbito bancario, con 18 a\u00f1os de experiencia en BNP (Banque Nationale de Paris) y Caja de Ahorros de Murcia, ocup\u00e1ndose de la expansi\u00f3n y nuevas sucursales y de pr\u00e9stamos inmobiliarios.<\/p>\n<p>Es responsable de la recepci\u00f3n\/env\u00edo de documentaci\u00f3n en la oficina de Madrid. Prepara el FinCEN 114.<\/p>\n<p><a href=\"mailto:abilio@ustaxconsultants.es\">abilio@ustaxconsultants.es<\/a><\/p>\n<p>[\/et_pb_text][\/et_pb_column][\/et_pb_row][et_pb_row column_structure=\u00bb3_5,2_5&#8243; make_equal=\u00bbon\u00bb _builder_version=\u00bb4.19.4&#8243; _module_preset=\u00bbdefault\u00bb global_colors_info=\u00bb{}\u00bb][et_pb_column type=\u00bb3_5&#8243; _builder_version=\u00bb4.19.4&#8243; _module_preset=\u00bbdefault\u00bb z_index=\u00bb10&#8243; custom_css_main_element=\u00bbalign-self: center;\u00bb global_colors_info=\u00bb{}\u00bb][et_pb_text _builder_version=\u00bb4.27.5&#8243; _module_preset=\u00bbdefault\u00bb background_color=\u00bb#FFFFFF\u00bb positioning=\u00bbrelative\u00bb horizontal_offset=\u00bb101px\u00bb z_index=\u00bb2&#8243; custom_padding=\u00bb15px|30px|15px|30px|true|true\u00bb hover_enabled=\u00bb0&#8243; border_width_right=\u00bb15px\u00bb border_color_right=\u00bb#2A2761&#8243; border_color_left=\u00bb#2A2761&#8243; box_shadow_style=\u00bbpreset3&#8243; global_colors_info=\u00bb{}\u00bb sticky_enabled=\u00bb0&#8243;]<\/p>\n<p><strong>Jos\u00e9 Miguel Alcal\u00e1 \u2013 Gestor Senior de Programas \u2013 Espa\u00f1ol &amp; Ingl\u00e9s<\/strong><\/p>\n<p>Jos\u00e9 Miguel se gradu\u00f3 en TASIS en Inglaterra y estudi\u00f3 Pol\u00edticas y Administraci\u00f3n en la Universidad Complutense. Profesional con 25 a\u00f1os de experiencia en marketing en empresas como Warner, Sony y Mills USA..<\/p>\n<p>Ahora preparar\u00e1 todo tipo de documentos fiscales espa\u00f1oles, como declaraciones de activos en el extranjero (720, D6, ETE\u2026), declaraciones de impuestos espa\u00f1olas.<\/p>\n<p><a href=\"mailto:jmalcala@13.40.31.108\">jmalcala@ustaxconsultants.es<\/a><\/p>\n<p>&nbsp;<\/p>\n<p>[\/et_pb_text][\/et_pb_column][et_pb_column type=\u00bb2_5&#8243; _builder_version=\u00bb4.19.4&#8243; _module_preset=\u00bbdefault\u00bb global_colors_info=\u00bb{}\u00bb][et_pb_image src=\u00bb\/\/ustaxconsultants.es\/wp-content\/uploads\/2024\/11\/Jose-Miguel-Alcala.jpg\u00bb title_text=\u00bbJose-Miguel-Alcala\u00bb _builder_version=\u00bb4.24.3&#8243; _module_preset=\u00bbdefault\u00bb z_index=\u00bb0&#8243; border_width_all=\u00bb2px\u00bb border_color_all=\u00bb#2A2761&#8243; global_colors_info=\u00bb{}\u00bb][\/et_pb_image][\/et_pb_column][\/et_pb_row][et_pb_row column_structure=\u00bb2_5,3_5&#8243; make_equal=\u00bbon\u00bb _builder_version=\u00bb4.19.4&#8243; _module_preset=\u00bbdefault\u00bb global_colors_info=\u00bb{}\u00bb][et_pb_column type=\u00bb2_5&#8243; _builder_version=\u00bb4.19.4&#8243; _module_preset=\u00bbdefault\u00bb global_colors_info=\u00bb{}\u00bb][et_pb_image src=\u00bb\/\/ustaxconsultants.es\/wp-content\/uploads\/2025\/10\/Luna-lopez.jpg\u00bb title_text=\u00bbLuna lopez\u00bb _builder_version=\u00bb4.24.3&#8243; _module_preset=\u00bbdefault\u00bb z_index=\u00bb0&#8243; border_width_all=\u00bb2px\u00bb border_color_all=\u00bb#2A2761&#8243; global_colors_info=\u00bb{}\u00bb][\/et_pb_image][\/et_pb_column][et_pb_column type=\u00bb3_5&#8243; _builder_version=\u00bb4.19.4&#8243; _module_preset=\u00bbdefault\u00bb custom_css_main_element=\u00bbalign-self: center;\u00bb global_colors_info=\u00bb{}\u00bb][et_pb_text _builder_version=\u00bb4.27.5&#8243; _module_preset=\u00bbdefault\u00bb background_color=\u00bb#FFFFFF\u00bb positioning=\u00bbrelative\u00bb horizontal_offset=\u00bb-110px\u00bb custom_padding=\u00bb15px|30px|15px|30px|true|true\u00bb hover_enabled=\u00bb0&#8243; border_width_left=\u00bb15px\u00bb border_color_left=\u00bb#2A2761&#8243; box_shadow_style=\u00bbpreset3&#8243; global_colors_info=\u00bb{}\u00bb sticky_enabled=\u00bb0&#8243;]<\/p>\n<p><strong>Luna L\u00f3pez de la Fuente\u00b7 Relaci\u00f3n con clientes \u00b7 Espa\u00f1ol &amp; Ingl\u00e9s<\/strong><\/p>\n<p>Licenciada en Business Administration por la Universidad de Navarra con un MBP en Econimia y Derecho..<\/p>\n<p>Es la responsable de la gesti\u00f3n de la comunicaci\u00f3n y la relaci\u00f3n con los clientes, aportando su experiencia y conocimientos de idiomas.<\/p>\n<p><a href=\"mailto:luna@ustaxconsultants.es\">luna@ustaxconsultants.es<\/a><\/p>\n<p>&nbsp;<\/p>\n<p>[\/et_pb_text][\/et_pb_column][\/et_pb_row][et_pb_row column_structure=\u00bb3_5,2_5&#8243; make_equal=\u00bbon\u00bb _builder_version=\u00bb4.19.4&#8243; _module_preset=\u00bbdefault\u00bb collapsed=\u00bboff\u00bb global_colors_info=\u00bb{}\u00bb][et_pb_column type=\u00bb3_5&#8243; _builder_version=\u00bb4.19.4&#8243; _module_preset=\u00bbdefault\u00bb z_index=\u00bb10&#8243; custom_css_main_element=\u00bbalign-self: center;\u00bb global_colors_info=\u00bb{}\u00bb][et_pb_text _builder_version=\u00bb4.27.5&#8243; _module_preset=\u00bbdefault\u00bb background_color=\u00bb#FFFFFF\u00bb positioning=\u00bbrelative\u00bb horizontal_offset=\u00bb101px\u00bb z_index=\u00bb2&#8243; custom_padding=\u00bb15px|30px|15px|30px|true|true\u00bb hover_enabled=\u00bb0&#8243; border_width_right=\u00bb15px\u00bb border_color_right=\u00bb#2A2761&#8243; border_color_left=\u00bb#2A2761&#8243; box_shadow_style=\u00bbpreset3&#8243; global_colors_info=\u00bb{}\u00bb sticky_enabled=\u00bb0&#8243;]<\/p>\n<p><strong>Richard Griffith \u2013 Gestor de Programa en Rota \u2013 Espa\u00f1ol &amp; Ingl\u00e9s<\/strong><\/p>\n<p>Retirado de la Marina de los EE.UU., asisti\u00f3 a la Universidad de Saint Louis en Madrid. Tiene una licenciatura en Negocios Internacionales, una maestr\u00eda en Recursos Humanos y Responsable de Cumplimiento Int. por la Univ. de Manchester.<\/p>\n<p>Es preparador de declaraciones de impuestos registrado en el IRS y se especializa en declaraciones de impuestos individuales de EE.UU.<\/p>\n<p><a href=\"mailto:richard@ustaxconsultants.es\">richard@ustaxconsultants.es<\/a><\/p>\n<p>[\/et_pb_text][\/et_pb_column][et_pb_column type=\u00bb2_5&#8243; _builder_version=\u00bb4.19.4&#8243; _module_preset=\u00bbdefault\u00bb global_colors_info=\u00bb{}\u00bb][et_pb_image title_text=\u00bbRic foto\u00bb _builder_version=\u00bb4.27.5&#8243; _module_preset=\u00bbdefault\u00bb z_index=\u00bb0&#8243; hover_enabled=\u00bb0&#8243; border_width_all=\u00bb2px\u00bb border_color_all=\u00bb#2A2761&#8243; global_colors_info=\u00bb{}\u00bb src=\u00bb\/\/ustaxconsultants.es\/wp-content\/uploads\/2025\/11\/Ric-foto.jpg\u00bb sticky_enabled=\u00bb0&#8243;][\/et_pb_image][\/et_pb_column][\/et_pb_row][et_pb_row column_structure=\u00bb2_5,3_5&#8243; make_equal=\u00bbon\u00bb _builder_version=\u00bb4.19.4&#8243; _module_preset=\u00bbdefault\u00bb global_colors_info=\u00bb{}\u00bb][et_pb_column type=\u00bb2_5&#8243; _builder_version=\u00bb4.19.4&#8243; _module_preset=\u00bbdefault\u00bb global_colors_info=\u00bb{}\u00bb][et_pb_image src=\u00bb\/\/ustaxconsultants.es\/wp-content\/uploads\/2025\/10\/Yulia-Web.jpg\u00bb title_text=\u00bbYulia Web\u00bb _builder_version=\u00bb4.24.3&#8243; _module_preset=\u00bbdefault\u00bb z_index=\u00bb0&#8243; border_width_all=\u00bb2px\u00bb border_color_all=\u00bb#2A2761&#8243; global_colors_info=\u00bb{}\u00bb][\/et_pb_image][\/et_pb_column][et_pb_column type=\u00bb3_5&#8243; _builder_version=\u00bb4.19.4&#8243; _module_preset=\u00bbdefault\u00bb custom_css_main_element=\u00bbalign-self: center;\u00bb global_colors_info=\u00bb{}\u00bb][et_pb_text _builder_version=\u00bb4.27.5&#8243; _module_preset=\u00bbdefault\u00bb background_color=\u00bb#FFFFFF\u00bb positioning=\u00bbrelative\u00bb horizontal_offset=\u00bb-110px\u00bb custom_padding=\u00bb15px|30px|15px|30px|true|true\u00bb hover_enabled=\u00bb0&#8243; border_width_left=\u00bb15px\u00bb border_color_left=\u00bb#2A2761&#8243; box_shadow_style=\u00bbpreset3&#8243; global_colors_info=\u00bb{}\u00bb sticky_enabled=\u00bb0&#8243;]<\/p>\n<p><strong>Yulia Martynova &#8211; Relaci\u00f3n con clientes \u00b7 Espa\u00f1ol, Ruso &amp; Ingl\u00e9s<\/strong><\/p>\n<p>Licenciada por la Universidad de los Pueblos, Mosc\u00fa en 2002. Tiene experiencia internacional en gesti\u00f3n de operaciones, log\u00edstica y atenci\u00f3n al cliente en diferentes sectores de la industria online.<\/p>\n<p>Es responsable de la gesti\u00f3n de la comunicaci\u00f3n y la relaci\u00f3n con los clientes, aportando su experiencia y conocimientos de idiomas.<\/p>\n<p><a href=\"mailto:yulia@ustaxconsultants.es\">yulia@ustaxconsultants.es<\/a><\/p>\n<p>[\/et_pb_text][\/et_pb_column][\/et_pb_row][\/et_pb_section][et_pb_section fb_built=\u00bb1&#8243; _builder_version=\u00bb4.19.4&#8243; _module_preset=\u00bbdefault\u00bb da_disable_devices=\u00bboff|off|off\u00bb global_colors_info=\u00bb{}\u00bb da_is_popup=\u00bboff\u00bb da_exit_intent=\u00bboff\u00bb da_has_close=\u00bbon\u00bb da_alt_close=\u00bboff\u00bb da_dark_close=\u00bboff\u00bb da_not_modal=\u00bbon\u00bb da_is_singular=\u00bboff\u00bb da_with_loader=\u00bboff\u00bb da_has_shadow=\u00bbon\u00bb][et_pb_row _builder_version=\u00bb4.19.4&#8243; _module_preset=\u00bbdefault\u00bb global_colors_info=\u00bb{}\u00bb][et_pb_column type=\u00bb4_4&#8243; _builder_version=\u00bb4.19.4&#8243; _module_preset=\u00bbdefault\u00bb global_colors_info=\u00bb{}\u00bb][et_pb_text _builder_version=\u00bb4.19.4&#8243; _module_preset=\u00bbdefault\u00bb header_2_font=\u00bb|600|||||||\u00bb header_2_text_color=\u00bb#2A2761&#8243; header_2_font_size=\u00bb24px\u00bb global_colors_info=\u00bb{}\u00bb]<\/p>\n<h2>En homenaje a nuestros fundadores<\/h2>\n<p>Nuestra empresa fue fundada por John G. Kearins en 1965. Originalmente era responsable del \u00e1rea fiscal de Arthur Andersen para Suiza, Italia, Grecia, Espa\u00f1a y Portugal. Despu\u00e9s de vivir un tiempo en Italia, John acab\u00f3 traslad\u00e1ndose a Madrid y se uni\u00f3 a Henry Frautschy, para seguir ayudando a los expatriados estadounidenses que viv\u00edan en Espa\u00f1a.<\/p>\n<p>[\/et_pb_text][\/et_pb_column][\/et_pb_row][et_pb_row column_structure=\u00bb3_5,2_5&#8243; make_equal=\u00bbon\u00bb _builder_version=\u00bb4.19.4&#8243; _module_preset=\u00bbdefault\u00bb global_colors_info=\u00bb{}\u00bb][et_pb_column type=\u00bb3_5&#8243; _builder_version=\u00bb4.19.4&#8243; _module_preset=\u00bbdefault\u00bb z_index=\u00bb10&#8243; custom_css_main_element=\u00bbalign-self: center;\u00bb global_colors_info=\u00bb{}\u00bb][et_pb_text _builder_version=\u00bb4.19.4&#8243; _module_preset=\u00bbdefault\u00bb background_color=\u00bb#FFFFFF\u00bb positioning=\u00bbrelative\u00bb z_index=\u00bb2&#8243; custom_padding=\u00bb15px|30px|15px|30px|true|true\u00bb border_color_right=\u00bb#2A2761&#8243; border_color_left=\u00bb#2A2761&#8243; global_colors_info=\u00bb{}\u00bb]<\/p>\n<p><b>Henry Frautschy<br \/><\/b><b>Miembro Fundador<\/b><\/p>\n<p>Era contable americano con un m\u00e1ster del IE (Instituto de Empresa, Madrid.) y una trayectoria de m\u00e1s de 20 a\u00f1os ayudando a americanos residentes en el extranjero a preparar sus declaraciones de impuestos estadounidenses.<span class=\"Apple-converted-space\"> <\/span><\/p>\n<p>Tambi\u00e9n elaboraba las declaraciones de Impuestos espa\u00f1olas para nuestros clientes. Cre\u00f3 y dirigi\u00f3 la antigua Syncordia durante casi 20 a\u00f1os. Henry falleci\u00f3 en marzo de 2011.<\/p>\n<p>[\/et_pb_text][\/et_pb_column][et_pb_column type=\u00bb2_5&#8243; _builder_version=\u00bb4.19.4&#8243; _module_preset=\u00bbdefault\u00bb global_colors_info=\u00bb{}\u00bb][et_pb_image src=\u00bb\/\/ustaxconsultants.es\/wp-content\/uploads\/2023\/01\/henry.jpg\u00bb title_text=\u00bbhenry\u00bb _builder_version=\u00bb4.19.4&#8243; _module_preset=\u00bbdefault\u00bb z_index=\u00bb0&#8243; width=\u00bb50%\u00bb border_width_all=\u00bb2px\u00bb border_color_all=\u00bb#2A2761&#8243; global_colors_info=\u00bb{}\u00bb][\/et_pb_image][\/et_pb_column][\/et_pb_row][et_pb_row column_structure=\u00bb2_5,3_5&#8243; make_equal=\u00bbon\u00bb _builder_version=\u00bb4.19.4&#8243; _module_preset=\u00bbdefault\u00bb global_colors_info=\u00bb{}\u00bb][et_pb_column type=\u00bb2_5&#8243; _builder_version=\u00bb4.19.4&#8243; _module_preset=\u00bbdefault\u00bb global_colors_info=\u00bb{}\u00bb][et_pb_image src=\u00bb\/\/ustaxconsultants.es\/wp-content\/uploads\/2023\/01\/John.jpg\u00bb title_text=\u00bbJohn\u00bb _builder_version=\u00bb4.19.4&#8243; _module_preset=\u00bbdefault\u00bb width=\u00bb50%\u00bb module_alignment=\u00bbcenter\u00bb border_width_all=\u00bb2px\u00bb border_color_all=\u00bb#2A2761&#8243; global_colors_info=\u00bb{}\u00bb][\/et_pb_image][\/et_pb_column][et_pb_column type=\u00bb3_5&#8243; _builder_version=\u00bb4.19.4&#8243; _module_preset=\u00bbdefault\u00bb custom_css_main_element=\u00bbalign-self: center;\u00bb global_colors_info=\u00bb{}\u00bb][et_pb_text _builder_version=\u00bb4.19.4&#8243; _module_preset=\u00bbdefault\u00bb background_color=\u00bb#FFFFFF\u00bb positioning=\u00bbrelative\u00bb horizontal_offset=\u00bb-110px\u00bb custom_padding=\u00bb15px|30px|15px|30px|true|true\u00bb border_color_left=\u00bb#2A2761&#8243; global_colors_info=\u00bb{}\u00bb]<\/p>\n<p><b>John G. Kearins<br \/><\/b><b>Miembro Fundador<\/b><\/p>\n<p>Abogado y contable p\u00fablico titulado. Obtuvo su licenciatura en contabilidad y su certificado de CPA en la Universidad de Illinois y su Juris Doctor en la Universidad DePaul. Fue admitido a ejercer ante el Tribunal Fiscal de los Estados Unidos. Durante m\u00e1s de 45 a\u00f1os se especializ\u00f3 en la fiscalidad de estadounidenses residentes en el extranjero. Jack vivi\u00f3 en Italia y Espa\u00f1a.<\/p>\n<p>[\/et_pb_text][\/et_pb_column][\/et_pb_row][\/et_pb_section]<\/p>\n","protected":false},"excerpt":{"rendered":"<p>UN EQUIPO PROFESIONAL PARA GUIAR TUS IMPUESTOSAntonio Rodr\u00edguez \u00b7 CEO \u00b7 Espa\u00f1ol &amp; Ingl\u00e9s Asisti\u00f3 a la Universidad Estatal de Cleveland con una Beca Fulbright. Antonio cuenta con Diploma en Contabilidad Financiera por el Harvard Business School OnLine. Desde 2011 ha sido preparador de declaraciones de impuestos registrado con el IRS y Acceptance Agent desde [&hellip;]<\/p>\n","protected":false},"author":6,"featured_media":0,"parent":0,"menu_order":0,"comment_status":"closed","ping_status":"closed","template":"","meta":{"_acf_changed":false,"_et_pb_use_builder":"on","_et_pb_old_content":"","_et_gb_content_width":"","_monsterinsights_skip_tracking":false,"_monsterinsights_sitenote_active":false,"_monsterinsights_sitenote_note":"","_monsterinsights_sitenote_category":0,"footnotes":"","_links_to":"","_links_to_target":""},"class_list":["post-11516","page","type-page","status-publish","hentry"],"acf":[],"_links":{"self":[{"href":"https:\/\/ustaxconsultants.es\/es\/wp-json\/wp\/v2\/pages\/11516","targetHints":{"allow":["GET"]}}],"collection":[{"href":"https:\/\/ustaxconsultants.es\/es\/wp-json\/wp\/v2\/pages"}],"about":[{"href":"https:\/\/ustaxconsultants.es\/es\/wp-json\/wp\/v2\/types\/page"}],"author":[{"embeddable":true,"href":"https:\/\/ustaxconsultants.es\/es\/wp-json\/wp\/v2\/users\/6"}],"replies":[{"embeddable":true,"href":"https:\/\/ustaxconsultants.es\/es\/wp-json\/wp\/v2\/comments?post=11516"}],"version-history":[{"count":0,"href":"https:\/\/ustaxconsultants.es\/es\/wp-json\/wp\/v2\/pages\/11516\/revisions"}],"wp:attachment":[{"href":"https:\/\/ustaxconsultants.es\/es\/wp-json\/wp\/v2\/media?parent=11516"}],"curies":[{"name":"wp","href":"https:\/\/api.w.org\/{rel}","templated":true}]}}