{"id":11519,"date":"2023-01-14T01:31:43","date_gmt":"2023-01-14T01:31:43","guid":{"rendered":"http:\/\/13.40.31.108\/area-de-clientes\/"},"modified":"2024-05-27T09:51:18","modified_gmt":"2024-05-27T07:51:18","slug":"area-de-clientes","status":"publish","type":"page","link":"https:\/\/ustaxconsultants.es\/es\/area-de-clientes\/","title":{"rendered":"\u00c1rea de Clientes"},"content":{"rendered":"<p>[et_pb_section fb_built=\u00bb1&#8243; _builder_version=\u00bb4.19.1&#8243; _module_preset=\u00bbdefault\u00bb background_image=\u00bb\/\/ustaxconsultants.es\/wp-content\/uploads\/2023\/01\/Subpagina-Area-Clientes-imagen-1.jpg\u00bb min_height=\u00bb60vh\u00bb da_disable_devices=\u00bboff|off|off\u00bb global_colors_info=\u00bb{}\u00bb da_is_popup=\u00bboff\u00bb da_exit_intent=\u00bboff\u00bb da_has_close=\u00bbon\u00bb da_alt_close=\u00bboff\u00bb da_dark_close=\u00bboff\u00bb da_not_modal=\u00bbon\u00bb da_is_singular=\u00bboff\u00bb da_with_loader=\u00bboff\u00bb da_has_shadow=\u00bbon\u00bb][et_pb_row _builder_version=\u00bb4.19.1&#8243; _module_preset=\u00bbdefault\u00bb global_colors_info=\u00bb{}\u00bb][et_pb_column type=\u00bb4_4&#8243; _builder_version=\u00bb4.19.1&#8243; _module_preset=\u00bbdefault\u00bb global_colors_info=\u00bb{}\u00bb][et_pb_text _builder_version=\u00bb4.19.1&#8243; _module_preset=\u00bbdefault\u00bb text_font=\u00bb|||on|||||\u00bb text_text_color=\u00bb#2A2761&#8243; text_font_size=\u00bb40px\u00bb custom_padding=\u00bb15%||||false|false\u00bb global_colors_info=\u00bb{}\u00bb]<\/p>\n<p>\u00c1rea de Clientes<\/p>\n<p>[\/et_pb_text][\/et_pb_column][\/et_pb_row][\/et_pb_section][et_pb_section fb_built=\u00bb1&#8243; _builder_version=\u00bb4.19.1&#8243; _module_preset=\u00bbdefault\u00bb da_disable_devices=\u00bboff|off|off\u00bb global_colors_info=\u00bb{}\u00bb da_is_popup=\u00bboff\u00bb da_exit_intent=\u00bboff\u00bb da_has_close=\u00bbon\u00bb da_alt_close=\u00bboff\u00bb da_dark_close=\u00bboff\u00bb da_not_modal=\u00bbon\u00bb da_is_singular=\u00bboff\u00bb da_with_loader=\u00bboff\u00bb da_has_shadow=\u00bbon\u00bb][et_pb_row _builder_version=\u00bb4.24.3&#8243; _module_preset=\u00bbdefault\u00bb custom_margin=\u00bb||40px||false|false\u00bb hover_enabled=\u00bb0&#8243; global_colors_info=\u00bb{}\u00bb column_structure=\u00bb1_2,1_2&#8243; make_equal=\u00bbon\u00bb sticky_enabled=\u00bb0&#8243;][et_pb_column type=\u00bb1_2&#8243; _builder_version=\u00bb4.19.1&#8243; _module_preset=\u00bbdefault\u00bb global_colors_info=\u00bb{}\u00bb][et_pb_text _builder_version=\u00bb4.19.1&#8243; _module_preset=\u00bbdefault\u00bb text_text_color=\u00bb#666666&#8243; text_font_size=\u00bb16px\u00bb header_2_font=\u00bb|600|||||||\u00bb header_2_text_color=\u00bb#2A2761&#8243; global_colors_info=\u00bb{}\u00bb]<\/p>\n<h2>TODA TU INFORMACI\u00d3N EN UN CLIC<\/h2>\n<p>&nbsp;<\/p>\n<ul>\n<li>Tu informaci\u00f3n personal<\/li>\n<li>Ver la documentaci\u00f3n que nos has enviado<\/li>\n<li>Revisar las declaraciones que hemos preparado<\/li>\n<li>Ver las declaraciones de a\u00f1os anteriores<\/li>\n<li><b>Puedes subir la documentaci\u00f3n a tu carpeta personal<\/b><\/li>\n<\/ul>\n<p>[\/et_pb_text][et_pb_button button_url=\u00bbhttps:\/\/doc.ustaxconsultants.es\/home\/index?lang=es-ES&#038;s=1&#8243; button_text=\u00bbINICIAR SESI\u00d3N\u00bb _builder_version=\u00bb4.24.3&#8243; _module_preset=\u00bbdefault\u00bb custom_button=\u00bbon\u00bb button_text_color=\u00bb#FFFFFF\u00bb button_bg_color=\u00bb#BD1521&#8243; button_font=\u00bb|||on|||||\u00bb custom_padding=\u00bb|5%||5%|false|true\u00bb hover_enabled=\u00bb0&#8243; global_colors_info=\u00bb{}\u00bb positioning=\u00bbabsolute\u00bb position_origin_r=\u00bbbottom_left\u00bb position_origin_a=\u00bbbottom_left\u00bb position_origin_a_last_edited=\u00bbon|desktop\u00bb positioning_last_edited=\u00bbon|desktop\u00bb position_origin_f_last_edited=\u00bbon|desktop\u00bb position_origin_r_last_edited=\u00bbon|desktop\u00bb sticky_enabled=\u00bb0&#8243; positioning_phone=\u00bbnone\u00bb position_origin_a_tablet=\u00bbbottom_left\u00bb position_origin_a_phone=\u00bbbottom_left\u00bb positioning_tablet=\u00bbabsolute\u00bb position_origin_r_tablet=\u00bbbottom_left\u00bb position_origin_r_phone=\u00bbbottom_left\u00bb][\/et_pb_button][\/et_pb_column][et_pb_column type=\u00bb1_2&#8243; _builder_version=\u00bb4.19.1&#8243; _module_preset=\u00bbdefault\u00bb global_colors_info=\u00bb{}\u00bb][et_pb_image src=\u00bb\/\/ustaxconsultants.es\/wp-content\/uploads\/2024\/05\/es-es.png\u00bb _builder_version=\u00bb4.24.3&#8243; _module_preset=\u00bbdefault\u00bb align=\u00bbcenter\u00bb width=\u00bb33%\u00bb title_text=\u00bbes-es\u00bb hover_enabled=\u00bb0&#8243; sticky_enabled=\u00bb0&#8243;][\/et_pb_image][et_pb_button button_url=\u00bb\/\/ustaxconsultants.es\/download\/como-utilizar-el-area-de-clientes\/?wpdmdl=14197&#038;masterkey=Ki9n9EWvj6nrmiKelj_2433a_W5O-AhqwQobN6JApn0K0Yh8nRky-4xDPdq6HGZV8qTcBb1pU3w5b07WpDwZM7GuncrlHZXT3__oAJViMhU\u00bb button_text=\u00bbC\u00f3mo utilizar el \u00e1rea de clientes\u00bb _builder_version=\u00bb4.24.3&#8243; _module_preset=\u00bbdefault\u00bb custom_button=\u00bbon\u00bb button_text_color=\u00bb#FFFFFF\u00bb button_bg_color=\u00bb#BD1521&#8243; button_font=\u00bb|||on|||||\u00bb custom_padding=\u00bb|5%||5%|false|true\u00bb hover_enabled=\u00bb0&#8243; global_colors_info=\u00bb{}\u00bb button_alignment=\u00bbcenter\u00bb sticky_enabled=\u00bb0&#8243;][\/et_pb_button][\/et_pb_column][\/et_pb_row][et_pb_row _builder_version=\u00bb4.19.1&#8243; _module_preset=\u00bbdefault\u00bb border_width_left=\u00bb25px\u00bb border_color_left=\u00bb#2A2761&#8243; box_shadow_style=\u00bbpreset2&#8243; global_colors_info=\u00bb{}\u00bb][et_pb_column type=\u00bb4_4&#8243; _builder_version=\u00bb4.19.1&#8243; _module_preset=\u00bbdefault\u00bb global_colors_info=\u00bb{}\u00bb][et_pb_text _builder_version=\u00bb4.19.1&#8243; _module_preset=\u00bbdefault\u00bb text_text_color=\u00bb#666666&#8243; text_font_size=\u00bb16px\u00bb header_2_font=\u00bb|600|||||||\u00bb header_2_text_color=\u00bb#2A2761&#8243; width=\u00bb75%\u00bb custom_padding=\u00bb3%|3%|3%|3%|true|true\u00bb border_color_left=\u00bb#2A2761&#8243; global_colors_info=\u00bb{}\u00bb]<\/p>\n<h2>NUEVOS CLIENTES \/ SUBIR DOCUMENTACI\u00d3N EN NOMBRE DE UN CLIENTE<\/h2>\n<p>&nbsp;<\/p>\n<p>Una vez enviado cualquier documento quedar\u00e1 autom\u00e1ticamente registrado como cliente y recibir\u00e1 un correo electr\u00f3nico con su nombre de usuario y contrase\u00f1a.<\/p>\n<p>Adem\u00e1s, para un familiar, un administrador\u2026 puede subir documentaci\u00f3n con este acceso, completando la informaci\u00f3n con los datos del cliente.<\/p>\n<p>[\/et_pb_text][et_pb_button button_url=\u00bbhttps:\/\/doc.ustaxconsultants.es\/home\/index?lang=es-ES&#038;s=0&#8243; button_text=\u00bbENTER\u00bb _builder_version=\u00bb4.16&#8243; _module_preset=\u00bbdefault\u00bb custom_button=\u00bbon\u00bb button_text_color=\u00bb#FFFFFF\u00bb button_bg_color=\u00bb#BD1521&#8243; button_font=\u00bb|||on|||||\u00bb custom_margin=\u00bb|||3%|false|false\u00bb custom_padding=\u00bb|5%||5%|false|true\u00bb global_colors_info=\u00bb{}\u00bb][\/et_pb_button][\/et_pb_column][\/et_pb_row][et_pb_row _builder_version=\u00bb4.19.1&#8243; _module_preset=\u00bbdefault\u00bb global_colors_info=\u00bb{}\u00bb][et_pb_column type=\u00bb4_4&#8243; _builder_version=\u00bb4.19.1&#8243; _module_preset=\u00bbdefault\u00bb global_colors_info=\u00bb{}\u00bb][et_pb_text _builder_version=\u00bb4.19.1&#8243; _module_preset=\u00bbdefault\u00bb text_text_color=\u00bb#2A2761&#8243; text_font_size=\u00bb18px\u00bb global_colors_info=\u00bb{}\u00bb]<\/p>\n<p><b>Sistema seguro de transferencia encriptada<\/b><\/p>\n<p>[\/et_pb_text][\/et_pb_column][\/et_pb_row][\/et_pb_section]<\/p>\n","protected":false},"excerpt":{"rendered":"<p>\u00c1rea de ClientesTODA TU INFORMACI\u00d3N EN UN CLIC &nbsp; Tu informaci\u00f3n personal Ver la documentaci\u00f3n que nos has enviado Revisar las declaraciones que hemos preparado Ver las declaraciones de a\u00f1os anteriores Puedes subir la documentaci\u00f3n a tu carpeta personal NUEVOS CLIENTES \/ SUBIR DOCUMENTACI\u00d3N EN NOMBRE DE UN CLIENTE &nbsp; Una vez enviado cualquier documento [&hellip;]<\/p>\n","protected":false},"author":6,"featured_media":0,"parent":0,"menu_order":0,"comment_status":"closed","ping_status":"closed","template":"","meta":{"_acf_changed":false,"_et_pb_use_builder":"on","_et_pb_old_content":"","_et_gb_content_width":"","_monsterinsights_skip_tracking":false,"_monsterinsights_sitenote_active":false,"_monsterinsights_sitenote_note":"","_monsterinsights_sitenote_category":0,"footnotes":"","_links_to":"","_links_to_target":""},"class_list":["post-11519","page","type-page","status-publish","hentry"],"acf":[],"_links":{"self":[{"href":"https:\/\/ustaxconsultants.es\/es\/wp-json\/wp\/v2\/pages\/11519","targetHints":{"allow":["GET"]}}],"collection":[{"href":"https:\/\/ustaxconsultants.es\/es\/wp-json\/wp\/v2\/pages"}],"about":[{"href":"https:\/\/ustaxconsultants.es\/es\/wp-json\/wp\/v2\/types\/page"}],"author":[{"embeddable":true,"href":"https:\/\/ustaxconsultants.es\/es\/wp-json\/wp\/v2\/users\/6"}],"replies":[{"embeddable":true,"href":"https:\/\/ustaxconsultants.es\/es\/wp-json\/wp\/v2\/comments?post=11519"}],"version-history":[{"count":0,"href":"https:\/\/ustaxconsultants.es\/es\/wp-json\/wp\/v2\/pages\/11519\/revisions"}],"wp:attachment":[{"href":"https:\/\/ustaxconsultants.es\/es\/wp-json\/wp\/v2\/media?parent=11519"}],"curies":[{"name":"wp","href":"https:\/\/api.w.org\/{rel}","templated":true}]}}