{"id":13718,"date":"2024-01-02T15:57:20","date_gmt":"2024-01-02T14:57:20","guid":{"rendered":"http:\/\/13.40.31.108\/mision-vision-y-valores\/"},"modified":"2024-01-02T15:57:20","modified_gmt":"2024-01-02T14:57:20","slug":"mision-vision-y-valores","status":"publish","type":"page","link":"https:\/\/ustaxconsultants.es\/es\/mision-vision-y-valores\/","title":{"rendered":"Misi\u00f3n, Visi\u00f3n y Valores"},"content":{"rendered":"<p><b><i>Misi\u00f3n:<\/i><\/b><i> U.S. Tax Consultants ha sido creada para brindar servicios de preparaci\u00f3n de impuestos a ciudadanos estadounidenses desde 1965. Hemos estado ayudando a nuestros clientes a encontrar respuestas a sus necesidades fiscales, con la confianza de que siempre les prepararemos una declaraci\u00f3n de impuestos correcta.<\/i><\/p>\n<p><b><i>Vision: <\/i><\/b><i>The development of U.S. Tax Consultants in Spain and Portugal consolidating itself as the number one brand in American taxes in the Iberian Peninsula.<\/i><\/p>\n<p><b><i>Valores:<\/i><\/b> <i>A estas alturas, 2023, los valores de US Tax Consultants son:<\/i><\/p>\n<p><b><i>1. Obsesi\u00f3n por el cliente<\/i><\/b><i>: \u201cSi alguien nos llama es porque necesita ayuda\u201d. Los impuestos son dif\u00edciles de entender y no son f\u00e1ciles para los clientes; no pueden ser conscientes de las consecuencias de las decisiones que toman al firmar una declaraci\u00f3n de impuestos, y necesitan tener la confianza de que prepararemos una declaraci\u00f3n de impuestos correcta. Y esto significa convertir a los clientes en fan\u00e1ticos que creen, promueven y siguen regresando a nuestra empresa. Cultivamos esta fidelizaci\u00f3n del cliente a trav\u00e9s de una comunicaci\u00f3n exhaustiva, dentro de la empresa y con los clientes.<\/i><\/p>\n<p><b><i>2. Innovaci\u00f3n constante:<\/i><\/b> <i>Aceptamos los cambios,<\/i> <b><i>porque siempre estamos actualizados<\/i><\/b> <i>con nuevas leyes y procedimientos, con nuevo software y tecnolog\u00eda y<\/i> <b><i>porque debemos ser m\u00e1s eficientes<\/i><\/b> <i>en nuestro trabajo.<\/i><\/p>\n<p><b><i>3. Predisposici\u00f3n a la acci\u00f3n:<\/i><\/b> <i>Todos estamos dispuestos a tomar la iniciativa ante cualquier reto para desarrollar mejor el trabajo de la empresa: como encontrar una respuesta r\u00e1pida a las necesidades de los clientes, hacerles sentir importantes, ser proactivos para encontrar soluciones a las necesidades de los clientes.<\/i><\/p>\n<p><b><i>4. Empleados y colaboradores<\/i><\/b><i>: El capital humano es el activo m\u00e1s importante de la empresa y por eso ofrecemos las mejores condiciones laborales posibles para que est\u00e9n felices y satisfechos. Cuando los empleados se sienten valorados, valoran a nuestros clientes: son m\u00e1s emp\u00e1ticos con las partes interesadas, m\u00e1s motivados para hacer el trabajo y ayudar mejor a los clientes.<\/i><\/p>\n<p><b><i>5. Democratizaci\u00f3n de los precios<\/i><\/b><i>: Creemos en una pol\u00edtica de precios bajos, lo que significa que nuestras tarifas se basan en el tiempo invertido y la complejidad del servicio prestado, para que podamos competir con las empresas de bajo costo, incluso ofreciendo una atenci\u00f3n a clientes personalizada y una asistencia profesional de alta calidad, porque el cliente es lo primero. Preferimos muchos clientes con un margen comercial muy bajo que unos pocos clientes con un margen grande.<\/i><\/p>\n<p><b><i>6. Accesibilidad y disponibilidad:<\/i><\/b><i> Nuestros servicios pueden ser utilizados por todas las personas, independientemente de la hora del d\u00eda, o de sus capacidades f\u00edsicas, sensoriales o cognitivas. Nuestra plataforma permite a nuestros clientes darnos instrucciones y acceder a su informaci\u00f3n 24 horas al d\u00eda, 7 d\u00edas a la semana. <\/i><i>24\/7. Trabajamos duro para eliminar cualquier posible barrera a la comunicaci\u00f3n.<\/i><\/p>\n","protected":false},"excerpt":{"rendered":"<p>Misi\u00f3n: U.S. Tax Consultants ha sido creada para brindar servicios de preparaci\u00f3n de impuestos a ciudadanos estadounidenses desde 1965. Hemos estado ayudando a nuestros clientes a encontrar respuestas a sus necesidades fiscales, con la confianza de que siempre les prepararemos una declaraci\u00f3n de impuestos correcta. Vision: The development of U.S. Tax Consultants in Spain and [&hellip;]<\/p>\n","protected":false},"author":6,"featured_media":13401,"parent":0,"menu_order":0,"comment_status":"closed","ping_status":"closed","template":"","meta":{"_acf_changed":false,"_et_pb_use_builder":"","_et_pb_old_content":"","_et_gb_content_width":"","_monsterinsights_skip_tracking":false,"_monsterinsights_sitenote_active":false,"_monsterinsights_sitenote_note":"","_monsterinsights_sitenote_category":0,"footnotes":"","_links_to":"","_links_to_target":""},"class_list":["post-13718","page","type-page","status-publish","has-post-thumbnail","hentry"],"acf":[],"_links":{"self":[{"href":"https:\/\/ustaxconsultants.es\/es\/wp-json\/wp\/v2\/pages\/13718","targetHints":{"allow":["GET"]}}],"collection":[{"href":"https:\/\/ustaxconsultants.es\/es\/wp-json\/wp\/v2\/pages"}],"about":[{"href":"https:\/\/ustaxconsultants.es\/es\/wp-json\/wp\/v2\/types\/page"}],"author":[{"embeddable":true,"href":"https:\/\/ustaxconsultants.es\/es\/wp-json\/wp\/v2\/users\/6"}],"replies":[{"embeddable":true,"href":"https:\/\/ustaxconsultants.es\/es\/wp-json\/wp\/v2\/comments?post=13718"}],"version-history":[{"count":0,"href":"https:\/\/ustaxconsultants.es\/es\/wp-json\/wp\/v2\/pages\/13718\/revisions"}],"wp:featuredmedia":[{"embeddable":true,"href":"https:\/\/ustaxconsultants.es\/es\/wp-json\/wp\/v2\/media\/13401"}],"wp:attachment":[{"href":"https:\/\/ustaxconsultants.es\/es\/wp-json\/wp\/v2\/media?parent=13718"}],"curies":[{"name":"wp","href":"https:\/\/api.w.org\/{rel}","templated":true}]}}