{"id":15361,"date":"2025-04-18T12:25:26","date_gmt":"2025-04-18T10:25:26","guid":{"rendered":"http:\/\/13.40.31.108\/?page_id=15361"},"modified":"2025-04-18T12:26:12","modified_gmt":"2025-04-18T10:26:12","slug":"lista-de-documentacion-itin-numero-de-identificacion-fiscal","status":"publish","type":"page","link":"https:\/\/ustaxconsultants.es\/es\/lista-de-documentacion-itin-numero-de-identificacion-fiscal\/","title":{"rendered":"Lista de documentaci\u00f3n. ITIN N\u00famero de identificaci\u00f3n fiscal."},"content":{"rendered":"<p>[et_pb_section fb_built=\u00bb1&#8243; admin_label=\u00bbsection\u00bb _builder_version=\u00bb4.16&#8243; global_colors_info=\u00bb{}\u00bb da_is_popup=\u00bboff\u00bb da_exit_intent=\u00bboff\u00bb da_has_close=\u00bbon\u00bb da_alt_close=\u00bboff\u00bb da_dark_close=\u00bboff\u00bb da_not_modal=\u00bbon\u00bb da_is_singular=\u00bboff\u00bb da_with_loader=\u00bboff\u00bb da_has_shadow=\u00bbon\u00bb da_disable_devices=\u00bboff|off|off\u00bb][et_pb_row admin_label=\u00bbrow\u00bb _builder_version=\u00bb4.16&#8243; background_size=\u00bbinitial\u00bb background_position=\u00bbtop_left\u00bb background_repeat=\u00bbrepeat\u00bb global_colors_info=\u00bb{}\u00bb][et_pb_column type=\u00bb4_4&#8243; _builder_version=\u00bb4.16&#8243; custom_padding=\u00bb|||\u00bb global_colors_info=\u00bb{}\u00bb custom_padding__hover=\u00bb|||\u00bb][\/et_pb_column][\/et_pb_row][\/et_pb_section]<\/p>\n","protected":false},"excerpt":{"rendered":"","protected":false},"author":4,"featured_media":0,"parent":0,"menu_order":0,"comment_status":"closed","ping_status":"closed","template":"","meta":{"_acf_changed":false,"_et_pb_use_builder":"on","_et_pb_old_content":"","_et_gb_content_width":"","_monsterinsights_skip_tracking":false,"_monsterinsights_sitenote_active":false,"_monsterinsights_sitenote_note":"","_monsterinsights_sitenote_category":0,"footnotes":"","_links_to":"","_links_to_target":""},"class_list":["post-15361","page","type-page","status-publish","hentry"],"acf":[],"_links":{"self":[{"href":"https:\/\/ustaxconsultants.es\/es\/wp-json\/wp\/v2\/pages\/15361","targetHints":{"allow":["GET"]}}],"collection":[{"href":"https:\/\/ustaxconsultants.es\/es\/wp-json\/wp\/v2\/pages"}],"about":[{"href":"https:\/\/ustaxconsultants.es\/es\/wp-json\/wp\/v2\/types\/page"}],"author":[{"embeddable":true,"href":"https:\/\/ustaxconsultants.es\/es\/wp-json\/wp\/v2\/users\/4"}],"replies":[{"embeddable":true,"href":"https:\/\/ustaxconsultants.es\/es\/wp-json\/wp\/v2\/comments?post=15361"}],"version-history":[{"count":0,"href":"https:\/\/ustaxconsultants.es\/es\/wp-json\/wp\/v2\/pages\/15361\/revisions"}],"wp:attachment":[{"href":"https:\/\/ustaxconsultants.es\/es\/wp-json\/wp\/v2\/media?parent=15361"}],"curies":[{"name":"wp","href":"https:\/\/api.w.org\/{rel}","templated":true}]}}