{"id":5113,"date":"2018-08-13T15:02:52","date_gmt":"2018-08-13T15:02:52","guid":{"rendered":"https:\/\/ustaxconsultants.azurewebsites.net\/?page_id=5113"},"modified":"2023-02-09T18:57:55","modified_gmt":"2023-02-09T18:57:55","slug":"politica-de-cookies","status":"publish","type":"page","link":"https:\/\/ustaxconsultants.es\/es\/politica-de-cookies\/","title":{"rendered":"Pol\u00edtica de Cookies"},"content":{"rendered":"<p>[et_pb_section fb_built=\u00bb1&#8243; _builder_version=\u00bb4.19.4&#8243; _module_preset=\u00bbdefault\u00bb background_image=\u00bb\/\/ustaxconsultants.es\/wp-content\/uploads\/2023\/02\/Imagen-Web-US-Tax-LEGAL-NOTICE-COOKIES-POLITICA-PRIVACIDAD.png\u00bb min_height=\u00bb50vh\u00bb da_disable_devices=\u00bboff|off|off\u00bb global_colors_info=\u00bb{}\u00bb theme_builder_area=\u00bbpost_content\u00bb da_is_popup=\u00bboff\u00bb da_exit_intent=\u00bboff\u00bb da_has_close=\u00bbon\u00bb da_alt_close=\u00bboff\u00bb da_dark_close=\u00bboff\u00bb da_not_modal=\u00bbon\u00bb da_is_singular=\u00bboff\u00bb da_with_loader=\u00bboff\u00bb da_has_shadow=\u00bbon\u00bb][et_pb_row _builder_version=\u00bb4.19.4&#8243; _module_preset=\u00bbdefault\u00bb global_colors_info=\u00bb{}\u00bb theme_builder_area=\u00bbpost_content\u00bb][et_pb_column type=\u00bb4_4&#8243; _builder_version=\u00bb4.19.4&#8243; _module_preset=\u00bbdefault\u00bb global_colors_info=\u00bb{}\u00bb theme_builder_area=\u00bbpost_content\u00bb][et_pb_text _builder_version=\u00bb4.19.4&#8243; _module_preset=\u00bbdefault\u00bb header_2_font=\u00bbOpen Sans||||||||\u00bb header_2_text_color=\u00bb#29245c\u00bb header_2_font_size=\u00bb40px\u00bb custom_padding=\u00bb10%||10%||true|false\u00bb hover_enabled=\u00bb0&#8243; global_colors_info=\u00bb{}\u00bb theme_builder_area=\u00bbpost_content\u00bb sticky_enabled=\u00bb0&#8243;]<\/p>\n<h2>POL\u00cdTICA DE COOKIES<\/h2>\n<p>[\/et_pb_text][\/et_pb_column][\/et_pb_row][\/et_pb_section][et_pb_section fb_built=\u00bb1&#8243; admin_label=\u00bbBlog\u00bb _builder_version=\u00bb4.16&#8243; background_color=\u00bb#f6f8fa\u00bb global_colors_info=\u00bb{}\u00bb da_is_popup=\u00bboff\u00bb da_exit_intent=\u00bboff\u00bb da_has_close=\u00bbon\u00bb da_alt_close=\u00bboff\u00bb da_dark_close=\u00bboff\u00bb da_not_modal=\u00bbon\u00bb da_is_singular=\u00bboff\u00bb da_with_loader=\u00bboff\u00bb da_has_shadow=\u00bbon\u00bb da_disable_devices=\u00bboff|off|off\u00bb][et_pb_row _builder_version=\u00bb4.16&#8243; global_colors_info=\u00bb{}\u00bb][et_pb_column type=\u00bb4_4&#8243; _builder_version=\u00bb4.16&#8243; custom_padding=\u00bb|||\u00bb global_colors_info=\u00bb{}\u00bb custom_padding__hover=\u00bb|||\u00bb][et_pb_text _builder_version=\u00bb4.16&#8243; text_font=\u00bb||||||||\u00bb text_orientation=\u00bbjustified\u00bb global_colors_info=\u00bb{}\u00bb]<\/p>\n<p>\u00daltima actualizaci\u00f3n: 12 de agosto de 2018<\/p>\n<p>NEW MEDIA LAB, SL (\u00abnosotros\u00bb, \u00abnosotros\u00bb o \u00abnuestro\u00bb) utiliza cookies en el sitio web www.ustaxconsultants.es (el \u00abServicio\u00bb). Al usar el Servicio, usted acepta el uso de cookies.<\/p>\n<p>Nuestra Pol\u00edtica de Cookies explica qu\u00e9 son las cookies, c\u00f3mo las usamos, c\u00f3mo terceros con los que podemos asociarnos pueden usar cookies en el Servicio, tus opciones con respecto a las cookies y m\u00e1s informaci\u00f3n.<\/p>\n<p><strong>Qu\u00e9 son las cookies<\/strong><\/p>\n<p>Las cookies son peque\u00f1as piezas de texto enviadas a su navegador web por un sitio web que visita. Se almacena un archivo de cookies en tu navegador web y permite que el Servicio o un tercero lo reconozca y facilite tu pr\u00f3xima visita y le sirva el Servicio.<\/p>\n<p>Las cookies pueden ser \u00abpersistentes\u00bb o \u00abde sesi\u00f3n\u00bb. Las cookies persistentes permanecen en tu computadora personal o dispositivo m\u00f3vil cuando te desconectas, mientras que las cookies de sesi\u00f3n se eliminan tan pronto como cierras su navegador web.<\/p>\n<p><strong>C\u00f3mo NEW MEDIA LAB, SL utiliza las cookies<\/strong><\/p>\n<p>Cuando utilizas y accedes al Servicio, podemos colocar una cantidad de archivos de cookies en su navegador web.<\/p>\n<p>Usamos las cookies para los siguientes prop\u00f3sitos:<\/p>\n<ul>\n<li>Para habilitar ciertas funciones del Servicio<\/li>\n<li>Para proporcionar an\u00e1lisis<\/li>\n<\/ul>\n<p>Utilizamos cookies de sesi\u00f3n y persistentes en el Servicio y utilizamos diferentes tipos de cookies para ejecutar el Servicio:<\/p>\n<ul>\n<li>Cookies esenciales. Podemos utilizar cookies para recordar informaci\u00f3n que cambia la forma en que se comporta o se ve el Servicio, como la preferencia de idioma del usuario en el Servicio.<\/li>\n<li>Cookies de an\u00e1lisis. Podemos usar cookies anal\u00edticas para rastrear informaci\u00f3n sobre c\u00f3mo se utiliza el servicio para que podamos hacer mejoras. Tambi\u00e9n podemos usar cookies de an\u00e1lisis para probar nuevos anuncios, p\u00e1ginas, caracter\u00edsticas o nuevas funcionalidades del Servicio para ver c\u00f3mo reaccionan nuestros usuarios ante ellos.<\/li>\n<\/ul>\n<p><strong>Cookies de terceros<\/strong><\/p>\n<p>Adem\u00e1s de nuestras propias cookies, tambi\u00e9n podemos utilizar varias cookies de terceros para informar las estad\u00edsticas de uso del Servicio, entregar anuncios en y a trav\u00e9s del Servicio, y as\u00ed sucesivamente.<\/p>\n<p><strong>\u00bfCu\u00e1les son tus opciones con respecto a las cookies?<\/strong><\/p>\n<p>Si deseas eliminar las cookies o indicarle a su navegador que elimine o rechace las cookies, visita las p\u00e1ginas de ayuda de su navegador web.<\/p>\n<p>Sin embargo, ten en cuenta que, si eliminas las cookies o te niega a aceptarlas, es posible que no puedas utilizar todas las funciones que ofrecemos; es posible que no puedas almacenar tus preferencias y que algunas de nuestras p\u00e1ginas no se muestren correctamente.<\/p>\n<ul>\n<li>Para el navegador web Chrome, visita esta p\u00e1gina de Google:https:\/\/support.google.com\/accounts\/answer\/32050<\/li>\n<li>Para el navegador web de Internet Explorer, visita esta p\u00e1gina de Microsoft: http:\/\/support.microsoft.com\/kb\/278835<\/li>\n<li>Para el navegador web Firefox, visita esta p\u00e1gina desde Mozilla: https:\/\/support.mozilla.org\/en-US\/kb\/delete-cookies-remove-info-websites-stored<\/li>\n<li>Para el navegador web Safari, visita esta p\u00e1gina de Apple: https:\/\/support.apple.com\/kb\/PH21411?locale=en_US<\/li>\n<li>Para cualquier otro navegador web, visita las p\u00e1ginas web oficiales de su navegador web.<\/li>\n<\/ul>\n<p><strong>\u00bfD\u00f3nde puedes encontrar m\u00e1s informaci\u00f3n sobre las cookies?<\/strong><\/p>\n<p>Puedes obtener m\u00e1s informaci\u00f3n sobre las cookies y los siguientes sitios web de terceros:<\/p>\n<ul>\n<li>AllAboutCookies: http:\/\/www.allaboutcookies.org\/<\/li>\n<li>Iniciativa de publicidad en red: http:\/\/www.networkadvertising.org\/<\/li>\n<\/ul>\n<p>[\/et_pb_text][\/et_pb_column][\/et_pb_row][\/et_pb_section]<\/p>\n","protected":false},"excerpt":{"rendered":"<p>POL\u00cdTICA DE COOKIES\u00daltima actualizaci\u00f3n: 12 de agosto de 2018 NEW MEDIA LAB, SL (\u00abnosotros\u00bb, \u00abnosotros\u00bb o \u00abnuestro\u00bb) utiliza cookies en el sitio web www.ustaxconsultants.es (el \u00abServicio\u00bb). Al usar el Servicio, usted acepta el uso de cookies. Nuestra Pol\u00edtica de Cookies explica qu\u00e9 son las cookies, c\u00f3mo las usamos, c\u00f3mo terceros con los que podemos asociarnos [&hellip;]<\/p>\n","protected":false},"author":4,"featured_media":0,"parent":0,"menu_order":0,"comment_status":"closed","ping_status":"closed","template":"","meta":{"_acf_changed":false,"_et_pb_use_builder":"on","_et_pb_old_content":"","_et_gb_content_width":"","_monsterinsights_skip_tracking":false,"_monsterinsights_sitenote_active":false,"_monsterinsights_sitenote_note":"","_monsterinsights_sitenote_category":0,"footnotes":"","_links_to":"","_links_to_target":""},"class_list":["post-5113","page","type-page","status-publish","hentry"],"acf":[],"_links":{"self":[{"href":"https:\/\/ustaxconsultants.es\/es\/wp-json\/wp\/v2\/pages\/5113","targetHints":{"allow":["GET"]}}],"collection":[{"href":"https:\/\/ustaxconsultants.es\/es\/wp-json\/wp\/v2\/pages"}],"about":[{"href":"https:\/\/ustaxconsultants.es\/es\/wp-json\/wp\/v2\/types\/page"}],"author":[{"embeddable":true,"href":"https:\/\/ustaxconsultants.es\/es\/wp-json\/wp\/v2\/users\/4"}],"replies":[{"embeddable":true,"href":"https:\/\/ustaxconsultants.es\/es\/wp-json\/wp\/v2\/comments?post=5113"}],"version-history":[{"count":0,"href":"https:\/\/ustaxconsultants.es\/es\/wp-json\/wp\/v2\/pages\/5113\/revisions"}],"wp:attachment":[{"href":"https:\/\/ustaxconsultants.es\/es\/wp-json\/wp\/v2\/media?parent=5113"}],"curies":[{"name":"wp","href":"https:\/\/api.w.org\/{rel}","templated":true}]}}