{"id":7335,"date":"2020-02-26T01:13:27","date_gmt":"2020-02-26T01:13:27","guid":{"rendered":"http:\/\/13.40.31.108\/?page_id=7335"},"modified":"2020-05-04T15:31:54","modified_gmt":"2020-05-04T15:31:54","slug":"bases-del-concurso","status":"publish","type":"page","link":"https:\/\/ustaxconsultants.es\/es\/bases-del-concurso\/","title":{"rendered":"Bases del concurso"},"content":{"rendered":"<p>[et_pb_section fb_built=\u00bb1&#8243; admin_label=\u00bbHero\u00bb _builder_version=\u00bb3.22&#8243; background_image=\u00bbhttps:\/\/ustaxconsultants.azurewebsites.net\/wp-content\/uploads\/2018\/08\/Accountant-Image-33.jpg\u00bb background_blend=\u00bbmultiply\u00bb custom_padding=\u00bb54px|0px|36px|0px|false|false\u00bb][et_pb_row _builder_version=\u00bb3.25&#8243; background_size=\u00bbinitial\u00bb background_position=\u00bbtop_left\u00bb background_repeat=\u00bbrepeat\u00bb custom_padding=\u00bb27px|0px|27px|0px|false|false\u00bb][et_pb_column type=\u00bb4_4&#8243; _builder_version=\u00bb3.25&#8243; custom_padding=\u00bb|||\u00bb custom_padding__hover=\u00bb|||\u00bb][et_pb_text admin_label=\u00bbT\u00edtulo\u00bb _builder_version=\u00bb4.0.6&#8243; text_font=\u00bb||||||||\u00bb text_font_size=\u00bb20px\u00bb text_line_height=\u00bb1.8em\u00bb header_font=\u00bbOpen Sans|800|||||||\u00bb header_font_size=\u00bb60px\u00bb header_line_height=\u00bb1.3em\u00bb background_size=\u00bbinitial\u00bb background_position=\u00bbtop_left\u00bb background_repeat=\u00bbrepeat\u00bb background_layout=\u00bbdark\u00bb max_width=\u00bb800px\u00bb custom_margin=\u00bb|||\u00bb custom_margin_tablet=\u00bb|100px||\u00bb custom_margin_phone=\u00bb|30px||\u00bb custom_margin_last_edited=\u00bboff|desktop\u00bb header_font_size_tablet=\u00bb50px\u00bb header_font_size_phone=\u00bb40px\u00bb header_font_size_last_edited=\u00bbon|phone\u00bb header_line_height_tablet=\u00bb\u00bb header_line_height_phone=\u00bb\u00bb header_line_height_last_edited=\u00bbon|desktop\u00bb]<\/p>\n<h1>Bases del concurso<\/h1>\n<p>[\/et_pb_text][\/et_pb_column][\/et_pb_row][\/et_pb_section][et_pb_section fb_built=\u00bb1&#8243; admin_label=\u00bbBlog\u00bb _builder_version=\u00bb3.22&#8243; background_color=\u00bb#f6f8fa\u00bb][et_pb_row _builder_version=\u00bb3.25&#8243;][et_pb_column type=\u00bb4_4&#8243; _builder_version=\u00bb3.25&#8243; custom_padding=\u00bb|||\u00bb custom_padding__hover=\u00bb|||\u00bb][et_pb_text _builder_version=\u00bb4.0.6&#8243; text_orientation=\u00bbjustified\u00bb hover_enabled=\u00bb0&#8243;]<\/p>\n<p><b>Bases legales del \u00abSorteo 55 aniversario\u00bb de <em>US Tax Consultants<\/em> en Facebook<\/b><\/p>\n<p><em>US Tax Consultants<\/em>\u00a0es una marca de <em>New Media Lab S.L.<\/em> con C.I.F. B85709384 y con domicilio social Traves\u00eda de las Ca\u00f1as, 2 &#8211; 28043 Madrid. Organiza un Sorteo Promocional de \u00e1mbito nacional denominado \u201c<b>Sorteo 55 aniversario<\/b>\u201d (en adelante el \u201cSorteo Promocional\u201d) consistente en premiar a un (1) ganador con <b>una botella de vino <\/b>por el 55 aniversario de <em>US Tax Consultants<\/em><b>.<\/b><\/p>\n<p>Toda persona que participe en el concurso acepta todas y cada una de las disposiciones descritas en los estos T\u00e9rminos y Condiciones. Estas son aplicables, se complementan y se entienden que forman parte de estas condiciones particulares para todos los efectos legales (en adelante las condiciones generales y en conjunto con las condiciones particulares ser\u00e1n referidas como las Bases y\/o T\u00e9rminos y Condiciones).<\/p>\n<ol>\n<li><b>PARTICIPANTES:<\/b> La participaci\u00f3n en la presente acci\u00f3n promocional es gratuita. Podr\u00e1n participar ciudadanos americanos mayores de 18 a\u00f1os que residan en Espa\u00f1a.<\/li>\n<li><b>REQUISITOS:<\/b> Ser seguidor del perfil de <em>US Tax Consultants<\/em> en Facebook y contestar correctamente y en el plazo establecido a la pregunta realizada en el medio mencionado.<\/li>\n<li><b>PREMIO:<\/b> 1 botella de vino del 55 aniversario de <em>US Tax Consultants<\/em>.<\/li>\n<li><b>Lugar del Sorteo Promocional:<\/b> El Sorteo Promocional se realizar\u00e1 en la red social Facebook. Por lo tanto, para participar en el Sorteo Promocional ser\u00e1 necesario entrar y estar registrados como usuarios de Facebook.<\/li>\n<li><b>Mec\u00e1nica:<\/b> Para participar en el Sorteo ser\u00e1 necesario que los participantes sigan y cumplan la mec\u00e1nica que se establece a continuaci\u00f3n:<span class=\"Apple-converted-space\">\u00a0<\/span>\n<ol>\n<li>Disponer de un perfil real en Facebook.<\/li>\n<li>Seguir el perfil de <em>US Tax Consultants<\/em> en Facebook<\/li>\n<li>Contestar correctamente en los Comentarios a la pregunta correspondiente a la entrada del Sorteo.<\/li>\n<li>Los usuarios podr\u00e1n participar UNA (1) \u00fanica vez. En caso de que un mismo usuario responda dos o m\u00e1s veces en el mismo Sorteo Promocional, contar\u00e1 como una \u00fanica participaci\u00f3n.<\/li>\n<\/ol>\n<\/li>\n<li><b>Selecci\u00f3n del Ganador:<\/b> El Sorteo Promocional se realizar\u00e1 mediante una aplicaci\u00f3n a tal efecto. El usuario ganador (autor del comentario) ser\u00e1 escogido por la aplicaci\u00f3n de forma totalmente aleatoria y se comunicar\u00e1 el d\u00eda 3 del mes siguiente al de la ejecuci\u00f3n del concurso al que se refiera la convocatoria que normalmente se realiza en Facebook.<\/li>\n<li><b>PLAZOS:<\/b> El periodo establecido para el presente Sorteo Promocional comenzar\u00e1 a partir de las 11:00 am del d\u00eda 1 de marzo hasta las 13.00 pm del 31 de marzo de 2020<\/li>\n<li><b>\u00c1MBITO TERRITORIAL:<\/b> Espa\u00f1a. Quedan excluidas todas las participaciones que provengan fuera de este territorio.<\/li>\n<li><b>ENTREGA DEL PREMIO: <\/b>La empresa se pondr\u00e1 en contacto personalmente con el ganador (mediante mensaje privado en Facebook) y le informar\u00e1 de c\u00f3mo recibir\u00e1n el premio. Si el ganador no contactase en el plazo de CINCO (5) d\u00edas naturales, se entender\u00e1 a todos los efectos que \u00e9ste renuncia al Premio<br \/>La renuncia del premio no dar\u00e1 ning\u00fan derecho de indemnizaci\u00f3n o compensaci\u00f3n no pudiendo, por tanto, ser canjeado por ning\u00fan otro ni por dinero.<\/li>\n<li><b><\/b><b>Protecci\u00f3n de Datos: <\/b>En cumplimiento de la Ley org\u00e1nica 3\/2018 del 5 de diciembre de <i>protecci\u00f3n de datos<\/i> personales, <em>New Medial Lab, SL<\/em> informa que los datos que facilite para participar en este Sorteo Promocional \u00fanicamente ser\u00e1n utilizados para el sorteo y la entrega del premio y posteriormente ser\u00e1n destruidos.<\/li>\n<\/ol>\n<p><b>OBSERVACIONES:<\/b><\/p>\n<p>El reconocimiento como participante v\u00e1lido queda sujeto al cumplimiento de las condiciones establecidas en las presentes bases.<\/p>\n<p><em>US Tax Consultants<\/em> se reserva el derecho a descartar la participaci\u00f3n de aquellos perfiles que considere que puedan ser fraudulentos, falsos, que correspondan a usuarios ficticios, o que pertenezcan a sistemas de automatizaci\u00f3n.<\/p>\n<p>Rechazar o descalificar a participantes que vulneren los derechos de privacidad o dignidad de otros participantes o miembros de la p\u00e1gina de fans en Facebook.<\/p>\n<p>Decidir sobre casos imprevistos que se presenten y que no est\u00e9n contemplados en las presentes bases.<\/p>\n<p><em>US Tax Consultants<\/em> exonera completamente a Facebook de toda responsabilidad por parte de cada concursante o participante.<\/p>\n<p><em>US Tax Consultants<\/em> notifica que esta promoci\u00f3n no est\u00e1 patrocinada, avalada ni administrada por Facebook, ni asociada en modo alguno a esta entidad.<\/p>\n<p><em>US Tax Consultants<\/em> se reserva el derecho de cancelar y modificar las condiciones y fechas del sorteo, previa notificaci\u00f3n a los participantes del mismo a trav\u00e9s de su muro de Facebook.<\/p>\n<p>La Ley aplicable al presente Sorteo Promocional ser\u00e1 la espa\u00f1ola.<span class=\"Apple-converted-space\">\u00a0<\/span><\/p>\n<p>Para la resoluci\u00f3n de cualquier controversia o discrepancia que pudiera surgir en cuanto a la interpretaci\u00f3n o aplicaci\u00f3n de los T\u00e9rminos y Condiciones, se someten expresamente a la jurisdicci\u00f3n y competencia de los Juzgados y Tribunales de Madrid (Capital).<\/p>\n<p>[\/et_pb_text][\/et_pb_column][\/et_pb_row][\/et_pb_section]<\/p>\n","protected":false},"excerpt":{"rendered":"<p>Bases del concursoBases legales del \u00abSorteo 55 aniversario\u00bb de US Tax Consultants en Facebook US Tax Consultants\u00a0es una marca de New Media Lab S.L. con C.I.F. B85709384 y con domicilio social Traves\u00eda de las Ca\u00f1as, 2 &#8211; 28043 Madrid. Organiza un Sorteo Promocional de \u00e1mbito nacional denominado \u201cSorteo 55 aniversario\u201d (en adelante el \u201cSorteo Promocional\u201d) [&hellip;]<\/p>\n","protected":false},"author":6,"featured_media":0,"parent":0,"menu_order":0,"comment_status":"closed","ping_status":"closed","template":"","meta":{"_acf_changed":false,"_et_pb_use_builder":"on","_et_pb_old_content":"","_et_gb_content_width":"","_monsterinsights_skip_tracking":false,"_monsterinsights_sitenote_active":false,"_monsterinsights_sitenote_note":"","_monsterinsights_sitenote_category":0,"footnotes":"","_links_to":"","_links_to_target":""},"class_list":["post-7335","page","type-page","status-publish","hentry"],"acf":[],"_links":{"self":[{"href":"https:\/\/ustaxconsultants.es\/es\/wp-json\/wp\/v2\/pages\/7335","targetHints":{"allow":["GET"]}}],"collection":[{"href":"https:\/\/ustaxconsultants.es\/es\/wp-json\/wp\/v2\/pages"}],"about":[{"href":"https:\/\/ustaxconsultants.es\/es\/wp-json\/wp\/v2\/types\/page"}],"author":[{"embeddable":true,"href":"https:\/\/ustaxconsultants.es\/es\/wp-json\/wp\/v2\/users\/6"}],"replies":[{"embeddable":true,"href":"https:\/\/ustaxconsultants.es\/es\/wp-json\/wp\/v2\/comments?post=7335"}],"version-history":[{"count":0,"href":"https:\/\/ustaxconsultants.es\/es\/wp-json\/wp\/v2\/pages\/7335\/revisions"}],"wp:attachment":[{"href":"https:\/\/ustaxconsultants.es\/es\/wp-json\/wp\/v2\/media?parent=7335"}],"curies":[{"name":"wp","href":"https:\/\/api.w.org\/{rel}","templated":true}]}}