{"id":97,"date":"2018-07-12T11:57:43","date_gmt":"2018-07-12T11:57:43","guid":{"rendered":"https:\/\/demo.dooldesigns.com\/ustc\/privacy-policy\/"},"modified":"2023-02-09T18:59:16","modified_gmt":"2023-02-09T18:59:16","slug":"privacy-policy","status":"publish","type":"page","link":"https:\/\/ustaxconsultants.es\/es\/privacy-policy\/","title":{"rendered":"Pol\u00edtica de Privacidad"},"content":{"rendered":"<p>[et_pb_section fb_built=\u00bb1&#8243; _builder_version=\u00bb4.19.4&#8243; _module_preset=\u00bbdefault\u00bb background_image=\u00bb\/\/ustaxconsultants.es\/wp-content\/uploads\/2023\/02\/Imagen-Web-US-Tax-LEGAL-NOTICE-COOKIES-POLITICA-PRIVACIDAD.png\u00bb min_height=\u00bb50vh\u00bb da_disable_devices=\u00bboff|off|off\u00bb global_colors_info=\u00bb{}\u00bb theme_builder_area=\u00bbpost_content\u00bb da_is_popup=\u00bboff\u00bb da_exit_intent=\u00bboff\u00bb da_has_close=\u00bbon\u00bb da_alt_close=\u00bboff\u00bb da_dark_close=\u00bboff\u00bb da_not_modal=\u00bbon\u00bb da_is_singular=\u00bboff\u00bb da_with_loader=\u00bboff\u00bb da_has_shadow=\u00bbon\u00bb][et_pb_row _builder_version=\u00bb4.19.4&#8243; _module_preset=\u00bbdefault\u00bb global_colors_info=\u00bb{}\u00bb theme_builder_area=\u00bbpost_content\u00bb][et_pb_column type=\u00bb4_4&#8243; _builder_version=\u00bb4.19.4&#8243; _module_preset=\u00bbdefault\u00bb global_colors_info=\u00bb{}\u00bb theme_builder_area=\u00bbpost_content\u00bb][et_pb_text _builder_version=\u00bb4.19.4&#8243; _module_preset=\u00bbdefault\u00bb header_2_font=\u00bbOpen Sans||||||||\u00bb header_2_text_color=\u00bb#29245c\u00bb header_2_font_size=\u00bb40px\u00bb custom_padding=\u00bb10%||10%||true|false\u00bb hover_enabled=\u00bb0&#8243; global_colors_info=\u00bb{}\u00bb theme_builder_area=\u00bbpost_content\u00bb sticky_enabled=\u00bb0&#8243;]<\/p>\n<h2>POL\u00cdTICA DE PRIVACIDAD<\/h2>\n<p>[\/et_pb_text][\/et_pb_column][\/et_pb_row][\/et_pb_section][et_pb_section fb_built=\u00bb1&#8243; admin_label=\u00bbBlog\u00bb _builder_version=\u00bb4.16&#8243; background_color=\u00bb#f6f8fa\u00bb global_colors_info=\u00bb{}\u00bb da_is_popup=\u00bboff\u00bb da_exit_intent=\u00bboff\u00bb da_has_close=\u00bbon\u00bb da_alt_close=\u00bboff\u00bb da_dark_close=\u00bboff\u00bb da_not_modal=\u00bbon\u00bb da_is_singular=\u00bboff\u00bb da_with_loader=\u00bboff\u00bb da_has_shadow=\u00bbon\u00bb da_disable_devices=\u00bboff|off|off\u00bb][et_pb_row _builder_version=\u00bb4.16&#8243; global_colors_info=\u00bb{}\u00bb][et_pb_column type=\u00bb4_4&#8243; _builder_version=\u00bb4.16&#8243; custom_padding=\u00bb|||\u00bb global_colors_info=\u00bb{}\u00bb custom_padding__hover=\u00bb|||\u00bb][et_pb_text _builder_version=\u00bb4.16&#8243; text_font=\u00bb||||||||\u00bb text_orientation=\u00bbjustified\u00bb global_colors_info=\u00bb{}\u00bb]<\/p>\n<ol>\n<li><strong> Informaci\u00f3n sobre protecci\u00f3n de datos en <em>USTaxConsultants<\/em>.<\/strong><\/li>\n<\/ol>\n<p>Esta pol\u00edtica de privacidad establece la forma en que se gestionar\u00e1n los datos personales en este sitio web www.ustaxconsultants.es, propiedad de NEW MEDIA LAB, SL (USTaxConsultans) con CIF B85709384, inscrita en el Registro Mercantil de Madrid, Volumen 26.709, Folio 125, P\u00e1gina M-481284<\/p>\n<p>Es esencial que lo lea y lo acepte antes de continuar navegando.<\/p>\n<p>Entre los valores con los que nos identificamos est\u00e1 la transparencia, por lo que queremos que sepa desde el principio, que la privacidad de sus datos es importante para nosotros y para eso mantenemos un alto grado de seguridad, basado en la reubicaci\u00f3n, comunicaci\u00f3n y independencia.<\/p>\n<p>En esta declaraci\u00f3n de privacidad, explica qu\u00e9 informaci\u00f3n personal recopilamos de nuestros usuarios y c\u00f3mo los usamos. En este sitio web, se respetan y se cuidan los datos personales de los usuarios. Como usuario, debe saber que sus derechos est\u00e1n garantizados. Nos hemos esforzado por crear un espacio seguro y es por eso que queremos compartir nuestros principios con respecto a su privacidad:<\/p>\n<ul>\n<li>No solicitamos informaci\u00f3n personal de los usuarios, a menos que sea necesario.<\/li>\n<li>No compartimos informaci\u00f3n personal de los usuarios, excepto para cumplir con la ley o en caso de que tengamos autorizaci\u00f3n expresa.<\/li>\n<li>No utilizamos datos personales para un fin distinto al expresado en esta pol\u00edtica de privacidad.<\/li>\n<\/ul>\n<p>Se observa que esta Pol\u00edtica de privacidad puede variar seg\u00fan los requisitos legislativos o la autorregulaci\u00f3n, por lo que se recomienda a los usuarios que la visiten peri\u00f3dicamente. Ser\u00e1 aplicable si los usuarios deciden completar el formulario de contacto donde se recopilan los datos personales: nombre, correo electr\u00f3nico y n\u00famero de tel\u00e9fono de contacto.<\/p>\n<p>USTaxConsultans ha adaptado este sitio web a los requisitos de la Ley Org\u00e1nica 15\/1999, de 13 de diciembre, de Protecci\u00f3n de Datos Personales (LOPD), al Real Decreto 1720\/2007, de 21 de diciembre, conocido como el Reglamento de desarrollo de la LOPD y El Reglamento (UE) 2016\/679 del Parlamento Europeo y el Consejo de 27 de abril de 2016 sobre la protecci\u00f3n de las personas f\u00edsicas (RGPD), as\u00ed como la Ley 34\/2002, de 11 de julio, de Servicios de la Sociedad de la Informaci\u00f3n y Comercio Electr\u00f3nico ( LSSICE o LSSI).<\/p>\n<ol start=\"2\">\n<li><strong> Responsable del procesamiento de sus datos personales:<\/strong><\/li>\n<\/ol>\n<p>Identidad: NEW MEDIA LAB, SL (USTaxConsultans)<\/p>\n<p>CIF: B85709384<\/p>\n<p>Direcci\u00f3n fiscal: Calle Caballero de Gracia, 24 4Dcha &#8211; 28013 Madrid<\/p>\n<p>Tel\u00e9fono: +34 915194392<\/p>\n<p>Correo electr\u00f3nico: info@ustaxconsultants.es<\/p>\n<p>Responsable de Protecci\u00f3n de Datos: Antonio Rodr\u00edguez<\/p>\n<p>Contacto DPD: info@ustaxconsultants.es<\/p>\n<p>En USTaxConsultans utilizamos la informaci\u00f3n proporcionada por personas interesadas para informarle sobre los EVENTOS, NOTICIAS, NOVEDADES, PRODUCTOS Y SERVICIOS de nuestra empresa.<\/p>\n<p>Los datos personales proporcionados se conservar\u00e1n si el interesado no solicita la eliminaci\u00f3n.<\/p>\n<p>Cualquier persona tiene derecho a obtener confirmaci\u00f3n sobre si USTaxConsultans est\u00e1 procesando datos personales que les conciernen o no.<\/p>\n<p>Las personas interesadas tienen derecho a acceder a sus datos personales, as\u00ed como a solicitar la rectificaci\u00f3n de los datos inexactos o, en su caso, solicitar su eliminaci\u00f3n.<\/p>\n<p>En ciertas circunstancias, las partes interesadas pueden solicitar la limitaci\u00f3n del procesamiento de sus datos, en cuyo caso solo los conservaremos para el ejercicio o la defensa de reclamos.<\/p>\n<p>En ciertas circunstancias y por razones relacionadas con su situaci\u00f3n, las partes interesadas pueden oponerse al procesamiento de sus datos. USTaxConsultans dejar\u00e1 de procesar los datos, excepto por razones leg\u00edtimas convincentes, o el ejercicio o la defensa de posibles reclamos.<\/p>\n<p>Las partes interesadas tambi\u00e9n tendr\u00e1n derecho a una protecci\u00f3n judicial efectiva y a presentar una reclamaci\u00f3n ante la autoridad supervisora, en este caso, la Agencia Espa\u00f1ola de Protecci\u00f3n de Datos, si consideran que el procesamiento de datos personales que les conciernen viola el Reglamento.<\/p>\n<p>La base legal para el tratamiento de sus datos es la ejecuci\u00f3n del consentimiento inequ\u00edvoco de la parte interesada para ofrecerle nuestros servicios o asesorarlo sobre su situaci\u00f3n fiscal actual o futura.<\/p>\n<p>La informaci\u00f3n prospectiva de los EVENTOS, NOTICIAS, NOVEDADES, PRODUCTOS Y SERVICIOS se basa en el consentimiento que se solicita, sin que en ning\u00fan caso la retirada de este consentimiento condicione la ejecuci\u00f3n del Consentimiento inequ\u00edvoco de suscripci\u00f3n con esta entidad.<\/p>\n<p>Los datos personales guardados, si el titular no solicita su borrado, se utilizar\u00e1n para:<\/p>\n<ul>\n<li>Para poder ofrecer los servicios que aparecen en nuestro sitio web y los servicios relacionados que solicitan los usuarios.<\/li>\n<li>Por su infraestructura virtual de acuerdo con un modelo de \u00abcomputaci\u00f3n en la nube\u00bb a trav\u00e9s de One Drive de Microsoft y bajo el acuerdo Escudo de Privacidad UE-EE. UU. Informaci\u00f3n disponible en: EU EU Privacy Shield Framework y Swiss-US Privacy Shield Framework. (ver certificaci\u00f3n).<\/li>\n<li>Google Analytics: un servicio de an\u00e1lisis web prestado por Google, Inc., una compa\u00f1\u00eda de Delaware cuya oficina principal se encuentra en 1600 Amphitheatre Parkway, Mountain View (California), CA 94043, Estados Unidos (\u00abGoogle\u00bb). Google Analytics utiliza \u00abcookies\u00bb, que son archivos de texto ubicados en su computadora, para ayudar a USTaxConsultans a analizar el uso que hacen los usuarios del sitio web. Google transmitir\u00e1 y archivar\u00e1 directamente la informaci\u00f3n generada por la cookie sobre su uso (incluida su direcci\u00f3n IP).<\/li>\n<li>El alojamiento del sitio web y los datos que administra se alojan a trav\u00e9s de Microsoft, que ha recibido el respaldo de la Agencia Espa\u00f1ola de Protecci\u00f3n de Datos (AEPD), que reconoce la solvencia y las garant\u00edas de los servicios corporativos de Microsoft en la nube en relaci\u00f3n con las transferencias internacionales de datos. En este sentido, la AEPD establece que los contratos de Microsoft ofrecen garant\u00edas adecuadas para que los clientes conf\u00eden sus datos personales a la empresa en el marco de los servicios corporativos de Office 365, Dynamics CRM Online y Microsoft Azure.<\/li>\n<li>Los datos personales que tratamos en USTaxConsultants, provienen de las formas adaptadas de recopilaci\u00f3n de datos de la web, de las citas anteriores o de la contribuci\u00f3n directa del usuario a trav\u00e9s de alg\u00fan sistema de comunicaci\u00f3n.<\/li>\n<li>Las categor\u00edas de datos que se tratan son:<\/li>\n<\/ul>\n<p>&#8211; Datos de identificaci\u00f3n<\/p>\n<p>&#8211; Direcciones postales o electr\u00f3nicas<\/p>\n<p>&#8211; Informaci\u00f3n financiera de los usuarios que contribuyen voluntariamente a ofrecer nuestros servicios.<\/p>\n<p>Para respaldar y mejorar los servicios ofrecidos por este sitio web, tambi\u00e9n se recopila otra informaci\u00f3n no identificable, que se obtiene a trav\u00e9s de algunas cookies que se descargan en la computadora del usuario cuando navega por este sitio web, que se detalla en la pol\u00edtica de cookies.<\/p>\n<p>USTaxConsultans no vende, alquila ni arrienda datos personales que puedan identificar al usuario, ni lo har\u00e1 en el futuro, a terceros sin consentimiento previo. Sin embargo, en algunos casos, se pueden hacer colaboraciones con otros profesionales. En esos casos, se requerir\u00e1 el consentimiento de los usuarios que informan sobre la identidad del colaborador y el prop\u00f3sito de la colaboraci\u00f3n. Siempre se har\u00e1 con los m\u00e1s estrictos est\u00e1ndares de seguridad.<\/p>\n<p>USTaxConsultans se compromete a usar y procesar los datos personales de los usuarios incluidos a trav\u00e9s de los formularios, a respetar su confidencialidad y a usarlos de acuerdo con el prop\u00f3sito de esto, as\u00ed como a cumplir con su obligaci\u00f3n de guardar y adaptar todas las medidas para evitar alteraci\u00f3n, p\u00e9rdida, tratamiento o acceso no autorizado, de acuerdo con las disposiciones de la normativa vigente de protecci\u00f3n de datos.<\/p>\n<p>USTaxConsultans no puede garantizar la inexpugnabilidad absoluta de la red de Internet y, por lo tanto, la violaci\u00f3n de datos a trav\u00e9s del acceso fraudulento a ellos por parte de terceros.<\/p>\n<p>Los usuarios garantizan y responden, en cualquier caso, la precisi\u00f3n, validez y autenticidad de los datos personales proporcionados, y se comprometen a mantenerlos debidamente actualizados. El usuario acepta proporcionar informaci\u00f3n completa y correcta en el formulario de contacto.<\/p>\n<p>El usuario declara haber sido informado de las condiciones de protecci\u00f3n de datos personales, aceptando y consintiendo el tratamiento de los mismos por parte de USTaxConsultans en la forma y para los fines indicados en esta pol\u00edtica de privacidad.<\/p>\n<p>El consentimiento otorgado, tanto para el tratamiento como para la transferencia de los datos de las partes interesadas, es revocable en cualquier momento comunic\u00e1ndose con USTaxConsultans a trav\u00e9s de una comunicaci\u00f3n escrita al apartado de correos 29035 &#8211; 28080 Madrid o por correo electr\u00f3nico a la direcci\u00f3n info @ nmlconsultores.com. Esta revocaci\u00f3n no es retroactiva en ning\u00fan caso.<\/p>\n<p>Desde nuestro sitio web tenemos alguna actividad comercial y sigue las reglas establecidas por VISA \/ MasterCard. No guardamos ning\u00fan dato personal en ninguna transacci\u00f3n VISA \/ MasterCard.<\/p>\n<p>USTaxConsultans se reserva el derecho de modificar esta pol\u00edtica para adaptarla a los cambios legislativos o de jurisprudencia. En tales casos, los cambios introducidos se anunciar\u00e1n en esta p\u00e1gina razonablemente antes de su implementaci\u00f3n.<\/p>\n<p>Los usuarios solo est\u00e1n autorizados a usar este sitio web tras la aceptaci\u00f3n y el cumplimiento de las condiciones establecidas en el presente, y deben abandonar el sitio de otra manera.<\/p>\n<ol start=\"3\">\n<li><strong> Cumplimiento con la Ley Gramm-Leach-Bliley, la Ley p\u00fablica 106-102 (FTC16CFR Parte 313) y la Circular del Departamento del Tesoro No. 230 (Rev. 6-2014) N\u00famero de cat\u00e1logo 16586R<\/strong><\/li>\n<\/ol>\n<p>La privacidad de la informaci\u00f3n de nuestros clientes siempre ha sido importante para nosotros, y siempre hemos estado sujetos a est\u00e1ndares profesionales de confidencialidad. Sin embargo, ahora estamos obligados por la ley de los EE. UU. A informarle formalmente sobre nuestra pol\u00edtica de privacidad.<\/p>\n<p>Recopilamos informaci\u00f3n personal no p\u00fablica sobre usted que usted nos proporciona u obtiene con su autorizaci\u00f3n. Esta informaci\u00f3n puede provenir de varias fuentes, incluida la informaci\u00f3n que recibimos de entrevistas personales, organizadores de impuestos, hojas de trabajo y otros documentos necesarios para brindarle servicios profesionales.<\/p>\n<p>No divulgamos ninguna informaci\u00f3n personal no p\u00fablica sobre nuestros clientes o antiguos clientes a nadie, excepto seg\u00fan lo permitido o requerido por la ley, o cuando sea necesario para procesar las transacciones solicitadas por un cliente.<\/p>\n<p>Restringimos el acceso a su informaci\u00f3n personal no p\u00fablica a los miembros de nuestra firma que necesitan conocer esa informaci\u00f3n para poder brindarle servicios profesionales. Conservamos registros relacionados con los servicios profesionales que le brindamos de conformidad con las normas contables y gubernamentales.<\/p>\n<p>Empleamos medidas de seguridad f\u00edsicas, electr\u00f3nicas y de procedimiento para proteger su informaci\u00f3n personal no p\u00fablica. Su confianza y confianza son importantes para nosotros. Si tiene alguna pregunta o inquietud con respecto a la privacidad de su informaci\u00f3n personal no p\u00fablica, cont\u00e1ctenos.<\/p>\n<p>Recopilamos con la Normativa que rige la pr\u00e1ctica ante el Servicio de Impuestos Internos (IRS) de acuerdo con el T\u00edtulo 31 del C\u00f3digo de Regulaciones Federales, el Subt\u00edtulo A, Parte 10, publica el 12 de junio de 2014: Hablando en general de la Circular 230 para Preparadores Profesionales de Impuestos, que contiene reglas que rige el reconocimiento de abogados, contadores p\u00fablicos certificados, agentes inscritos, agentes de planes de jubilaci\u00f3n inscritos, preparadores de declaraciones de impuestos registrados y otras personas que representan a los contribuyentes ante el Servicio de Impuestos Internos.<\/p>\n<ol start=\"4\">\n<li><strong> Pol\u00edtica de compra y devoluci\u00f3n de servicios prestados.<\/strong><\/li>\n<\/ol>\n<p>La fecha de vencimiento para solicitar la devoluci\u00f3n de las tarifas de un servicio prestado es de 14 d\u00edas h\u00e1biles desde la recepci\u00f3n de la documentaci\u00f3n que respalda el servicio solicitado.<\/p>\n<p>Dentro de este per\u00edodo, si el cliente no est\u00e1 satisfecho, puede solicitar un reembolso del monto pagado por los servicios prestados, comunic\u00e1ndose con USTaxConsultants, por tel\u00e9fono +34915194392 o por correo electr\u00f3nico info@ustaxconsultants.es<\/p>\n<p>USTaxConsultants proceder\u00e1 a reembolsar el 100% del monto de las tarifas de servicio proporcionadas, de acuerdo con la factura, una vez que los documentos originales y sus copias, si corresponde, sean devueltos a USTaxConsultans, por el mismo procedimiento que se entreg\u00f3 al cliente. USTaxConsultants en ning\u00fan caso correr\u00e1 con los gastos de devoluci\u00f3n.<\/p>\n<p>El reembolso de las tarifas no podr\u00e1 realizarse en ning\u00fan caso si los documentos no se devuelven en perfecto estado, con toda la documentaci\u00f3n e instrucciones adjuntas entregadas y siempre que no hayan sido manifiestamente objeto de un uso que impida que los documentos sean devueltos. en las mismas condiciones en las que fueron adquiridas.<\/p>\n<p>El reembolso del importe pagado se realizar\u00e1 a trav\u00e9s del m\u00e9todo de pago utilizado en la compra y en un plazo no superior a treinta d\u00edas. USTaxConsultants no reembolsar\u00e1 la cantidad de reempaquetado y transporte de los documentos devueltos.<\/p>\n<ol start=\"5\">\n<li><strong> Garant\u00eda de los servicios prestados.<\/strong><\/li>\n<\/ol>\n<p>Podemos confirmar que la garant\u00eda de los servicios prestados est\u00e1 de acuerdo con su comprensi\u00f3n de los t\u00e9rminos y condiciones de nuestro acuerdo y describir la naturaleza y el alcance de los servicios que proporcionaremos.<\/p>\n<p>Basado en la informaci\u00f3n que nos proporciona; prepararemos sus Devoluciones y otros documentos que solicite.<\/p>\n<p>No auditaremos ni verificaremos los datos que nos env\u00ede, aunque podemos pedirle una aclaraci\u00f3n cuando sea necesario. Toda la informaci\u00f3n que nos env\u00ede ser\u00e1, a su leal saber y entender, correcta y completa e incluir\u00e1 toda otra informaci\u00f3n necesaria para completar los servicios solicitados.<\/p>\n<p>Sus devoluciones est\u00e1n sujetas a revisi\u00f3n por parte de las autoridades fiscales. Cualquier art\u00edculo que el agente examinador pueda resolver en su contra est\u00e1 sujeto a ciertos derechos de apelaci\u00f3n. En el caso de un examen, estaremos disponibles a pedido para representarlo o para revisar los resultados de cualquier examen. La facturaci\u00f3n de estos servicios adicionales se realizar\u00e1 a nuestras tarifas est\u00e1ndar. Los cargos por nuestros servicios se basan en nuestro programa de tarifas y la complejidad de las devoluciones.<\/p>\n<p>Usted tiene la responsabilidad final de sus declaraciones de impuestos. Rev\u00edselos cuidadosamente antes de firmar. En algunos casos, cuando presentamos cualquier documento en su nombre, le enviamos un borrador para su aprobaci\u00f3n antes de archivarlo.<\/p>\n<ol start=\"6\">\n<li><strong> Ejercicio de sus derechos.<\/strong><\/li>\n<\/ol>\n<p>Le informamos que puede ejercer los siguientes derechos:<\/p>\n<ol>\n<li>Derecho de acceso a sus datos personales para saber cu\u00e1les se est\u00e1n procesando y las operaciones de procesamiento que se llevan a cabo con ellos.<\/li>\n<li>Derecho a rectificar cualquier informaci\u00f3n personal inexacta.<\/li>\n<li>Derecho a eliminar sus datos personales, cuando esto sea posible.<\/li>\n<li>Derecho a solicitar la limitaci\u00f3n del procesamiento de sus datos personales cuando la precisi\u00f3n, legalidad o necesidad del procesamiento de los datos sea dudosa, en cuyo caso, podemos conservar los datos y conservarlos para el ejercicio o la defensa de reclamos.<\/li>\n<li>Derecho a oponerse al procesamiento de sus datos personales, cuando la base legal que nos permite procesar los indicados en la tabla anterior es el inter\u00e9s leg\u00edtimo. La Compa\u00f1\u00eda dejar\u00e1 de procesar sus datos a menos que tenga un inter\u00e9s leg\u00edtimo convincente o para la formulaci\u00f3n, ejercicio o defensa de reclamos.<\/li>\n<li>Derecho a la portabilidad de sus datos, cuando la base legal que nos permite procesarlos como se indica en la tabla anterior es la existencia de una relaci\u00f3n contractual o su consentimiento.<\/li>\n<li>Derecho a revocar el consentimiento otorgado a la Compa\u00f1\u00eda.<\/li>\n<\/ol>\n<p>Puede ejercer sus derechos en cualquier momento y de forma gratuita de las siguientes maneras:<\/p>\n<ol>\n<li>Dirigir un correo electr\u00f3nico a info@ustaxconsultants.es indicando el derecho que desea ejercer y su informaci\u00f3n de identificaci\u00f3n.<\/li>\n<li>Dirigiendo una solicitud por escrito a P. O. Box 29035, Madrid 28080, indicando el derecho que desea ejercer y sus datos personales.<\/li>\n<li>Adem\u00e1s, al responder a cualquier bolet\u00edn informativo o correo electr\u00f3nico de informaci\u00f3n general escribiendo RE: cancelar suscripci\u00f3n. Puede darse de baja de todos los env\u00edos de comunicaciones comerciales previamente aceptados.<\/li>\n<\/ol>\n<p>Por otro lado, le informamos que tiene derecho a presentar un reclamo ante la Agencia Espa\u00f1ola de Protecci\u00f3n de Datos si considera que ha habido una infracci\u00f3n de la legislaci\u00f3n sobre protecci\u00f3n de datos con respecto al tratamiento de sus datos personales.<\/p>\n<ol start=\"7\">\n<li><strong> Actualizaci\u00f3n de la pol\u00edtica de privacidad.<\/strong><\/li>\n<\/ol>\n<p>Es posible que esta Pol\u00edtica de privacidad deba actualizarse; por lo tanto, es necesario que revise esta pol\u00edtica peri\u00f3dicamente y, si es posible, cada vez que acceda al sitio web para estar adecuadamente informado sobre el tipo de informaci\u00f3n recopilada y su tratamiento. Puede encontrar la Pol\u00edtica de privacidad en la parte inferior del sitio web. No obstante, lo anterior, le notificaremos cualquier modificaci\u00f3n a esta pol\u00edtica de privacidad que afecte el tratamiento de sus datos personales.<\/p>\n<p>La Pol\u00edtica de privacidad se actualiz\u00f3 por \u00faltima vez el 9 de abril de 2020.<\/p>\n<p>[\/et_pb_text][\/et_pb_column][\/et_pb_row][\/et_pb_section]<\/p>\n","protected":false},"excerpt":{"rendered":"<p>POL\u00cdTICA DE PRIVACIDAD Informaci\u00f3n sobre protecci\u00f3n de datos en USTaxConsultants. Esta pol\u00edtica de privacidad establece la forma en que se gestionar\u00e1n los datos personales en este sitio web www.ustaxconsultants.es, propiedad de NEW MEDIA LAB, SL (USTaxConsultans) con CIF B85709384, inscrita en el Registro Mercantil de Madrid, Volumen 26.709, Folio 125, P\u00e1gina M-481284 Es esencial que [&hellip;]<\/p>\n","protected":false},"author":4,"featured_media":0,"parent":0,"menu_order":0,"comment_status":"closed","ping_status":"open","template":"","meta":{"_acf_changed":false,"_et_pb_use_builder":"on","_et_pb_old_content":"","_et_gb_content_width":"","_monsterinsights_skip_tracking":false,"_monsterinsights_sitenote_active":false,"_monsterinsights_sitenote_note":"","_monsterinsights_sitenote_category":0,"footnotes":"","_links_to":"","_links_to_target":""},"class_list":["post-97","page","type-page","status-publish","hentry"],"acf":[],"_links":{"self":[{"href":"https:\/\/ustaxconsultants.es\/es\/wp-json\/wp\/v2\/pages\/97","targetHints":{"allow":["GET"]}}],"collection":[{"href":"https:\/\/ustaxconsultants.es\/es\/wp-json\/wp\/v2\/pages"}],"about":[{"href":"https:\/\/ustaxconsultants.es\/es\/wp-json\/wp\/v2\/types\/page"}],"author":[{"embeddable":true,"href":"https:\/\/ustaxconsultants.es\/es\/wp-json\/wp\/v2\/users\/4"}],"replies":[{"embeddable":true,"href":"https:\/\/ustaxconsultants.es\/es\/wp-json\/wp\/v2\/comments?post=97"}],"version-history":[{"count":0,"href":"https:\/\/ustaxconsultants.es\/es\/wp-json\/wp\/v2\/pages\/97\/revisions"}],"wp:attachment":[{"href":"https:\/\/ustaxconsultants.es\/es\/wp-json\/wp\/v2\/media?parent=97"}],"curies":[{"name":"wp","href":"https:\/\/api.w.org\/{rel}","templated":true}]}}