{"id":9709,"date":"2021-06-29T07:16:00","date_gmt":"2021-06-29T07:16:00","guid":{"rendered":"http:\/\/13.40.31.108\/qa\/"},"modified":"2021-07-01T11:55:56","modified_gmt":"2021-07-01T11:55:56","slug":"qa","status":"publish","type":"page","link":"https:\/\/ustaxconsultants.es\/es\/qa\/","title":{"rendered":"Q&#038;A"},"content":{"rendered":"<p>[et_pb_section fb_built=\u00bb1&#8243; _builder_version=\u00bb4.7.0&#8243; _module_preset=\u00bbdefault\u00bb custom_padding=\u00bb||3px|||\u00bb][et_pb_row _builder_version=\u00bb4.7.0&#8243; _module_preset=\u00bbdefault\u00bb custom_padding=\u00bb||3px|||\u00bb][et_pb_column type=\u00bb4_4&#8243; _builder_version=\u00bb4.7.0&#8243; _module_preset=\u00bbdefault\u00bb][et_pb_text admin_label=\u00bbFAQ Title Heading\u00bb _builder_version=\u00bb4.7.0&#8243; text_font=\u00bb||||||||\u00bb text_font_size=\u00bb16px\u00bb text_line_height=\u00bb2em\u00bb header_font=\u00bb||||||||\u00bb header_2_font=\u00bbMontserrat|800|||||||\u00bb header_2_font_size=\u00bb30px\u00bb header_2_line_height=\u00bb1.5em\u00bb header_3_font=\u00bb||||||||\u00bb header_4_font=\u00bb||||||||\u00bb max_width_tablet=\u00bb700px\u00bb max_width_phone=\u00bb700px\u00bb max_width_last_edited=\u00bboff|desktop\u00bb custom_margin=\u00bb||30px|\u00bb custom_margin_tablet=\u00bb|0px||\u00bb custom_margin_phone=\u00bb|0px||\u00bb custom_margin_last_edited=\u00bboff|desktop\u00bb custom_padding=\u00bb20px|||\u00bb header_2_font_size_tablet=\u00bb30px\u00bb header_2_font_size_phone=\u00bb20px\u00bb header_2_font_size_last_edited=\u00bbon|phone\u00bb border_color_all=\u00bb#12eaa6&#8243; border_width_top=\u00bb2px\u00bb locked=\u00bboff\u00bb]<\/p>\n<h2>Preguntas y Respuestas Frecuentes<\/h2>\n<p>[\/et_pb_text][\/et_pb_column][\/et_pb_row][\/et_pb_section][et_pb_section fb_built=\u00bb1&#8243; specialty=\u00bbon\u00bb _builder_version=\u00bb4.7.0&#8243; _module_preset=\u00bbdefault\u00bb][et_pb_column type=\u00bb1_4&#8243; _builder_version=\u00bb3.25&#8243; custom_padding=\u00bb|||\u00bb custom_padding__hover=\u00bb|||\u00bb][et_pb_text admin_label=\u00bbSidebar Categories\u00bb _builder_version=\u00bb4.7.0&#8243; _module_preset=\u00bbdefault\u00bb sticky_position=\u00bbtop\u00bb sticky_offset_top=\u00bb35px\u00bb sticky_limit_bottom=\u00bbsection\u00bb hover_enabled=\u00bb0&#8243; sticky_position_tablet=\u00bbnone\u00bb sticky_position_phone=\u00bbnone\u00bb sticky_position_last_edited=\u00bbon|desktop\u00bb header_4_line_height=\u00bb1.7em\u00bb sticky_enabled=\u00bb0&#8243;]<\/p>\n<h4><strong>EXPLORAR POR CATEGOR\u00cdA<\/strong><\/h4>\n<p>&nbsp;<\/p>\n<ul>\n<li><a href=\"#cat1\">Form 1040<\/a><\/li>\n<li><a href=\"#cat2\">Modelo 100 IRPF<\/a><\/li>\n<li><a href=\"#cat3\">Modelo 720<\/a><\/li>\n<li><a href=\"#cat4\">FBAR FinCEN 114<\/a><\/li>\n<\/ul>\n<p>[\/et_pb_text][\/et_pb_column][et_pb_column type=\u00bb3_4&#8243; specialty_columns=\u00bb3&#8243; _builder_version=\u00bb3.25&#8243; custom_padding=\u00bb|||\u00bb custom_padding__hover=\u00bb|||\u00bb][et_pb_row_inner module_id=\u00bbcat1&#8243; _builder_version=\u00bb4.7.0&#8243; _module_preset=\u00bbdefault\u00bb][et_pb_column_inner saved_specialty_column_type=\u00bb3_4&#8243; _builder_version=\u00bb4.7.0&#8243; _module_preset=\u00bbdefault\u00bb][et_pb_text admin_label=\u00bbCategory 1&#8243; _builder_version=\u00bb4.7.0&#8243; _module_preset=\u00bbdefault\u00bb]<\/p>\n<h4><strong>Form 1040<\/strong><\/h4>\n<p>[\/et_pb_text][\/et_pb_column_inner][\/et_pb_row_inner][et_pb_row_inner column_structure=\u00bb1_2,1_2&#8243; _builder_version=\u00bb3.25&#8243;][et_pb_column_inner type=\u00bb1_2&#8243; saved_specialty_column_type=\u00bb3_4&#8243; _builder_version=\u00bb3.25&#8243; custom_padding=\u00bb|||\u00bb custom_padding__hover=\u00bb|||\u00bb][et_pb_toggle title=\u00bbFormulario 1040. \u00bfTengo que hacer una declaraci\u00f3n de la renta individual en los EE.UU.?\u00bb open=\u00bbon\u00bb open_toggle_text_color=\u00bb#000000&#8243; closed_toggle_text_color=\u00bb#000000&#8243; _builder_version=\u00bb4.7.0&#8243; title_level=\u00bbh2&#8243; title_font=\u00bbOpen Sans|600|||||||\u00bb title_font_size=\u00bb16px\u00bb title_line_height=\u00bb1.6em\u00bb body_font=\u00bb||||||||\u00bb body_font_size=\u00bb16px\u00bb body_line_height=\u00bb2em\u00bb background_color=\u00bb#ffffff\u00bb border_width_all=\u00bb0px\u00bb locked=\u00bboff\u00bb]S\u00cd. Si eres ciudadano estadounidense o titular de la trajeta verde, est\u00e1s obligado a declarar impuestos en los EE.UU todos los a\u00f1os con el Formulario 1040, si tienes ingresos superiores a los diez mil d\u00f3lares ($10.000), o tan s\u00f3lo cuatrocientos d\u00f3lares ($400) si eres Aut\u00f3nomo. Ello irrespectivamente de d\u00f3nde se produjeron los ingresos, en qu\u00e9 parte del mundo resides, si los EE.UU. tienen un tratado fiscal con el lugar de residencia, o si tambi\u00e9n pagas impuestos en el extranjero. [\/et_pb_toggle][et_pb_toggle title=\u00bbFormulario 1040: \u00bfExisten exenciones?\u00bb open_toggle_text_color=\u00bb#000000&#8243; closed_toggle_text_color=\u00bb#000000&#8243; _builder_version=\u00bb4.7.0&#8243; title_level=\u00bbh2&#8243; title_font=\u00bbOpen Sans|600|||||||\u00bb title_font_size=\u00bb16px\u00bb title_line_height=\u00bb1.6em\u00bb body_font=\u00bb||||||||\u00bb body_font_size=\u00bb16px\u00bb body_line_height=\u00bb2em\u00bb background_color=\u00bb#ffffff\u00bb border_width_all=\u00bb0px\u00bb locked=\u00bboff\u00bb]S\u00cd. El IRS permite ciertas exenciones para los expatriados que pueden reducir o incluso en la mayor parte de los casos eliminar completamente la responsabilidad fiscal en los EE.UU., si bien a\u00fan se precisar\u00eda hacer una declaraci\u00f3n para reclamarlas. [\/et_pb_toggle][et_pb_toggle title=\u00bbDeclaraciones de morosos: \u00bfHay alg\u00fan tipo de amnist\u00eda para aquellos estadounidenses que no han declarado en el pasado ni la Declaraci\u00f3n individual (1040) ni el FBAR?\u00bb open_toggle_text_color=\u00bb#000000&#8243; closed_toggle_text_color=\u00bb#000000&#8243; _builder_version=\u00bb4.7.0&#8243; title_level=\u00bbh2&#8243; title_font=\u00bbOpen Sans|600|||||||\u00bb title_font_size=\u00bb16px\u00bb title_line_height=\u00bb1.6em\u00bb body_font=\u00bb||||||||\u00bb body_font_size=\u00bb16px\u00bb body_line_height=\u00bb2em\u00bb background_color=\u00bb#ffffff\u00bb border_width_all=\u00bb0px\u00bb locked=\u00bboff\u00bb]Los expatriados que han estado viviendo en el extranjero pero que no han declarado impuestos en los EE.UU. porque no sab\u00edan que ten\u00edan la obligaci\u00f3n de hacerlo pueden comenzar a hacer sus pagos, sin recaer en una multa, mediante un programa de amnist\u00eda del IRS llamado Procedimiento Coordinado (Streamlined Procedure). Para acceder a \u00e9l, los expatriados deben presentar sus \u00faltimos tres (3) a\u00f1os de declaraci\u00f3n y los \u00faltimos seis (6) FBARs (si es aplicable). Deben asimismo pagar todos los impuestos debidos (que habitualmente ser\u00e1n cero, toda vez que reclamen exenciones), as\u00ed como certificar que su olvido de pagar impuestos no fue intencionado. [\/et_pb_toggle][\/et_pb_column_inner][et_pb_column_inner type=\u00bb1_2&#8243; saved_specialty_column_type=\u00bb3_4&#8243; _builder_version=\u00bb3.25&#8243; custom_padding=\u00bb|||\u00bb custom_padding__hover=\u00bb|||\u00bb][et_pb_toggle title=\u00bbFormulario 1040: \u00bfCu\u00e1l es la fecha l\u00edmite para presentar mi declaraci\u00f3n?\u00bb open=\u00bbon\u00bb open_toggle_text_color=\u00bb#000000&#8243; closed_toggle_text_color=\u00bb#000000&#8243; _builder_version=\u00bb4.7.0&#8243; title_level=\u00bbh2&#8243; title_font=\u00bbOpen Sans|600|||||||\u00bb title_font_size=\u00bb16px\u00bb title_line_height=\u00bb1.6em\u00bb body_font=\u00bb||||||||\u00bb body_font_size=\u00bb16px\u00bb body_line_height=\u00bb2em\u00bb background_color=\u00bb#ffffff\u00bb border_width_all=\u00bb0px\u00bb locked=\u00bboff\u00bb]La fecha l\u00edmite es el 15 de abril de cada a\u00f1o. Los expatriados tienen, no obstante, un a extensi\u00f3n autom\u00e1tica hasta el 15 de junio, que podr\u00eda extenderse a\u00fan m\u00e1s hasta el 15 de octubre si el declarante as\u00ed lo requiriese. [\/et_pb_toggle][et_pb_toggle title=\u00bb\u00bfPuedo solicitar la Exclusi\u00f3n de los Ingresos Ganados en el Extranjero, el Formulario 2555?\u00bb open_toggle_text_color=\u00bb#000000&#8243; closed_toggle_text_color=\u00bb#000000&#8243; _builder_version=\u00bb4.7.0&#8243; title_level=\u00bbh2&#8243; title_font=\u00bbOpen Sans|600|||||||\u00bb title_font_size=\u00bb16px\u00bb title_line_height=\u00bb1.6em\u00bb body_font=\u00bb||||||||\u00bb body_font_size=\u00bb16px\u00bb body_line_height=\u00bb2em\u00bb background_color=\u00bb#ffffff\u00bb border_width_all=\u00bb0px\u00bb locked=\u00bboff\u00bb]La exenci\u00f3n m\u00e1s com\u00fan para los expatriados es la llamda Exclusi\u00f3n de los Ingresos Ganados en el Extranjero (Foreign Earned Income Exclusion), que les permite excluir de responsabilidad fiscal en los EE.UU. los primeros ciento dos mil cien d\u00f3lares ($102.100) de los ingresos obtenidos. \u00a1Pero s\u00f3lo de los ingresos obtenidos! Los expatriados deben probar que viven en el extranjero rellenando ya sea el Test de Residencia Bona Fide (que muestra que son residentes permanentees en otro pa\u00eds), o el Test de Presencia F\u00edsica (que muestra que pasan al menos 330 d\u00edas al a\u00f1o fuera de los EE.UU.).[\/et_pb_toggle][et_pb_toggle title=\u00bbFormulario 1040: \u00bfPuedo conseguir el Cr\u00e9dito por Impuestos en el Extranjero?\u00bb open_toggle_text_color=\u00bb#000000&#8243; closed_toggle_text_color=\u00bb#000000&#8243; _builder_version=\u00bb4.7.0&#8243; title_level=\u00bbh2&#8243; title_font=\u00bbOpen Sans|600|||||||\u00bb title_font_size=\u00bb16px\u00bb title_line_height=\u00bb1.6em\u00bb body_font=\u00bb||||||||\u00bb body_font_size=\u00bb16px\u00bb body_line_height=\u00bb2em\u00bb background_color=\u00bb#ffffff\u00bb border_width_all=\u00bb0px\u00bb locked=\u00bboff\u00bb]Los expatriados que pagan impuestos en el extranjero podr\u00edan beneficiarse de la reclamaci\u00f3n de Cr\u00e9dito por los Impuestos en el Extranjero. Este cr\u00e9dito aporta un d\u00f3lar ($1) de cr\u00e9dito fiscal por cada d\u00f3lar de impuestos pagados en el extranjero. Si pagas m\u00e1s impuestos en el extranjero de lo que corresponde pagar en los EE.UU., como es el caso de Espa\u00f1a, se podr\u00e1n acumular los cr\u00e9ditos para a\u00f1os subsiguientes. [\/et_pb_toggle][\/et_pb_column_inner][\/et_pb_row_inner][et_pb_row_inner module_id=\u00bbcat2&#8243; _builder_version=\u00bb4.7.0&#8243; _module_preset=\u00bbdefault\u00bb][et_pb_column_inner saved_specialty_column_type=\u00bb3_4&#8243; _builder_version=\u00bb4.7.0&#8243; _module_preset=\u00bbdefault\u00bb][et_pb_text admin_label=\u00bbCategory 2&#8243; _builder_version=\u00bb4.7.0&#8243; _module_preset=\u00bbdefault\u00bb]<\/p>\n<h4><strong>Modelo 100 IRPF<\/strong><\/h4>\n<p>[\/et_pb_text][\/et_pb_column_inner][\/et_pb_row_inner][et_pb_row_inner column_structure=\u00bb1_2,1_2&#8243; _builder_version=\u00bb4.7.0&#8243; _module_preset=\u00bbdefault\u00bb][et_pb_column_inner type=\u00bb1_2&#8243; saved_specialty_column_type=\u00bb3_4&#8243; _builder_version=\u00bb4.7.0&#8243; _module_preset=\u00bbdefault\u00bb][et_pb_toggle title=\u00bbIRPF: Si he vivido en Espa\u00f1a m\u00e1s de 183 d\u00edas el a\u00f1o pasado, \u00bftengo que declarar el IRPF?\u00bb open_toggle_text_color=\u00bb#000000&#8243; closed_toggle_text_color=\u00bb#000000&#8243; _builder_version=\u00bb4.7.0&#8243; title_level=\u00bbh2&#8243; title_font=\u00bbOpen Sans|600|||||||\u00bb title_font_size=\u00bb16px\u00bb title_line_height=\u00bb1.6em\u00bb body_font=\u00bb||||||||\u00bb body_font_size=\u00bb16px\u00bb body_line_height=\u00bb2em\u00bb background_color=\u00bb#ffffff\u00bb border_width_all=\u00bb0px\u00bb locked=\u00bboff\u00bb]S\u00cd. Est\u00e1s obligado a declarar el IRPF espa\u00f1ol, informando de tus ingresos mundiales del a\u00f1o completo, a no ser que los ingresos sean menores de vientid\u00f3s mil euros (\u20ac 22.000) -doce mil euros (\u20ac 12.000) si se trata de m\u00e1s de un declarante-, o si tus ingresos pasivos son menos de mil euros (\u20ac 1.000).<br \/>\nLos expatriados que viven en el extranjero deber\u00e1n cumplir siempre con los reglamentos fiscales de sus pa\u00edses de residencia. \u00c9stos var\u00edan de pa\u00eds a pa\u00eds, de modo que es importante consultar con un contable experto en tu pa\u00eds de residencia para determinar si debes pagar impuestos tambi\u00e9n en \u00e9l, de acuerdo con tus circunstancias.[\/et_pb_toggle][\/et_pb_column_inner][et_pb_column_inner type=\u00bb1_2&#8243; saved_specialty_column_type=\u00bb3_4&#8243; _builder_version=\u00bb4.7.0&#8243; _module_preset=\u00bbdefault\u00bb][et_pb_toggle title=\u00bbIRPF: \u00bfTengo que declarar impuestos en Espa\u00f1a si no era residente?\u00bb open_toggle_text_color=\u00bb#000000&#8243; closed_toggle_text_color=\u00bb#000000&#8243; _builder_version=\u00bb4.7.0&#8243; title_level=\u00bbh2&#8243; title_font=\u00bbOpen Sans|600|||||||\u00bb title_font_size=\u00bb16px\u00bb title_line_height=\u00bb1.6em\u00bb body_font=\u00bb||||||||\u00bb body_font_size=\u00bb16px\u00bb body_line_height=\u00bb2em\u00bb background_color=\u00bb#ffffff\u00bb border_width_all=\u00bb0px\u00bb locked=\u00bboff\u00bb]S\u00cd. Tienes que declarar y pagar un 24% de impuestos de todos los ingresos cuya fuente era espa\u00f1ola. [\/et_pb_toggle][\/et_pb_column_inner][\/et_pb_row_inner][et_pb_row_inner module_id=\u00bbcat3&#8243; _builder_version=\u00bb4.7.0&#8243; _module_preset=\u00bbdefault\u00bb][et_pb_column_inner saved_specialty_column_type=\u00bb3_4&#8243; _builder_version=\u00bb4.7.0&#8243; _module_preset=\u00bbdefault\u00bb][et_pb_text admin_label=\u00bbCategory 3&#8243; _builder_version=\u00bb4.7.0&#8243; _module_preset=\u00bbdefault\u00bb]<\/p>\n<h4><strong>Modelo 720<\/strong><\/h4>\n<p>[\/et_pb_text][\/et_pb_column_inner][\/et_pb_row_inner][et_pb_row_inner column_structure=\u00bb1_2,1_2&#8243; _builder_version=\u00bb4.7.0&#8243; _module_preset=\u00bbdefault\u00bb][et_pb_column_inner type=\u00bb1_2&#8243; saved_specialty_column_type=\u00bb3_4&#8243; _builder_version=\u00bb4.7.0&#8243; _module_preset=\u00bbdefault\u00bb][et_pb_toggle title=\u00bb\u00bfTengo que presentar el Modelo 720 en Espa\u00f1a si no era residente?\u00bb open_toggle_text_color=\u00bb#000000&#8243; closed_toggle_text_color=\u00bb#000000&#8243; _builder_version=\u00bb4.7.0&#8243; title_level=\u00bbh2&#8243; title_font=\u00bbOpen Sans|600|||||||\u00bb title_font_size=\u00bb16px\u00bb title_line_height=\u00bb1.6em\u00bb body_font=\u00bb||||||||\u00bb body_font_size=\u00bb16px\u00bb body_line_height=\u00bb2em\u00bb background_color=\u00bb#ffffff\u00bb border_width_all=\u00bb0px\u00bb locked=\u00bboff\u00bb]NO. Est\u00e1s obligado a presentar el Modelo 720 desde el 1 de enero al 30 de abril del siguiente a\u00f1o si fuiste residente fiscal en Espa\u00f1a.[\/et_pb_toggle][et_pb_toggle title=\u00bbModelo 720: Una vez que la primera declaraci\u00f3n del Modelo 720 correspondiente a un a\u00f1o fiscal ha sido presentada, \u00bftengo que presentarla de nuevo cada a\u00f1o? \u00bfCon respecto a qu\u00e9 informaci\u00f3n tiene que ser presentada?\u00bb open_toggle_text_color=\u00bb#000000&#8243; closed_toggle_text_color=\u00bb#000000&#8243; _builder_version=\u00bb4.7.0&#8243; title_level=\u00bbh2&#8243; title_font=\u00bbOpen Sans|600|||||||\u00bb title_font_size=\u00bb16px\u00bb title_line_height=\u00bb1.6em\u00bb body_font=\u00bb||||||||\u00bb body_font_size=\u00bb16px\u00bb body_line_height=\u00bb2em\u00bb background_color=\u00bb#ffffff\u00bb border_width_all=\u00bb0px\u00bb locked=\u00bboff\u00bb]Una vez presentado el Modelo 720 con sus correspondientes obligaciones, este Modelo s\u00f3lo debe presentarse de nuevo cuando, en relaci\u00f3n con una o m\u00e1s de tales obligaciones, se ha producido un aumento de veinte mil euros (\u20ac 20.000) del l\u00edmite establecido en cada bloque de informaci\u00f3n comparado con la \u00faltima declaraci\u00f3n. [\/et_pb_toggle][\/et_pb_column_inner][et_pb_column_inner type=\u00bb1_2&#8243; saved_specialty_column_type=\u00bb3_4&#8243; _builder_version=\u00bb4.7.0&#8243; _module_preset=\u00bbdefault\u00bb][et_pb_toggle title=\u00bb\u00bfCu\u00e1ndo tengo que presentar el Modelo 720?\u00bb open_toggle_text_color=\u00bb#000000&#8243; closed_toggle_text_color=\u00bb#000000&#8243; _builder_version=\u00bb4.7.0&#8243; title_level=\u00bbh2&#8243; title_font=\u00bbOpen Sans|600|||||||\u00bb title_font_size=\u00bb16px\u00bb title_line_height=\u00bb1.6em\u00bb body_font=\u00bb||||||||\u00bb body_font_size=\u00bb16px\u00bb body_line_height=\u00bb2em\u00bb background_color=\u00bb#ffffff\u00bb border_width_all=\u00bb0px\u00bb locked=\u00bboff\u00bb]Tienes que presentar el Modelo 720 si eres residente en Espa\u00f1a y posees bienes en el extranjero cuyo valor, hasta el 31 de diciembre de cada a\u00f1o, exceda los cincuenta mil euros (\u20ac50,000).[\/et_pb_toggle][et_pb_toggle title=\u00bbModelo 720: Si una persona o entidad est\u00e1 obligada a declarar con este Modelo sus cuentas en instituciones financieras, sus valores, derechos, seguros e ingresos en dep\u00f3sito, gestionados o ganados en el extranjero, as\u00ed como las propiedades localizadas en el extranjero junto con los derechos a ellas relacionados, \u00bfpuedo utilizar el mismo Modelo para declarar los tres tipos de activos?\u00bb open_toggle_text_color=\u00bb#000000&#8243; closed_toggle_text_color=\u00bb#000000&#8243; _builder_version=\u00bb4.7.0&#8243; title_level=\u00bbh2&#8243; title_font=\u00bbOpen Sans|600|||||||\u00bb title_font_size=\u00bb16px\u00bb title_line_height=\u00bb1.6em\u00bb body_font=\u00bb||||||||\u00bb body_font_size=\u00bb16px\u00bb body_line_height=\u00bb2em\u00bb background_color=\u00bb#ffffff\u00bb border_width_all=\u00bb0px\u00bb locked=\u00bboff\u00bb]S\u00cd. Cada uno de estsos tres grupos de activos representa una obligaci\u00f3n diferente pero los tres pueden declararse con el mismo formulario. Las tres obligaciones de declaraci\u00f3n pueden, por tanto, cumplirse con el Modelo 720, en el que los contribuyentes deben informar de todos sus activos y derechos.[\/et_pb_toggle][\/et_pb_column_inner][\/et_pb_row_inner][et_pb_row_inner module_id=\u00bbcat4&#8243; _builder_version=\u00bb4.7.0&#8243; _module_preset=\u00bbdefault\u00bb][et_pb_column_inner saved_specialty_column_type=\u00bb3_4&#8243; _builder_version=\u00bb4.7.0&#8243; _module_preset=\u00bbdefault\u00bb][et_pb_text admin_label=\u00bbCategory 4&#8243; _builder_version=\u00bb4.7.0&#8243; _module_preset=\u00bbdefault\u00bb]<\/p>\n<h4><strong>FBAR FinCEN 114<\/strong><\/h4>\n<p>[\/et_pb_text][\/et_pb_column_inner][\/et_pb_row_inner][et_pb_row_inner column_structure=\u00bb1_2,1_2&#8243; _builder_version=\u00bb4.7.0&#8243; _module_preset=\u00bbdefault\u00bb][et_pb_column_inner type=\u00bb1_2&#8243; saved_specialty_column_type=\u00bb3_4&#8243; _builder_version=\u00bb4.7.0&#8243; _module_preset=\u00bbdefault\u00bb][et_pb_toggle title=\u00bbFBAR: \u00bfTengo que declarar mis cuentas en el extranjero?\u00bb open_toggle_text_color=\u00bb#000000&#8243; closed_toggle_text_color=\u00bb#000000&#8243; _builder_version=\u00bb4.7.0&#8243; title_level=\u00bbh2&#8243; title_font=\u00bbOpen Sans|600|||||||\u00bb title_font_size=\u00bb16px\u00bb title_line_height=\u00bb1.6em\u00bb body_font=\u00bb||||||||\u00bb body_font_size=\u00bb16px\u00bb body_line_height=\u00bb2em\u00bb background_color=\u00bb#ffffff\u00bb border_width_all=\u00bb0px\u00bb locked=\u00bboff\u00bb]Todos los ciudadanos estadounidenses y titulares de la trajeta verde que posean m\u00e1s de diez mil d\u00f3lares ($10.000) en cuentas de banco o inversi\u00f3n en el extranjero en cualquier momento del curso fiscal est\u00e1n obligados a declararlas mediante el FBAR (Foreign Bank Account Report) o el FinCEN 114. Es importante no olvidarse de este requerimiento, puesto que las multas por no declarar un FBAR pueden ser ominosas (hasta $10.000), incluso si no conoc\u00edas tu obigaci\u00f3n de declarar. Los FBARs han de presentarse en l\u00ednea al FinCEN (Financial Crime Enforcement Network).[\/et_pb_toggle][\/et_pb_column_inner][et_pb_column_inner type=\u00bb1_2&#8243; saved_specialty_column_type=\u00bb3_4&#8243; _builder_version=\u00bb4.7.0&#8243; _module_preset=\u00bbdefault\u00bb][\/et_pb_column_inner][\/et_pb_row_inner][\/et_pb_column][\/et_pb_section]<\/p>\n","protected":false},"excerpt":{"rendered":"<p>Preguntas y Respuestas FrecuentesEXPLORAR POR CATEGOR\u00cdA &nbsp; Form 1040 Modelo 100 IRPF Modelo 720 FBAR FinCEN 114 Form 1040S\u00cd. Si eres ciudadano estadounidense o titular de la trajeta verde, est\u00e1s obligado a declarar impuestos en los EE.UU todos los a\u00f1os con el Formulario 1040, si tienes ingresos superiores a los diez mil d\u00f3lares ($10.000), o [&hellip;]<\/p>\n","protected":false},"author":6,"featured_media":0,"parent":0,"menu_order":0,"comment_status":"closed","ping_status":"closed","template":"","meta":{"_acf_changed":false,"_et_pb_use_builder":"on","_et_pb_old_content":"","_et_gb_content_width":"","_monsterinsights_skip_tracking":false,"_monsterinsights_sitenote_active":false,"_monsterinsights_sitenote_note":"","_monsterinsights_sitenote_category":0,"footnotes":"","_links_to":"","_links_to_target":""},"class_list":["post-9709","page","type-page","status-publish","hentry"],"acf":[],"_links":{"self":[{"href":"https:\/\/ustaxconsultants.es\/es\/wp-json\/wp\/v2\/pages\/9709","targetHints":{"allow":["GET"]}}],"collection":[{"href":"https:\/\/ustaxconsultants.es\/es\/wp-json\/wp\/v2\/pages"}],"about":[{"href":"https:\/\/ustaxconsultants.es\/es\/wp-json\/wp\/v2\/types\/page"}],"author":[{"embeddable":true,"href":"https:\/\/ustaxconsultants.es\/es\/wp-json\/wp\/v2\/users\/6"}],"replies":[{"embeddable":true,"href":"https:\/\/ustaxconsultants.es\/es\/wp-json\/wp\/v2\/comments?post=9709"}],"version-history":[{"count":0,"href":"https:\/\/ustaxconsultants.es\/es\/wp-json\/wp\/v2\/pages\/9709\/revisions"}],"wp:attachment":[{"href":"https:\/\/ustaxconsultants.es\/es\/wp-json\/wp\/v2\/media?parent=9709"}],"curies":[{"name":"wp","href":"https:\/\/api.w.org\/{rel}","templated":true}]}}